{"id":11091,"date":"2022-11-29T11:32:00","date_gmt":"2022-11-29T10:32:20","guid":{"rendered":"https:\/\/ocardoo.com\/?page_id=11091"},"modified":"2022-12-03T16:57:27","modified_gmt":"2022-12-03T15:57:27","slug":"gutscheine","status":"publish","type":"page","link":"https:\/\/ocardoo.com\/en\/gutscheine\/","title":{"rendered":"Voucher"},"content":{"rendered":"<div data-elementor-type=\"wp-page\" data-elementor-id=\"11091\" class=\"elementor elementor-11091\" data-elementor-post-type=\"page\">\n\t\t\t\t\t\t<section class=\"elementor-section elementor-top-section elementor-element elementor-element-30e2b97 elementor-section-height-full elementor-section-boxed elementor-section-height-default elementor-section-items-middle\" data-id=\"30e2b97\" data-element_type=\"section\" data-settings=\"{&quot;background_background&quot;:&quot;classic&quot;}\">\n\t\t\t\t\t\t<div class=\"elementor-container elementor-column-gap-default\">\n\t\t\t\t\t<div class=\"elementor-column elementor-col-100 elementor-top-column elementor-element elementor-element-23bc338\" data-id=\"23bc338\" data-element_type=\"column\">\n\t\t\t<div class=\"elementor-widget-wrap elementor-element-populated\">\n\t\t\t\t\t\t<div class=\"elementor-element elementor-element-5f411fb elementor-widget elementor-widget-heading\" data-id=\"5f411fb\" data-element_type=\"widget\" data-widget_type=\"heading.default\">\n\t\t\t\t<div class=\"elementor-widget-container\">\n\t\t\t<h1 class=\"elementor-heading-title elementor-size-default\">COMING SOON<\/h1>\t\t<\/div>\n\t\t\t\t<\/div>\n\t\t\t\t<div class=\"elementor-element elementor-element-9c80316 elementor-hidden-desktop elementor-hidden-tablet elementor-widget elementor-widget-image\" data-id=\"9c80316\" data-element_type=\"widget\" data-widget_type=\"image.default\">\n\t\t\t\t<div class=\"elementor-widget-container\">\n\t\t\t\t\t\t\t\t\t\t\t\t\t<img decoding=\"async\" src=\"https:\/\/ocardoo.com\/wp-content\/uploads\/elementor\/thumbs\/WGS_Logo_05-2017_mit-Effekt-4c-pyf752vb7hzn2l5zjgzbue6bevj4lc443g3dx9g0mo.png\" title=\"WGS_Logo_05-2017_mit-Effekt-4c\" alt=\"WGS_Logo_05-2017_mit-Effekt-4c\" loading=\"lazy\" \/>\t\t\t\t\t\t\t\t\t\t\t\t\t<\/div>\n\t\t\t\t<\/div>\n\t\t\t\t<div class=\"elementor-element elementor-element-98f27c3 elementor-widget-divider--view-line elementor-widget elementor-widget-divider\" data-id=\"98f27c3\" data-element_type=\"widget\" data-widget_type=\"divider.default\">\n\t\t\t\t<div class=\"elementor-widget-container\">\n\t\t\t\t\t<div class=\"elementor-divider\">\n\t\t\t<span class=\"elementor-divider-separator\">\n\t\t\t\t\t\t<\/span>\n\t\t<\/div>\n\t\t\t\t<\/div>\n\t\t\t\t<\/div>\n\t\t\t\t<div class=\"elementor-element elementor-element-7dbd65d elementor-widget elementor-widget-spacer\" data-id=\"7dbd65d\" data-element_type=\"widget\" data-widget_type=\"spacer.default\">\n\t\t\t\t<div class=\"elementor-widget-container\">\n\t\t\t\t\t<div class=\"elementor-spacer\">\n\t\t\t<div class=\"elementor-spacer-inner\"><\/div>\n\t\t<\/div>\n\t\t\t\t<\/div>\n\t\t\t\t<\/div>\n\t\t\t\t<div class=\"elementor-element elementor-element-8b9192d elementor-widget elementor-widget-text-editor\" data-id=\"8b9192d\" data-element_type=\"widget\" data-widget_type=\"text-editor.default\">\n\t\t\t\t<div class=\"elementor-widget-container\">\n\t\t\t\t\t\t\t<p><strong>Your group greeting card with WUNSCHGUTSCHEIN voucher<\/strong><\/p>\t\t\t\t\t\t<\/div>\n\t\t\t\t<\/div>\n\t\t\t\t<section class=\"elementor-section elementor-inner-section elementor-element elementor-element-c88c9e1 elementor-section-boxed elementor-section-height-default elementor-section-height-default\" data-id=\"c88c9e1\" data-element_type=\"section\">\n\t\t\t\t\t\t<div class=\"elementor-container elementor-column-gap-default\">\n\t\t\t\t\t<div class=\"elementor-column elementor-col-50 elementor-inner-column elementor-element elementor-element-f44d9ef\" data-id=\"f44d9ef\" data-element_type=\"column\">\n\t\t\t<div class=\"elementor-widget-wrap elementor-element-populated\">\n\t\t\t\t\t\t<div class=\"elementor-element elementor-element-85107fc elementor-widget elementor-widget-text-editor\" data-id=\"85107fc\" data-element_type=\"widget\" data-widget_type=\"text-editor.default\">\n\t\t\t\t<div class=\"elementor-widget-container\">\n\t\t\t\t\t\t\t<p>Very soon, you can participate in the voucher of Wunschgutschein.de with any amount via the greeting card link. At the end of the term, a voucher is created for the total amount collected and sent together with your group greeting card!<\/p>\t\t\t\t\t\t<\/div>\n\t\t\t\t<\/div>\n\t\t\t\t\t<\/div>\n\t\t<\/div>\n\t\t\t\t<div class=\"elementor-column elementor-col-50 elementor-inner-column elementor-element elementor-element-363f7e3\" data-id=\"363f7e3\" data-element_type=\"column\">\n\t\t\t<div class=\"elementor-widget-wrap elementor-element-populated\">\n\t\t\t\t\t\t<div class=\"elementor-element elementor-element-86eaf86 elementor-widget elementor-widget-image\" data-id=\"86eaf86\" data-element_type=\"widget\" data-widget_type=\"image.default\">\n\t\t\t\t<div class=\"elementor-widget-container\">\n\t\t\t\t\t\t\t\t\t\t\t\t\t<img fetchpriority=\"high\" decoding=\"async\" width=\"800\" height=\"224\" src=\"https:\/\/ocardoo.com\/wp-content\/uploads\/2022\/11\/WGS_Logo_05-2017_mit-Effekt-4c-1024x287.png\" class=\"attachment-large size-large wp-image-11094\" alt=\"\" srcset=\"https:\/\/ocardoo.com\/wp-content\/uploads\/2022\/11\/WGS_Logo_05-2017_mit-Effekt-4c-1024x287.png 1024w, https:\/\/ocardoo.com\/wp-content\/uploads\/2022\/11\/WGS_Logo_05-2017_mit-Effekt-4c-300x84.png 300w, https:\/\/ocardoo.com\/wp-content\/uploads\/2022\/11\/WGS_Logo_05-2017_mit-Effekt-4c-768x215.png 768w, https:\/\/ocardoo.com\/wp-content\/uploads\/2022\/11\/WGS_Logo_05-2017_mit-Effekt-4c-18x5.png 18w, https:\/\/ocardoo.com\/wp-content\/uploads\/2022\/11\/WGS_Logo_05-2017_mit-Effekt-4c-700x196.png 700w, https:\/\/ocardoo.com\/wp-content\/uploads\/2022\/11\/WGS_Logo_05-2017_mit-Effekt-4c.png 1480w\" sizes=\"(max-width: 800px) 100vw, 800px\" \/>\t\t\t\t\t\t\t\t\t\t\t\t\t<\/div>\n\t\t\t\t<\/div>\n\t\t\t\t\t<\/div>\n\t\t<\/div>\n\t\t\t\t\t<\/div>\n\t\t<\/section>\n\t\t\t\t<div class=\"elementor-element elementor-element-e598abd elementor-widget elementor-widget-spacer\" data-id=\"e598abd\" data-element_type=\"widget\" data-widget_type=\"spacer.default\">\n\t\t\t\t<div class=\"elementor-widget-container\">\n\t\t\t\t\t<div class=\"elementor-spacer\">\n\t\t\t<div class=\"elementor-spacer-inner\"><\/div>\n\t\t<\/div>\n\t\t\t\t<\/div>\n\t\t\t\t<\/div>\n\t\t\t\t\t<\/div>\n\t\t<\/div>\n\t\t\t\t\t<\/div>\n\t\t<\/section>\n\t\t\t\t<\/div>","protected":false},"excerpt":{"rendered":"<p>COMING SOON Eure Gruppen-Gru\u00dfkarte mit Wunschgutschein-Gutschein Schon ganz bald, k\u00f6nnt ihr \u00fcber den Gru\u00dfkartenlink euch an dem Gutschein von Wunschgutschein.de mit einem beliebigen Betrag beteiligen. Am Ende der Laufzeit wird [&hellip;]<\/p>","protected":false},"author":20,"featured_media":0,"parent":0,"menu_order":22,"comment_status":"closed","ping_status":"closed","template":"","meta":{"_acf_changed":false,"inline_featured_image":false,"footnotes":""},"class_list":["post-11091","page","type-page","status-publish","hentry"],"acf":[],"_links":{"self":[{"href":"https:\/\/ocardoo.com\/en\/wp-json\/wp\/v2\/pages\/11091","targetHints":{"allow":["GET"]}}],"collection":[{"href":"https:\/\/ocardoo.com\/en\/wp-json\/wp\/v2\/pages"}],"about":[{"href":"https:\/\/ocardoo.com\/en\/wp-json\/wp\/v2\/types\/page"}],"author":[{"embeddable":true,"href":"https:\/\/ocardoo.com\/en\/wp-json\/wp\/v2\/users\/20"}],"replies":[{"embeddable":true,"href":"https:\/\/ocardoo.com\/en\/wp-json\/wp\/v2\/comments?post=11091"}],"version-history":[{"count":16,"href":"https:\/\/ocardoo.com\/en\/wp-json\/wp\/v2\/pages\/11091\/revisions"}],"predecessor-version":[{"id":11214,"href":"https:\/\/ocardoo.com\/en\/wp-json\/wp\/v2\/pages\/11091\/revisions\/11214"}],"wp:attachment":[{"href":"https:\/\/ocardoo.com\/en\/wp-json\/wp\/v2\/media?parent=11091"}],"curies":[{"name":"wp","href":"https:\/\/api.w.org\/{rel}","templated":true}]}}