{"id":12025,"date":"2022-12-24T13:00:00","date_gmt":"2022-12-24T12:00:02","guid":{"rendered":"https:\/\/ocardoo.com\/?page_id=12025"},"modified":"2025-01-29T17:17:50","modified_gmt":"2025-01-29T16:17:50","slug":"produkte-happy-card","status":"publish","type":"page","link":"https:\/\/ocardoo.com\/en\/produkte-happy-card\/","title":{"rendered":"Produkte Happy Card"},"content":{"rendered":"<div data-elementor-type=\"wp-page\" data-elementor-id=\"12025\" class=\"elementor elementor-12025\" data-elementor-post-type=\"page\">\n\t\t\t\t\t\t<section class=\"elementor-section elementor-top-section elementor-element elementor-element-e554711 elementor-section-boxed elementor-section-height-default elementor-section-height-default\" data-id=\"e554711\" data-element_type=\"section\" data-settings=\"{&quot;background_background&quot;:&quot;classic&quot;}\">\n\t\t\t\t\t\t<div class=\"elementor-container elementor-column-gap-default\">\n\t\t\t\t\t<div class=\"elementor-column elementor-col-100 elementor-top-column elementor-element elementor-element-4aa7257\" data-id=\"4aa7257\" data-element_type=\"column\">\n\t\t\t<div class=\"elementor-widget-wrap elementor-element-populated\">\n\t\t\t\t\t\t<div class=\"elementor-element elementor-element-f072b6a elementor-widget elementor-widget-text-editor\" data-id=\"f072b6a\" data-element_type=\"widget\" data-widget_type=\"text-editor.default\">\n\t\t\t\t<div class=\"elementor-widget-container\">\n\t\t\t\t\t\t\t<p>FREE SHIPPING FROM 149 \u20ac PURCHASE VALUE WITHIN GERMANY!<\/p>\t\t\t\t\t\t<\/div>\n\t\t\t\t<\/div>\n\t\t\t\t\t<\/div>\n\t\t<\/div>\n\t\t\t\t\t<\/div>\n\t\t<\/section>\n\t\t\t\t<section class=\"elementor-section elementor-top-section elementor-element elementor-element-4c612a6 elementor-section-boxed elementor-section-height-default elementor-section-height-default\" data-id=\"4c612a6\" data-element_type=\"section\">\n\t\t\t\t\t\t<div class=\"elementor-container elementor-column-gap-default\">\n\t\t\t\t\t<div class=\"elementor-column elementor-col-100 elementor-top-column elementor-element elementor-element-4265e32\" data-id=\"4265e32\" data-element_type=\"column\">\n\t\t\t<div class=\"elementor-widget-wrap elementor-element-populated\">\n\t\t\t\t\t\t<div class=\"elementor-element elementor-element-ec19915 elementor-widget elementor-widget-spacer\" data-id=\"ec19915\" data-element_type=\"widget\" data-widget_type=\"spacer.default\">\n\t\t\t\t<div class=\"elementor-widget-container\">\n\t\t\t\t\t<div class=\"elementor-spacer\">\n\t\t\t<div class=\"elementor-spacer-inner\"><\/div>\n\t\t<\/div>\n\t\t\t\t<\/div>\n\t\t\t\t<\/div>\n\t\t\t\t<div class=\"elementor-element elementor-element-147e96b elementor-widget elementor-widget-heading\" data-id=\"147e96b\" data-element_type=\"widget\" data-widget_type=\"heading.default\">\n\t\t\t\t<div class=\"elementor-widget-container\">\n\t\t\t<h1 class=\"elementor-heading-title elementor-size-default\">All Videobooks<\/h1>\t\t<\/div>\n\t\t\t\t<\/div>\n\t\t\t\t<div class=\"elementor-element elementor-element-2b6108c elementor-widget elementor-widget-spacer\" data-id=\"2b6108c\" data-element_type=\"widget\" data-widget_type=\"spacer.default\">\n\t\t\t\t<div class=\"elementor-widget-container\">\n\t\t\t\t\t<div class=\"elementor-spacer\">\n\t\t\t<div class=\"elementor-spacer-inner\"><\/div>\n\t\t<\/div>\n\t\t\t\t<\/div>\n\t\t\t\t<\/div>\n\t\t\t\t<div class=\"elementor-element elementor-element-42d1f8c elementor-widget elementor-widget-text-editor\" data-id=\"42d1f8c\" data-element_type=\"widget\" data-widget_type=\"text-editor.default\">\n\t\t\t\t<div class=\"elementor-widget-container\">\n\t\t\t\t\t\t\t<p>Bring memories to life!<\/p>\t\t\t\t\t\t<\/div>\n\t\t\t\t<\/div>\n\t\t\t\t<div class=\"elementor-element elementor-element-f1832a4 elementor-widget elementor-widget-text-editor\" data-id=\"f1832a4\" data-element_type=\"widget\" data-widget_type=\"text-editor.default\">\n\t\t\t\t<div class=\"elementor-widget-container\">\n\t\t\t\t\t\t\t<p>Let Happy Card tell your story! Premium video books with display and audio<\/p>\t\t\t\t\t\t<\/div>\n\t\t\t\t<\/div>\n\t\t\t\t<div class=\"elementor-element elementor-element-67f2c5b elementor-widget elementor-widget-spacer\" data-id=\"67f2c5b\" data-element_type=\"widget\" data-widget_type=\"spacer.default\">\n\t\t\t\t<div class=\"elementor-widget-container\">\n\t\t\t\t\t<div class=\"elementor-spacer\">\n\t\t\t<div class=\"elementor-spacer-inner\"><\/div>\n\t\t<\/div>\n\t\t\t\t<\/div>\n\t\t\t\t<\/div>\n\t\t\t\t<div class=\"elementor-element elementor-element-606cfff elementor-grid-4 elementor-grid-tablet-3 elementor-grid-mobile-2 elementor-products-grid elementor-wc-products elementor-widget elementor-widget-woocommerce-products\" data-id=\"606cfff\" data-element_type=\"widget\" data-widget_type=\"woocommerce-products.default\">\n\t\t\t\t<div class=\"elementor-widget-container\">\n\t\t\t<div class=\"woocommerce columns-4\"><ul class=\"products elementor-grid columns-4\">\n<li class=\"product type-product post-18053 status-publish first instock product_cat-video-grusskarte product_tag-blanko product_tag-geschenk product_tag-happy-card product_tag-happycard product_tag-hochzeit product_tag-hochzeitsgeschenk product_tag-leinen product_tag-personalisiert product_tag-video product_tag-video-grusskarte product_tag-videobroschuere product_tag-videobuch product_tag-videogrusskarte product_tag-videokarte product_tag-wedding has-post-thumbnail sale taxable shipping-taxable purchasable product-type-simple\">\n\t<div class=\"tinv-wraper woocommerce tinv-wishlist tinvwl-above_thumb-add-to-cart tinvwl-loop-button-wrapper\"\n\t data-tinvwl_product_id=\"18053\">\n\t<a role=\"button\" tabindex=\"0\" aria-label=\"On the wish list\" class=\"tinvwl_add_to_wishlist_button tinvwl-icon-heart icon-white no-txt  tinvwl-position-above_thumb tinvwl-loop\" data-tinv-wl-list=\"[]\" data-tinv-wl-product=\"18053\" data-tinv-wl-productvariation=\"0\" data-tinv-wl-productvariations=\"[0]\" data-tinv-wl-producttype=\"simple\" data-tinv-wl-action=\"add\"><\/a>\t\t<div class=\"tinvwl-tooltip\">On the wish list<\/div>\n<\/div>\n\n\n\n\n\t<p class=\"wc-gzd-additional-info wc-gzd-additional-info-loop tax-info\">incl. 19% VAT<\/p>\n\n\t<p class=\"wc-gzd-additional-info wc-gzd-additional-info-loop shipping-costs-info\">plus <a href=\"\" target=\"_blank\">Shipping costs<\/a><\/p>\n\n\n<\/li>\n<li class=\"product type-product post-17084 status-publish instock product_cat-video-grusskarte product_tag-blanko product_tag-geschenk product_tag-happy-card product_tag-happycard product_tag-hochzeit product_tag-hochzeitsgeschenk product_tag-leinen product_tag-schwarz product_tag-schwarz-leinen product_tag-video product_tag-video-grusskarte product_tag-videobuch product_tag-videogrusskarte product_tag-videokarte product_tag-wedding has-post-thumbnail taxable shipping-taxable purchasable product-type-simple\">\n\t<div class=\"tinv-wraper woocommerce tinv-wishlist tinvwl-above_thumb-add-to-cart tinvwl-loop-button-wrapper\"\n\t data-tinvwl_product_id=\"17084\">\n\t<a role=\"button\" tabindex=\"0\" aria-label=\"On the wish list\" class=\"tinvwl_add_to_wishlist_button tinvwl-icon-heart icon-white no-txt  tinvwl-position-above_thumb tinvwl-loop\" data-tinv-wl-list=\"[]\" data-tinv-wl-product=\"17084\" data-tinv-wl-productvariation=\"0\" data-tinv-wl-productvariations=\"[0]\" data-tinv-wl-producttype=\"simple\" data-tinv-wl-action=\"add\"><\/a>\t\t<div class=\"tinvwl-tooltip\">On the wish list<\/div>\n<\/div>\n\n\n\n\n\t<p class=\"wc-gzd-additional-info wc-gzd-additional-info-loop tax-info\">incl. 19% VAT<\/p>\n\n\t<p class=\"wc-gzd-additional-info wc-gzd-additional-info-loop shipping-costs-info\">plus <a href=\"\" target=\"_blank\">Shipping costs<\/a><\/p>\n\n\n<\/li>\n<li class=\"product type-product post-17054 status-publish outofstock product_cat-video-grusskarte product_tag-blanko product_tag-blau-leinen product_tag-geschenk product_tag-grau product_tag-happy-card product_tag-happycard product_tag-hochzeit product_tag-hochzeitsgeschenk product_tag-leinen product_tag-navy-blau product_tag-video product_tag-video-grusskarte product_tag-videobuch product_tag-videogrusskarte product_tag-videokarte product_tag-wedding has-post-thumbnail sale taxable shipping-taxable purchasable product-type-simple\">\n\t<div class=\"tinv-wraper woocommerce tinv-wishlist tinvwl-above_thumb-add-to-cart tinvwl-loop-button-wrapper\"\n\t data-tinvwl_product_id=\"17054\">\n\t<a role=\"button\" tabindex=\"0\" aria-label=\"On the wish list\" class=\"tinvwl_add_to_wishlist_button tinvwl-icon-heart icon-white no-txt  tinvwl-position-above_thumb tinvwl-loop\" data-tinv-wl-list=\"[]\" data-tinv-wl-product=\"17054\" data-tinv-wl-productvariation=\"0\" data-tinv-wl-productvariations=\"[0]\" data-tinv-wl-producttype=\"simple\" data-tinv-wl-action=\"add\"><\/a>\t\t<div class=\"tinvwl-tooltip\">On the wish list<\/div>\n<\/div>\n\n\n\n\n\t<p class=\"wc-gzd-additional-info wc-gzd-additional-info-loop tax-info\">incl. 19% VAT<\/p>\n\n\t<p class=\"wc-gzd-additional-info wc-gzd-additional-info-loop shipping-costs-info\">plus <a href=\"\" target=\"_blank\">Shipping costs<\/a><\/p>\n\n\n<\/li>\n<li class=\"product type-product post-17028 status-publish last onbackorder product_cat-video-grusskarte product_tag-blanko product_tag-geschenk product_tag-grau product_tag-grau-leinen product_tag-happy-card product_tag-happycard product_tag-hochzeit product_tag-hochzeitsgeschenk product_tag-leinen product_tag-video product_tag-video-grusskarte product_tag-videobuch product_tag-videogrusskarte product_tag-videokarte product_tag-wedding has-post-thumbnail taxable shipping-taxable purchasable product-type-simple\">\n\t<div class=\"tinv-wraper woocommerce tinv-wishlist tinvwl-above_thumb-add-to-cart tinvwl-loop-button-wrapper\"\n\t data-tinvwl_product_id=\"17028\">\n\t<a role=\"button\" tabindex=\"0\" aria-label=\"On the wish list\" class=\"tinvwl_add_to_wishlist_button tinvwl-icon-heart icon-white no-txt  tinvwl-position-above_thumb tinvwl-loop\" data-tinv-wl-list=\"[]\" data-tinv-wl-product=\"17028\" data-tinv-wl-productvariation=\"0\" data-tinv-wl-productvariations=\"[0]\" data-tinv-wl-producttype=\"simple\" data-tinv-wl-action=\"add\"><\/a>\t\t<div class=\"tinvwl-tooltip\">On the wish list<\/div>\n<\/div>\n\n\n\n\n\t<p class=\"wc-gzd-additional-info wc-gzd-additional-info-loop tax-info\">incl. 19% VAT<\/p>\n\n\t<p class=\"wc-gzd-additional-info wc-gzd-additional-info-loop shipping-costs-info\">plus <a href=\"\" target=\"_blank\">Shipping costs<\/a><\/p>\n\n\n<\/li>\n<li class=\"product type-product post-12640 status-publish first outofstock product_cat-video-grusskarte product_tag-blanko product_tag-geschenk product_tag-happy-card product_tag-happycard product_tag-hochzeit product_tag-hochzeitsgeschenk product_tag-leinen product_tag-personalisiert product_tag-video product_tag-video-grusskarte product_tag-videobuch product_tag-videogrusskarte product_tag-videokarte product_tag-wedding has-post-thumbnail sale taxable shipping-taxable purchasable product-type-simple\">\n\t<div class=\"tinv-wraper woocommerce tinv-wishlist tinvwl-above_thumb-add-to-cart tinvwl-loop-button-wrapper\"\n\t data-tinvwl_product_id=\"12640\">\n\t<a role=\"button\" tabindex=\"0\" aria-label=\"On the wish list\" class=\"tinvwl_add_to_wishlist_button tinvwl-icon-heart icon-white no-txt  tinvwl-position-above_thumb tinvwl-loop\" data-tinv-wl-list=\"[]\" data-tinv-wl-product=\"12640\" data-tinv-wl-productvariation=\"0\" data-tinv-wl-productvariations=\"[0]\" data-tinv-wl-producttype=\"simple\" data-tinv-wl-action=\"add\"><\/a>\t\t<div class=\"tinvwl-tooltip\">On the wish list<\/div>\n<\/div>\n\n\n\n\n\t<p class=\"wc-gzd-additional-info wc-gzd-additional-info-loop tax-info\">incl. 19% VAT<\/p>\n\n\t<p class=\"wc-gzd-additional-info wc-gzd-additional-info-loop shipping-costs-info\">plus <a href=\"\" target=\"_blank\">Shipping costs<\/a><\/p>\n\n\n<\/li>\n<li class=\"product type-product post-12620 status-publish outofstock product_cat-video-grusskarte product_tag-blanko product_tag-geschenk product_tag-happy-card product_tag-happycard product_tag-hochzeit product_tag-hochzeitsgeschenk product_tag-leinen product_tag-video product_tag-video-grusskarte product_tag-videobuch product_tag-videogrusskarte product_tag-videokarte product_tag-wedding has-post-thumbnail taxable shipping-taxable purchasable product-type-simple\">\n\t<div class=\"tinv-wraper woocommerce tinv-wishlist tinvwl-above_thumb-add-to-cart tinvwl-loop-button-wrapper\"\n\t data-tinvwl_product_id=\"12620\">\n\t<a role=\"button\" tabindex=\"0\" aria-label=\"On the wish list\" class=\"tinvwl_add_to_wishlist_button tinvwl-icon-heart icon-white no-txt  tinvwl-position-above_thumb tinvwl-loop\" data-tinv-wl-list=\"[]\" data-tinv-wl-product=\"12620\" data-tinv-wl-productvariation=\"0\" data-tinv-wl-productvariations=\"[0]\" data-tinv-wl-producttype=\"simple\" data-tinv-wl-action=\"add\"><\/a>\t\t<div class=\"tinvwl-tooltip\">On the wish list<\/div>\n<\/div>\n\n\n\n\n\t<p class=\"wc-gzd-additional-info wc-gzd-additional-info-loop tax-info\">incl. 19% VAT<\/p>\n\n\t<p class=\"wc-gzd-additional-info wc-gzd-additional-info-loop shipping-costs-info\">plus <a href=\"\" target=\"_blank\">Shipping costs<\/a><\/p>\n\n\n<\/li>\n<li class=\"product type-product post-12483 status-publish outofstock product_cat-video-grusskarte product_tag-happy-card product_tag-happycard product_tag-hochzeit product_tag-hochzeitsgeschenk product_tag-leinen product_tag-video product_tag-video-grusskarte product_tag-videobuch product_tag-videogrusskarte product_tag-videokarte product_tag-wedding has-post-thumbnail sale taxable shipping-taxable purchasable product-type-simple\">\n\t<div class=\"tinv-wraper woocommerce tinv-wishlist tinvwl-above_thumb-add-to-cart tinvwl-loop-button-wrapper\"\n\t data-tinvwl_product_id=\"12483\">\n\t<a role=\"button\" tabindex=\"0\" aria-label=\"On the wish list\" class=\"tinvwl_add_to_wishlist_button tinvwl-icon-heart icon-white no-txt  tinvwl-position-above_thumb tinvwl-loop\" data-tinv-wl-list=\"[]\" data-tinv-wl-product=\"12483\" data-tinv-wl-productvariation=\"0\" data-tinv-wl-productvariations=\"[0]\" data-tinv-wl-producttype=\"simple\" data-tinv-wl-action=\"add\"><\/a>\t\t<div class=\"tinvwl-tooltip\">On the wish list<\/div>\n<\/div>\n\n\n\n\n\t<p class=\"wc-gzd-additional-info wc-gzd-additional-info-loop tax-info\">incl. 19% VAT<\/p>\n\n\t<p class=\"wc-gzd-additional-info wc-gzd-additional-info-loop shipping-costs-info\">plus <a href=\"\" target=\"_blank\">Shipping costs<\/a><\/p>\n\n\n<\/li>\n<\/ul>\n<\/div>\t\t<\/div>\n\t\t\t\t<\/div>\n\t\t\t\t\t<\/div>\n\t\t<\/div>\n\t\t\t\t\t<\/div>\n\t\t<\/section>\n\t\t\t\t<\/div>","protected":false},"excerpt":{"rendered":"<p>KOSTENLOSER VERSAND AB 149 \u20ac EINKAUFSWERT INNERHALB DEUTSCHLAND! Alle Videob\u00fccher Erinnerungen zum Leben erwecken! Lass Happy Card deine Geschichte erz\u00e4hlen! Premium Videob\u00fccher mit Display und Audio<\/p>","protected":false},"author":20,"featured_media":0,"parent":0,"menu_order":29,"comment_status":"closed","ping_status":"closed","template":"","meta":{"_acf_changed":false,"inline_featured_image":false,"footnotes":""},"class_list":["post-12025","page","type-page","status-publish","hentry"],"acf":[],"_links":{"self":[{"href":"https:\/\/ocardoo.com\/en\/wp-json\/wp\/v2\/pages\/12025","targetHints":{"allow":["GET"]}}],"collection":[{"href":"https:\/\/ocardoo.com\/en\/wp-json\/wp\/v2\/pages"}],"about":[{"href":"https:\/\/ocardoo.com\/en\/wp-json\/wp\/v2\/types\/page"}],"author":[{"embeddable":true,"href":"https:\/\/ocardoo.com\/en\/wp-json\/wp\/v2\/users\/20"}],"replies":[{"embeddable":true,"href":"https:\/\/ocardoo.com\/en\/wp-json\/wp\/v2\/comments?post=12025"}],"version-history":[{"count":115,"href":"https:\/\/ocardoo.com\/en\/wp-json\/wp\/v2\/pages\/12025\/revisions"}],"predecessor-version":[{"id":18862,"href":"https:\/\/ocardoo.com\/en\/wp-json\/wp\/v2\/pages\/12025\/revisions\/18862"}],"wp:attachment":[{"href":"https:\/\/ocardoo.com\/en\/wp-json\/wp\/v2\/media?parent=12025"}],"curies":[{"name":"wp","href":"https:\/\/api.w.org\/{rel}","templated":true}]}}