{"id":681,"date":"2021-06-30T09:34:00","date_gmt":"2021-06-30T07:34:41","guid":{"rendered":"https:\/\/ocardoo.com\/agb\/"},"modified":"2023-06-23T17:00:34","modified_gmt":"2023-06-23T15:00:34","slug":"agb","status":"publish","type":"page","link":"https:\/\/ocardoo.com\/en\/agb\/","title":{"rendered":"AGB"},"content":{"rendered":"<div data-elementor-type=\"wp-page\" data-elementor-id=\"681\" class=\"elementor elementor-681\" data-elementor-post-type=\"page\">\n\t\t\t\t\t\t<section class=\"elementor-section elementor-top-section elementor-element elementor-element-22e3eab elementor-section-boxed elementor-section-height-default elementor-section-height-default\" data-id=\"22e3eab\" data-element_type=\"section\">\n\t\t\t\t\t\t<div class=\"elementor-container elementor-column-gap-default\">\n\t\t\t\t\t<div class=\"elementor-column elementor-col-100 elementor-top-column elementor-element elementor-element-837b580\" data-id=\"837b580\" data-element_type=\"column\">\n\t\t\t<div class=\"elementor-widget-wrap elementor-element-populated\">\n\t\t\t\t\t\t<div class=\"elementor-element elementor-element-c30599b elementor-widget elementor-widget-text-editor\" data-id=\"c30599b\" data-element_type=\"widget\" data-widget_type=\"text-editor.default\">\n\t\t\t\t<div class=\"elementor-widget-container\">\n\t\t\t\t\t\t\t<p><span style=\"font-size: 18px;\"><strong>General Terms and Conditions and Customer Information<\/strong><\/span><\/p><p><span style=\"font-size: 16px;\"><strong>I. General Terms and Conditions<\/strong><\/span><\/p><p><strong><span style=\"font-size: medium;\">\u00a7 1 Basic provisions<\/span><\/strong><\/p><p><span style=\"font-size: 16px;\"><span style=\"font-size: 14px;\"><strong>(1)<\/strong>\u00a0 The following terms and conditions apply to contracts that you conclude with us as a supplier. <strong>(Leyendecker &amp; Leyendecker GbR) <\/strong>via the website www.ocardoo.com. Unless otherwise agreed, we object to the inclusion of any terms and conditions of your own that you may use.<br \/><\/span><\/span><\/p><p><span style=\"font-size: 14px;\"><strong>(2)<\/strong> A consumer within the meaning of the following provisions is any natural person who enters into a legal transaction for purposes that can predominantly be attributed neither to his or her commercial nor to his or her independent professional activity. An entrepreneur is any natural or legal person or a partnership with legal capacity who, when concluding a legal transaction, acts in the exercise of his or her independent professional or commercial activity.<br \/><\/span><\/p><p><span style=\"font-size: 16px;\"><strong>\u00a7 2 <\/strong><strong>Formation of the contract<\/strong><\/span><\/p><p><span style=\"font-size: 14px;\"><strong>(1)<\/strong> The subject of the contract is the sale of digital content (data created and provided in digital form).<br \/><\/span><\/p><p><span style=\"font-size: 14px;\"><strong>(2)<\/strong> Already by placing the respective digital content on our website, we submit a binding offer to conclude a contract via the online shopping basket system on the terms and conditions stated in the item description.<br \/><\/span><\/p><p><span style=\"font-size: 14px;\"><strong>(3) <\/strong>The contract is concluded via the online shopping basket system as follows:<br \/><\/span><span style=\"font-size: 14px;\">The digital contents intended for purchase are placed in the \"shopping cart\". You can call up the \"shopping cart\" via the corresponding button in the navigation bar and make changes there at any time. After calling up the \"Checkout\" page and entering your personal data and the terms of payment, the order data will finally be displayed as an order overview. <br \/>If you use an instant payment system (e.g. PayPal \/ PayPal Express, Amazon Payments, Sofort) as a payment method, you will either be directed to the order overview page in our online shop or to the website of the instant payment system provider.<br \/>If you are redirected to the respective instant payment system, make the corresponding selection or enter your data there. Finally, the order data will be displayed as an order overview on the website of the provider of the instant payment system or after you have been redirected back to our online shop.\u00a0<br \/>Before submitting the order, you have the option of checking the details in the order overview again, changing them (also via the \"back\" function of the Internet browser) or cancelling the order.<br \/>Mit dem Absenden der Bestellung \u00fcber die entsprechende Schaltfl\u00e4che (&#8222;zahlungspflichtig bestellen&#8220; oder \u00e4hnliche Bezeichnung) erkl\u00e4ren Sie rechtsverbindlich die Annahme des Angebotes, wodurch der Vertrag zustande kommt.<\/span><\/p><p><strong><span style=\"font-size: 14px;\">(4) <\/span><\/strong><span style=\"font-size: 14px;\">Your requests for the preparation of an offer are non-binding for you. We will submit a binding offer to you in text form (e.g. by e-mail), which you can accept within 5 days (unless a different deadline is stated in the respective offer).\u00a0 <br \/><\/span><\/p><p><strong><span style=\"font-size: 14px;\">(5) <\/span><\/strong><span style=\"font-size: 14px;\">The processing of the order and transmission of all information required in connection with the conclusion of the contract is partly automated by e-mail. You must therefore ensure that the e-mail address you have provided to us is correct, that the receipt of the e-mails is technically guaranteed and, in particular, that it is not prevented by SPAM filters.<\/span><\/p><p><span style=\"font-size: 16px;\"><strong>\u00a7 3 Licence of use for digital content<br \/><\/strong><\/span><\/p><p><span style=\"font-size: 14px;\"><strong>(1)<\/strong> The digital content offered is protected by copyright. You will receive a usage licence from the respective licensor for each digital content purchased from us. The type and scope of the licence of use result from the terms and conditions stated in the respective offer. <\/span><span style=\"font-size: 14px;\">Licence conditions. <\/span><\/p><p><span style=\"font-size: 14px;\"><strong><span style=\"font-size: 16px;\">\u00a7 4 Individually designed digital content<\/span><\/strong><\/span><\/p><p><strong>(1)<\/strong>\u00a0You shall provide us with the suitable information, texts or files required for the individual design of the digital content via the online ordering system or by e-mail at the latest immediately after conclusion of the contract. Our specifications regarding file formats, if any, shall be observed.<\/p><p><strong>(2)<\/strong>\u00a0You undertake not to transmit any data whose content infringes the rights of third parties (in particular copyrights, rights to a name, trademark rights) or violates existing laws. You expressly indemnify us against all claims asserted by third parties in this connection. This also applies to the costs of legal representation required in this context.<\/p><p><strong>(3)<\/strong>\u00a0We do not check the transmitted data for correctness of content and therefore assume no liability for errors.<\/p><p><strong>(4)<\/strong>\u00a0Insofar as stated in the respective offer, you will receive a draft correction from us, which you must check without delay. If you agree with the draft, you release the draft for execution by countersigning it in text form (e.g. e-mail).<br \/>Design work will not be carried out without your approval.<br \/>It is your responsibility to check the proof for accuracy and completeness and to notify us of any errors. We accept no liability for errors that are not objected to.<\/p><p><span style=\"font-size: 16px;\"><strong>\u00a7 5<\/strong><\/span><span style=\"font-size: 16px;\"><strong> Special agreements on payment methods offered<br \/><\/strong><\/span><\/p><p><span style=\"font-size: 14px;\"><strong>(1) Payment via Klarna<\/strong><br \/>In collaboration with <a href=\"https:\/\/www.klarna.com\/de\/\" target=\"_blank\" rel=\"noopener\">Klarna Bank AB (publ)<\/a>, Sveav\u00e4gen 46, 111 34 Stockholm, Sweden, we offer the following payment options. The payment is made to Klarna in each case:<br \/><\/span><\/p><ul><li><span style=\"font-size: 14px;\"><strong>Invoice:<\/strong> The payment period is 14 days from the date of dispatch of the goods\/ticket\/ or, in the case of other services, the provision of the service. The full billing terms for the countries where this payment method is available can be found here: <a href=\"https:\/\/cdn.klarna.com\/1.0\/shared\/content\/legal\/terms\/0\/de_de\/invoice\" target=\"_blank\" rel=\"noopener\">Germany<\/a>.<\/span><\/li><\/ul><ul><li><p dir=\"ltr\"><span style=\"font-size: 14px;\"><strong>Instant bank transfer:<\/strong> Available in Germany. Your account will be debited immediately after placing the order.<br \/><\/span><\/p><\/li><\/ul><ul><li><span style=\"font-size: 14px;\"><strong>Direct debit:<\/strong> The debit will be made after the goods have been dispatched. The date will be notified to you by e-mail<\/span><span style=\"font-size: 14px;\"> communicated.<\/span><\/li><li><p><strong>Credit card (Visa\/Mastercard): <\/strong>Verf\u00fcgbar in Deutschland. Die Abbuchung erfolgt nach Versand der Ware oder Tickets \/ Verf\u00fcgbarkeit des Services oder im Falle eines Abonnements entsprechend der kommunizierten Zeiten.<\/p><\/li><\/ul><p><span style=\"font-size: 14px;\">The use of the payment methods invoice and\/or instalment purchase and\/or direct debit requires a positive credit check. In this respect, we forward your data to Klarna for the purpose of the address and creditworthiness check as part of the purchase initiation and processing of the purchase contract. Please understand that we can only offer you those payment methods that are permissible based on the results of the credit check.<\/span><\/p><p><span style=\"font-size: 14px;\"><br \/><\/span><span style=\"font-size: 14px;\">For more information and Klarna's terms of use, see <a href=\"https:\/\/cdn.klarna.com\/1.0\/shared\/content\/legal\/terms\/0\/de_de\/user\" target=\"_blank\" rel=\"noopener\">here<\/a>. You can get general information about Klarna <a href=\"https:\/\/www.klarna.com\/de\/\" target=\"_blank\" rel=\"noopener\">here<\/a>. Your personal information will be processed by Klarna in accordance with applicable data protection laws and as set out in <a href=\"https:\/\/cdn.klarna.com\/1.0\/shared\/content\/legal\/terms\/0\/de_de\/privacy\" target=\"_blank\" rel=\"noopener\">Klarna's privacy policy<\/a> treated.<\/span><\/p><p><span style=\"font-size: 14px;\">You can find more information about Klarna <a href=\"https:\/\/www.klarna.com\/de\/smoooth-mehrzuklarna\/\" target=\"_blank\" rel=\"noopener\">here<\/a>. You can find the Klarna App <a href=\"https:\/\/www.klarna.com\/de\/klarna-app\/\" target=\"_blank\" rel=\"noopener\">here<\/a>. <br \/><\/span><\/p><p><strong><span style=\"font-size: 16px;\">\u00a7 6 Right of retention<\/span><\/strong><\/p><p><span style=\"font-size: 14px;\">You can only exercise a right of retention insofar as it concerns claims from the same contractual relationship.<\/span><\/p><p><strong><span style=\"font-size: 16px;\">\u00a7 7 Choice of law<\/span><\/strong><\/p><p><span style=\"font-size: 14px;\"><strong>(1)\u00a0 <\/strong>German law shall apply. In the case of consumers, this choice of law shall only apply insofar as the protection granted by mandatory provisions of the law of the state of the consumer's habitual residence is not withdrawn as a result (favourability principle). <br \/><\/span><\/p><p><span style=\"font-size: 14px;\"><strong>(2)<\/strong>\u00a0 The provisions of the UN Convention on Contracts for the International Sale of Goods shall expressly not apply.<\/span><\/p><hr \/><p><strong><span style=\"font-size: 16px;\">II. customer information <\/span><\/strong><\/p><p><span style=\"font-size: 16px;\"><strong>1. identity of the seller<\/strong><\/span><\/p><p><span style=\"font-size: 14px;\"><span style=\"font-size: 14px;\"><span style=\"font-size: 14px;\"><span style=\"font-size: 14px;\">Leyendecker &amp; Leyendecker GbR<\/span><\/span><\/span><br \/>Fence bush 6<br \/>42329 Wuppertal<br \/>Germany<br \/><span style=\"font-size: 14px;\">Phone: +49 202 7992026<\/span> (kein <a href=\"https:\/\/ocardoo.com\/en\/kontakt\/\" target=\"_blank\" rel=\"noopener\">Kundenservice<\/a>)<br \/>E-mail: info@ocardoo.com<\/span><\/p><p><span style=\"font-size: 14px;\"><strong>Alternative Dispute Resolution:<\/strong><br \/>The European Commission provides a platform for out-of-court online dispute resolution (ODR platform), available at <a href=\"https:\/\/ec.europa.eu\/odr\" target=\"_blank\" rel=\"noopener\">https:\/\/ec.europa.eu\/odr<\/a>.<br \/><\/span><\/p><p><strong><span style=\"font-size: 16px;\">2. information on the conclusion of the contract<br \/><\/span><\/strong><\/p><p><span style=\"font-size: 14px;\">Die technischen Schritte zum Vertragsschluss, der Vertragsschluss selbst und die Korrekturm\u00f6glichkeiten erfolgen nach Ma\u00dfgabe der Regelungen &#8222;Zustandekommen des Vertrages&#8220; unserer Allgemeinen Gesch\u00e4ftsbedingungen (Teil I.).<\/span><\/p><p><span style=\"font-size: 16px;\"><strong>3. contract language, contract text storage<\/strong><\/span><\/p><p><span style=\"font-size: 14px;\">3.1 The contractual language is German\u00a0<\/span><span style=\"font-size: 14px;\">.<\/span><\/p><p><span style=\"font-size: 14px;\">3.2 We do not store the complete text of the contract. Before sending the order, the contract data can be printed out or electronically saved using the browser's print function. After receipt of the order by us, the order data, the legally required information for distance contracts and the General Terms and Conditions will be sent to you again by e-mail.<\/span><\/p><p><span style=\"font-size: 14px;\">3.3 In the case of quotation requests outside the online shopping basket system, you will receive all contract data as part of a binding offer in text form, e.g. by e-mail, which you can print out or save electronically.<\/span><\/p><p><span style=\"font-size: 16px;\"><strong>4. codes of conduct<\/strong><\/span><\/p><p><span style=\"font-size: 14px;\">4.1 We have submitted to the Buyer's Seal Quality Criteria of H\u00e4ndlerbund Management AG, which can be viewed at: <a href=\"https:\/\/www.haendlerbund.de\/de\/downloads\/kaeufersiegel\/kaeufersiegel-zertifizierungskriterien.pdf\" target=\"_blank\" rel=\"noopener\" data-saferedirecturl=\"https:\/\/www.google.com\/url?q=https:\/\/www.haendlerbund.de\/de\/downloads\/kaeufersiegel\/kaeufersiegel-zertifizierungskriterien.pdf&amp;source=gmail&amp;ust=1595571225131000&amp;usg=AFQjCNFe5mk3H_qoqXPKQq9eTI32jhhuHg\">https:\/\/www.haendlerbund.de\/<wbr \/>en\/downloads\/buyer-seal\/<wbr \/>buyer's seal-<wbr \/>certification criteria.pdf<\/a>.<br \/><\/span><\/p><p><strong><span style=\"font-size: 16px;\">5. essential characteristics of the goods or services<\/span><\/strong><\/p><p><span style=\"font-size: 14px;\">The essential characteristics of the goods and\/or services can be found in the respective offer.<\/span><\/p><p><strong><span style=\"font-size: 16px;\">6. prices and payment modalities<\/span><\/strong><\/p><p><span style=\"font-size: 14px;\">6.1 The prices listed in the respective offers as well as the shipping costs represent total prices. They include all price components including all applicable taxes.<\/span><\/p><p><span style=\"font-size: 14px;\">6.2 There are no shipping costs.<br \/><\/span><\/p><p><span style=\"font-size: 14px;\">6.3 If the delivery is made to countries outside the European Union, further costs may be incurred for which we are not responsible, such as customs duties, taxes or money transfer fees (transfer or exchange rate fees of credit institutions), which are to be borne by you.\u00a0\u00a0 <br \/><\/span><\/p><p><span style=\"font-size: 14px;\">6.4. <\/span><span style=\"font-size: 14px;\">Any costs incurred for the transfer of money (transfer fees or exchange rate fees of credit institutions) are to be borne by you in cases where the delivery is made to an EU member state but the payment was initiated outside the European Union.<\/span><\/p><p><span style=\"font-size: 14px;\">6.5 The payment methods available to you are shown under a correspondingly designated button on our website or in the respective offer.<\/span><\/p><p><span style=\"font-size: 14px;\">6.6 Unless otherwise stated in the individual payment methods, the payment claims arising from the concluded contract are due for payment immediately.<\/span><\/p><p><strong><span style=\"font-size: 16px;\">7. Provision<\/span><\/strong><\/p><p><span style=\"font-size: 14px;\">7.1 The conditions for provision, the provision date and any existing provision restrictions can be found under a correspondingly designated button on our website or in the respective offer. <br \/><\/span><\/p><p><strong><span style=\"font-size: 16px;\">8. statutory liability for defects <\/span><\/strong><\/p><p><span style=\"font-size: 14px;\">The statutory rights of liability for defects shall apply.<\/span><\/p><p><span style=\"font-size: 14px;\">These terms and conditions and customer information have been prepared by the lawyers of the H\u00e4ndlerbund who specialise in IT law and are permanently checked for legal conformity. H\u00e4ndlerbund Management AG guarantees the legal security of the texts and is liable in the event of warnings. You can find more information on this at:\u00a0<a href=\"https:\/\/www.haendlerbund.de\/de\/leistungen\/rechtssicherheit\/agb-service\" target=\"_blank\" rel=\"noopener\" data-saferedirecturl=\"https:\/\/www.google.com\/url?q=https:\/\/www.haendlerbund.de\/de\/leistungen\/rechtssicherheit\/agb-service&amp;source=gmail&amp;ust=1595571225131000&amp;usg=AFQjCNFRXstfsBqXtZxEv0RC9XDgevh1EQ\">https:\/\/www.haendlerbund.de\/<wbr \/>en\/services\/<wbr \/>legal security\/agb service<\/a>.<\/span><\/p><p><span style=\"font-size: 14px;\"><span style=\"font-size: 14px;\">last update: 01.01.2022<\/span><\/span><\/p>\t\t\t\t\t\t<\/div>\n\t\t\t\t<\/div>\n\t\t\t\t\t<\/div>\n\t\t<\/div>\n\t\t\t\t\t<\/div>\n\t\t<\/section>\n\t\t\t\t<\/div>","protected":false},"excerpt":{"rendered":"<p>Allgemeine Gesch\u00e4ftsbedingungen und Kundeninformationen I. Allgemeine Gesch\u00e4ftsbedingungen \u00a7 1 Grundlegende Bestimmungen (1)\u00a0 Die nachstehenden Gesch\u00e4ftsbedingungen gelten f\u00fcr Vertr\u00e4ge, die Sie mit uns als Anbieter (Leyendecker &amp; Leyendecker GbR) \u00fcber die [&hellip;]<\/p>","protected":false},"author":1,"featured_media":0,"parent":0,"menu_order":19,"comment_status":"closed","ping_status":"closed","template":"","meta":{"_acf_changed":false,"inline_featured_image":false,"footnotes":""},"class_list":["post-681","page","type-page","status-publish","hentry"],"acf":[],"_links":{"self":[{"href":"https:\/\/ocardoo.com\/en\/wp-json\/wp\/v2\/pages\/681","targetHints":{"allow":["GET"]}}],"collection":[{"href":"https:\/\/ocardoo.com\/en\/wp-json\/wp\/v2\/pages"}],"about":[{"href":"https:\/\/ocardoo.com\/en\/wp-json\/wp\/v2\/types\/page"}],"author":[{"embeddable":true,"href":"https:\/\/ocardoo.com\/en\/wp-json\/wp\/v2\/users\/1"}],"replies":[{"embeddable":true,"href":"https:\/\/ocardoo.com\/en\/wp-json\/wp\/v2\/comments?post=681"}],"version-history":[{"count":73,"href":"https:\/\/ocardoo.com\/en\/wp-json\/wp\/v2\/pages\/681\/revisions"}],"predecessor-version":[{"id":15482,"href":"https:\/\/ocardoo.com\/en\/wp-json\/wp\/v2\/pages\/681\/revisions\/15482"}],"wp:attachment":[{"href":"https:\/\/ocardoo.com\/en\/wp-json\/wp\/v2\/media?parent=681"}],"curies":[{"name":"wp","href":"https:\/\/api.w.org\/{rel}","templated":true}]}}