{"id":682,"date":"2021-06-30T09:34:00","date_gmt":"2021-06-30T07:34:41","guid":{"rendered":"https:\/\/ocardoo.com\/widerrufsbelehrung\/"},"modified":"2023-06-23T17:13:28","modified_gmt":"2023-06-23T15:13:28","slug":"widerrufsbelehrung","status":"publish","type":"page","link":"https:\/\/ocardoo.com\/en\/widerrufsbelehrung\/","title":{"rendered":"Right of withdrawal"},"content":{"rendered":"<div data-elementor-type=\"wp-page\" data-elementor-id=\"682\" class=\"elementor elementor-682\" data-elementor-post-type=\"page\">\n\t\t\t\t\t\t<section class=\"elementor-section elementor-top-section elementor-element elementor-element-abb18d0 elementor-section-boxed elementor-section-height-default elementor-section-height-default\" data-id=\"abb18d0\" data-element_type=\"section\">\n\t\t\t\t\t\t<div class=\"elementor-container elementor-column-gap-default\">\n\t\t\t\t\t<div class=\"elementor-column elementor-col-100 elementor-top-column elementor-element elementor-element-05e8a7f\" data-id=\"05e8a7f\" data-element_type=\"column\">\n\t\t\t<div class=\"elementor-widget-wrap elementor-element-populated\">\n\t\t\t\t\t\t<div class=\"elementor-element elementor-element-8d41f04 elementor-widget elementor-widget-text-editor\" data-id=\"8d41f04\" data-element_type=\"widget\" data-widget_type=\"text-editor.default\">\n\t\t\t\t<div class=\"elementor-widget-container\">\n\t\t\t\t\t\t\t<h2><strong>Right of withdrawal for consumers<\/strong><\/h2><p>(A consumer is any natural person who enters into a legal transaction for purposes that are predominantly neither commercial nor self-employed).<\/p><h3>\u00a0<\/h3><h3><strong>Cancellation policy for digital content<\/strong><\/h3><h3><strong>Right of withdrawal<\/strong><\/h3><p>You have the right to cancel this contract within fourteen days without giving any reason.<br \/>The withdrawal period is fourteen days from the day of the conclusion of the contract.<\/p><p>To exercise your right of withdrawal, you must contact us (<strong>Leyendecker &amp; Leyendecker GbR, Zaunbusch 6, 42329 Wuppertal, Telefonnummer: +492027992026 (kein Kundenservice), E-Mail-Adresse: <a href=\"mailto:info@ocardoo.com\">info@ocardoo.com<\/a><\/strong>) by means of a clear declaration (e.g. a letter sent by post, fax or e-mail) about your decision to revoke this contract. You can use the attached model withdrawal form for this purpose, which is, however, not mandatory.<\/p><p>You can also fill in and submit the model withdrawal form or another clear declaration electronically on our website (www.ocardoo.com). If you make use of this option, we will immediately send you (e.g. by e-mail) a confirmation of receipt of such revocation. <a>transmit.<\/a><\/p><p>To comply with the cancellation period, it is sufficient that you send the notification of the exercise of the right of cancellation before the end of the cancellation period.<\/p><h3><strong>Consequences of revocation <\/strong><\/h3><p>If you withdraw from this contract, we must repay you all payments that we have received from you, including the delivery costs (with the exception of the additional costs resulting from the fact that you have chosen a type of delivery other than the cheapest standard delivery offered by us), without delay and at the latest within fourteen days from the day on which we received the notification of your withdrawal from this contract. For this repayment, we will use the same means of payment that you used for the original transaction, unless expressly agreed otherwise with you; in no case will you be charged for this repayment.<\/p><h3><strong>Cancellation reasons<\/strong><\/h3><p>The right of withdrawal shall expire in the case of a contract for the supply of digital content not on a tangible medium if the trader has begun performance of the contract after the consumer has<\/p><p>1. expressly consented to the entrepreneur commencing performance of the contract before the expiry of the withdrawal period, and<br \/>2. has confirmed his knowledge that, by giving his consent, he loses his right of withdrawal upon commencement of the performance of the contract.<\/p>\t\t\t\t\t\t<\/div>\n\t\t\t\t<\/div>\n\t\t\t\t<div class=\"elementor-element elementor-element-2049b9e elementor-widget-divider--view-line elementor-widget elementor-widget-divider\" data-id=\"2049b9e\" data-element_type=\"widget\" data-widget_type=\"divider.default\">\n\t\t\t\t<div class=\"elementor-widget-container\">\n\t\t\t\t\t<div class=\"elementor-divider\">\n\t\t\t<span class=\"elementor-divider-separator\">\n\t\t\t\t\t\t<\/span>\n\t\t<\/div>\n\t\t\t\t<\/div>\n\t\t\t\t<\/div>\n\t\t\t\t<div class=\"elementor-element elementor-element-0a131c8 elementor-widget elementor-widget-text-editor\" data-id=\"0a131c8\" data-element_type=\"widget\" data-widget_type=\"text-editor.default\">\n\t\t\t\t<div class=\"elementor-widget-container\">\n\t\t\t\t\t\t\t<p><strong>Sample cancellation form<\/strong><\/p>\n<p>(If you wish to revoke the contract, please complete and return this form).<\/p>\n<p>&#8211; An Leyendecker &amp; Leyendecker GbR, Zaunbusch 6, 42329 Wuppertal, E-Mail-Adresse: info@ocardoo.com:<\/p>\n<p>- I\/we (*) hereby revoke the contract concluded by me\/us (*) for the purchase of the following goods (*)\/<br>&nbsp; the provision of the following service (*)<\/p>\n<p>- Ordered on (*)\/ received on (*)<\/p>\n<p>- Name of the consumer(s)<br>- Address of the consumer(s)<br>- Signature of the consumer(s) (only in the case of notification on paper)<br>- Date<\/p>\n<p>(*) Delete as applicable.<\/p>\t\t\t\t\t\t<\/div>\n\t\t\t\t<\/div>\n\t\t\t\t<div class=\"elementor-element elementor-element-a8093be elementor-widget-divider--view-line elementor-widget elementor-widget-divider\" data-id=\"a8093be\" data-element_type=\"widget\" data-widget_type=\"divider.default\">\n\t\t\t\t<div class=\"elementor-widget-container\">\n\t\t\t\t\t<div class=\"elementor-divider\">\n\t\t\t<span class=\"elementor-divider-separator\">\n\t\t\t\t\t\t<\/span>\n\t\t<\/div>\n\t\t\t\t<\/div>\n\t\t\t\t<\/div>\n\t\t\t\t<div class=\"elementor-element elementor-element-7755e64 elementor-widget elementor-widget-heading\" data-id=\"7755e64\" data-element_type=\"widget\" data-widget_type=\"heading.default\">\n\t\t\t\t<div class=\"elementor-widget-container\">\n\t\t\t<h4 class=\"elementor-heading-title elementor-size-default\">(optional) Online cancellation form <\/h4>\t\t<\/div>\n\t\t\t\t<\/div>\n\t\t\t\t<div class=\"elementor-element elementor-element-f90d34e elementor-button-align-center elementor-widget elementor-widget-form\" data-id=\"f90d34e\" data-element_type=\"widget\" data-settings=\"{&quot;step_next_label&quot;:&quot;N\\u00e4chster&quot;,&quot;step_previous_label&quot;:&quot;Voriger&quot;,&quot;button_width&quot;:&quot;100&quot;,&quot;step_type&quot;:&quot;number_text&quot;,&quot;step_icon_shape&quot;:&quot;circle&quot;}\" data-widget_type=\"form.default\">\n\t\t\t\t<div class=\"elementor-widget-container\">\n\t\t\t\t\t<form class=\"elementor-form\" method=\"post\" name=\"Neues Formular\" action=\"\">\n\t\t\t<input type=\"hidden\" name=\"post_id\" value=\"682\"\/>\n\t\t\t<input type=\"hidden\" name=\"form_id\" value=\"f90d34e\"\/>\n\t\t\t<input type=\"hidden\" name=\"referer_title\" value=\"\" \/>\n\n\t\t\t\n\t\t\t<div class=\"elementor-form-fields-wrapper elementor-labels-above\">\n\t\t\t\t\t\t\t\t<div class=\"elementor-field-type-text elementor-field-group elementor-column elementor-field-group-name elementor-col-100 elementor-field-required\">\n\t\t\t\t\t\t\t\t\t\t\t\t<label for=\"form-field-name\" class=\"elementor-field-label\">\n\t\t\t\t\t\t\t\tName of the consumer(s)\t\t\t\t\t\t\t<\/label>\n\t\t\t\t\t\t\t\t\t\t\t\t\t\t<input size=\"1\" type=\"text\" name=\"form_fields[name]\" id=\"form-field-name\" class=\"elementor-field elementor-size-sm  elementor-field-textual\" placeholder=\"Name\" required=\"required\" aria-required=\"true\">\n\t\t\t\t\t\t\t\t\t\t\t<\/div>\n\t\t\t\t\t\t\t\t<div class=\"elementor-field-type-email elementor-field-group elementor-column elementor-field-group-email elementor-col-100 elementor-field-required\">\n\t\t\t\t\t\t\t\t\t\t\t\t<label for=\"form-field-email\" class=\"elementor-field-label\">\n\t\t\t\t\t\t\t\tE-mail of the consumer(s)\t\t\t\t\t\t\t<\/label>\n\t\t\t\t\t\t\t\t\t\t\t\t\t\t<input size=\"1\" type=\"email\" name=\"form_fields[email]\" id=\"form-field-email\" class=\"elementor-field elementor-size-sm  elementor-field-textual\" placeholder=\"E-mail\" required=\"required\" aria-required=\"true\">\n\t\t\t\t\t\t\t\t\t\t\t<\/div>\n\t\t\t\t\t\t\t\t<div class=\"elementor-field-type-textarea elementor-field-group elementor-column elementor-field-group-field_868cf87 elementor-col-100\">\n\t\t\t\t\t\t\t\t\t\t\t\t<label for=\"form-field-field_868cf87\" class=\"elementor-field-label\">\n\t\t\t\t\t\t\t\tAddress of the consumer(s)\t\t\t\t\t\t\t<\/label>\n\t\t\t\t\t\t<textarea class=\"elementor-field-textual elementor-field  elementor-size-sm\" name=\"form_fields[field_868cf87]\" id=\"form-field-field_868cf87\" rows=\"4\" placeholder=\"Address\"><\/textarea>\t\t\t\t<\/div>\n\t\t\t\t\t\t\t\t<div class=\"elementor-field-type-textarea elementor-field-group elementor-column elementor-field-group-message elementor-col-100\">\n\t\t\t\t\t\t\t\t\t\t\t\t<label for=\"form-field-message\" class=\"elementor-field-label\">\n\t\t\t\t\t\t\t\tMessage\t\t\t\t\t\t\t<\/label>\n\t\t\t\t\t\t<textarea class=\"elementor-field-textual elementor-field  elementor-size-sm\" name=\"form_fields[message]\" id=\"form-field-message\" rows=\"4\" placeholder=\"Message\">Hiermit widerrufe(n) ich\/ wir (*) den von mir\/ uns (*) abgeschlossenen Vertrag \u00fcber den Kauf der folgenden Waren (*)\/   die Erbringung der folgenden Dienstleistung (*)<\/textarea>\t\t\t\t<\/div>\n\t\t\t\t\t\t\t\t<div class=\"elementor-field-type-date elementor-field-group elementor-column elementor-field-group-field_0bba8ea elementor-col-100 elementor-field-required\">\n\t\t\t\t\t\t\t\t\t\t\t\t<label for=\"form-field-field_0bba8ea\" class=\"elementor-field-label\">\n\t\t\t\t\t\t\t\tOrdered on (*)\/ received on (*)\t\t\t\t\t\t\t<\/label>\n\t\t\t\t\t\t\n\t\t<input type=\"date\" name=\"form_fields[field_0bba8ea]\" id=\"form-field-field_0bba8ea\" class=\"elementor-field elementor-size-sm  elementor-field-textual elementor-date-field\" required=\"required\" aria-required=\"true\" pattern=\"[0-9]{4}-[0-9]{2}-[0-9]{2}\">\n\t\t\t\t\t\t<\/div>\n\t\t\t\t\t\t\t\t<div class=\"elementor-field-type-recaptcha_v3 elementor-field-group elementor-column elementor-field-group-field_b45fe4c elementor-col-100 recaptcha_v3-bottomright\">\n\t\t\t\t\t<div class=\"elementor-field\" id=\"form-field-field_b45fe4c\"><div class=\"elementor-g-recaptcha\" data-sitekey=\"6LdewxAcAAAAAK76PaQQg_hJ8Ls24ba8M23DSV4K\" data-type=\"v3\" data-action=\"Form\" data-badge=\"bottomright\" data-size=\"invisible\"><\/div><\/div>\t\t\t\t<\/div>\n\t\t\t\t\t\t\t\t<div class=\"elementor-field-group elementor-column elementor-field-type-submit elementor-col-100 e-form__buttons\">\n\t\t\t\t\t<button class=\"elementor-button elementor-size-sm\" type=\"submit\">\n\t\t\t\t\t\t<span class=\"elementor-button-content-wrapper\">\n\t\t\t\t\t\t\t\t\t\t\t\t\t\t\t\t\t\t\t\t\t\t<span class=\"elementor-button-text\">Send<\/span>\n\t\t\t\t\t\t\t\t\t\t\t\t\t<\/span>\n\t\t\t\t\t<\/button>\n\t\t\t\t<\/div>\n\t\t\t<\/div>\n\t\t<input type=\"hidden\" name=\"trp-form-language\" value=\"en\"\/><\/form>\n\t\t\t\t<\/div>\n\t\t\t\t<\/div>\n\t\t\t\t\t<\/div>\n\t\t<\/div>\n\t\t\t\t\t<\/div>\n\t\t<\/section>\n\t\t\t\t<section class=\"elementor-section elementor-top-section elementor-element elementor-element-0547a42 elementor-section-boxed elementor-section-height-default elementor-section-height-default\" data-id=\"0547a42\" data-element_type=\"section\">\n\t\t\t\t\t\t<div class=\"elementor-container elementor-column-gap-default\">\n\t\t\t\t\t<div class=\"elementor-column elementor-col-100 elementor-top-column elementor-element elementor-element-045eb2b\" data-id=\"045eb2b\" data-element_type=\"column\">\n\t\t\t<div class=\"elementor-widget-wrap\">\n\t\t\t\t\t\t\t<\/div>\n\t\t<\/div>\n\t\t\t\t\t<\/div>\n\t\t<\/section>\n\t\t\t\t<section class=\"elementor-section elementor-top-section elementor-element elementor-element-08c9705 elementor-section-boxed elementor-section-height-default elementor-section-height-default\" data-id=\"08c9705\" data-element_type=\"section\">\n\t\t\t\t\t\t<div class=\"elementor-container elementor-column-gap-default\">\n\t\t\t\t\t<div class=\"elementor-column elementor-col-100 elementor-top-column elementor-element elementor-element-8605988\" data-id=\"8605988\" data-element_type=\"column\">\n\t\t\t<div class=\"elementor-widget-wrap\">\n\t\t\t\t\t\t\t<\/div>\n\t\t<\/div>\n\t\t\t\t\t<\/div>\n\t\t<\/section>\n\t\t\t\t<\/div>","protected":false},"excerpt":{"rendered":"<p>Widerrufsrecht f\u00fcr Verbraucher (Verbraucher ist jede nat\u00fcrliche Person, die ein Rechtsgesch\u00e4ft zu Zwecken abschlie\u00dft, die \u00fcberwiegend weder ihrer gewerblichen noch ihrer selbstst\u00e4ndigen beruflichen T\u00e4tigkeit zugerechnet werden k\u00f6nnen.) \u00a0 Widerrufsbelehrung f\u00fcr [&hellip;]<\/p>","protected":false},"author":1,"featured_media":0,"parent":0,"menu_order":20,"comment_status":"closed","ping_status":"closed","template":"","meta":{"_acf_changed":false,"inline_featured_image":false,"footnotes":""},"class_list":["post-682","page","type-page","status-publish","hentry"],"acf":[],"_links":{"self":[{"href":"https:\/\/ocardoo.com\/en\/wp-json\/wp\/v2\/pages\/682","targetHints":{"allow":["GET"]}}],"collection":[{"href":"https:\/\/ocardoo.com\/en\/wp-json\/wp\/v2\/pages"}],"about":[{"href":"https:\/\/ocardoo.com\/en\/wp-json\/wp\/v2\/types\/page"}],"author":[{"embeddable":true,"href":"https:\/\/ocardoo.com\/en\/wp-json\/wp\/v2\/users\/1"}],"replies":[{"embeddable":true,"href":"https:\/\/ocardoo.com\/en\/wp-json\/wp\/v2\/comments?post=682"}],"version-history":[{"count":56,"href":"https:\/\/ocardoo.com\/en\/wp-json\/wp\/v2\/pages\/682\/revisions"}],"predecessor-version":[{"id":15487,"href":"https:\/\/ocardoo.com\/en\/wp-json\/wp\/v2\/pages\/682\/revisions\/15487"}],"wp:attachment":[{"href":"https:\/\/ocardoo.com\/en\/wp-json\/wp\/v2\/media?parent=682"}],"curies":[{"name":"wp","href":"https:\/\/api.w.org\/{rel}","templated":true}]}}