{"id":12483,"date":"2023-01-03T17:31:28","date_gmt":"2023-01-03T16:31:28","guid":{"rendered":"https:\/\/ocardoo.com\/?post_type=product&#038;p=12483"},"modified":"2024-12-03T10:55:39","modified_gmt":"2024-12-03T09:55:39","slug":"videobook-ourwedding","status":"publish","type":"product","link":"https:\/\/ocardoo.com\/en\/product\/videobook-ourwedding\/","title":{"rendered":"Happy Card Leinen &#8222;OUR WEDDING&#8220; Videobuch mit Display und Audio"},"content":{"rendered":"<p><a href=\"https:\/\/ocardoo.com\/en\/videobuch-neu\/\" target=\"_blank\" rel=\"noopener\">What is a video book?<\/a><\/p>\n<div class=\"flex flex-grow flex-col max-w-full gap-3 gizmo:gap-0\">\n<div class=\"min-h-[20px] text-message flex flex-col items-start gap-3 whitespace-pre-wrap break-words [.text-message+&amp;]:mt-5 overflow-x-auto\" data-message-author-role=\"assistant\" data-message-id=\"92ae7a80-c89f-4bcc-86eb-022b920fc855\">\n<div class=\"markdown prose w-full break-words dark:prose-invert light\"><\/div>\n<\/div>\n<\/div>\n<p data-sourcepos=\"1:1-1:37\"><strong>Hochzeitsgeschenk der Extraklasse<\/strong><\/p>\n<p data-sourcepos=\"3:1-3:181\">Du suchst ein einzigartiges und unvergessliches Hochzeitsgeschenk f\u00fcr ein frisch verm\u00e4hltes Paar? Dann ist das Videobuch &#8222;Happy Card Leinen&#8220; von Ocardoo genau das Richtige f\u00fcr dich!<\/p>\n<p data-sourcepos=\"5:1-5:41\"><strong>Zeitlos, schlicht und perfekt designt<\/strong><\/p>\n<p data-sourcepos=\"7:1-7:267\">Das Videobuch ist in einem zeitlos-schicken Design gehalten und eignet sich daher perfekt als Ausdruck deiner Gl\u00fcckw\u00fcnsche. Das Cover aus hochwertigem Leinen und die Pr\u00e4gung &#8222;OUR WEDDING&#8220; in goldener Veredlung verleihen dem Videobuch eine elegante und stilvolle Note.<\/p>\n<p data-sourcepos=\"9:1-9:40\"><strong>Einzigartiges Hochzeitsvideoerlebnis<\/strong><\/p>\n<p data-sourcepos=\"11:1-11:238\">Mit dem Ocardoo-Happy Card kannst du deine Hochzeitsvideos jederzeit und \u00fcberall pr\u00e4sentieren. Das Video wird automatisch abgespielt, wenn du das Cover \u00f6ffnest. So kannst du die besonderen Momente deiner Hochzeit immer wieder neu erleben.<\/p>\n<p data-sourcepos=\"13:1-13:23\"><strong>Technische Merkmale<\/strong><\/p>\n<ul data-sourcepos=\"15:1-24:0\">\n<li data-sourcepos=\"15:1-15:59\">Automatisches Abspielen des Videos beim \u00d6ffnen des Covers<\/li>\n<li data-sourcepos=\"16:1-16:33\">Buchgr\u00f6\u00dfe: 21,6 x 15,2 x 1,5 cm<\/li>\n<li data-sourcepos=\"17:1-17:15\">4 GB Speicher<\/li>\n<li data-sourcepos=\"18:1-18:44\">Premium Hardcover mit feinem Leinen\u00fcberzug<\/li>\n<li data-sourcepos=\"19:1-19:45\">&#8222;OUR WEDDING&#8220; gepr\u00e4gt in goldener Veredlung<\/li>\n<li data-sourcepos=\"20:1-20:35\">7&#8243; IPS hochaufl\u00f6sender Bildschirm<\/li>\n<li data-sourcepos=\"21:1-21:29\">Aufl\u00f6sung: 1024 px x 600 px<\/li>\n<li data-sourcepos=\"22:1-22:24\">Seitenverh\u00e4ltnis: 16:9<\/li>\n<li data-sourcepos=\"23:1-24:0\">Aus weitem Winkel sichtbar<\/li>\n<\/ul>\n<p data-sourcepos=\"25:1-25:40\"><strong>Sorgenfreies Verschenken mit Ocardoo<\/strong><\/p>\n<p data-sourcepos=\"27:1-27:373\">Wenn du die Happy Card als Geschenk \u00fcberreichen m\u00f6chtest, \u00fcbernimmt Ocardoo alles f\u00fcr dich. Du kannst w\u00e4hrend des Bestellvorgangs dein Video direkt hochladen und einen Wunschliefertermin sowie die gew\u00fcnschte Lieferadresse angeben. Unsere Experten bespielen deine Happy Card Leinen direkt mit deinem Video und versenden sie liebevoll verpackt an den gl\u00fccklichen Beschenkten.<\/p>\n<p data-sourcepos=\"29:1-29:38\"><strong>Schenk unvergessliche Erinnerungen<\/strong><\/p>\n<p data-sourcepos=\"31:1-31:233\">Mit dem Ocardoo-Happy Card schenkst du nicht nur ein Produkt, sondern auch unvergessliche Erinnerungen. Die besonderen Momente deiner Hochzeit werden auf einzigartige Weise zum Leben erweckt und k\u00f6nnen immer wieder neu erlebt werden.<\/p>\n<ul data-sourcepos=\"35:1-44:0\">\n<li data-sourcepos=\"35:1-35:19\">Hochzeitsgeschenk<\/li>\n<li data-sourcepos=\"36:1-36:11\">Videobook<\/li>\n<li data-sourcepos=\"37:1-37:9\">Ocardoo<\/li>\n<li data-sourcepos=\"38:1-38:19\">Happy Card Linen<\/li>\n<li data-sourcepos=\"39:1-39:16\">Wedding video<\/li>\n<li data-sourcepos=\"40:1-40:20\">Hochzeitsaufnahmen<\/li>\n<li data-sourcepos=\"41:1-41:18\">Hochzeitsmomente<\/li>\n<li data-sourcepos=\"42:1-42:14\">Erinnerungen<\/li>\n<li data-sourcepos=\"43:1-44:0\">Unvergesslich<\/li>\n<\/ul>\n<p>&nbsp;<\/p>\n<p><a href=\"https:\/\/ocardoo.com\/en\/happy-card-versand\/\" target=\"_blank\" rel=\"noopener\">Mehr Infos findest du hier &gt;<\/a><\/p>\n<p>&nbsp;<\/p>\n<p><a href=\"https:\/\/ocardoo.com\/en\/kontakt\/\" target=\"_blank\" rel=\"noopener\">Bei Fragen schreibe uns!<\/a><\/p>","protected":false},"excerpt":{"rendered":"<p>\u00d6ffne das Cover und dein Video wird automatisch auf dem wundersch\u00f6nen 7&#8243; IPS-hochaufl\u00f6senden Display abgespielt. Mit 4 GB Speicher und einer 2500mAh wiederaufladbaren Akku ist es immer abspielbereit (ca. 4 Stunden Spielzeit und \u00fcber 12 Monate im Standby-Modus). Lade ganz einfach deine Videodateien \u00fcber das mitgelieferte Micro-USB-Kabel hoch.<\/p>","protected":false},"author":20,"featured_media":12996,"comment_status":"open","ping_status":"closed","template":"","meta":{"_acf_changed":false,"inline_featured_image":false,"footnotes":""},"product_cat":[301],"product_tag":[366,365,221,371,370,356,358,369,357,359,298],"class_list":["post-12483","product","type-product","status-publish","has-post-thumbnail","hentry","product_cat-video-grusskarte","product_tag-happy-card","product_tag-happycard","product_tag-hochzeit","product_tag-hochzeitsgeschenk","product_tag-leinen","product_tag-video","product_tag-video-grusskarte","product_tag-videobuch","product_tag-videogrusskarte","product_tag-videokarte","product_tag-wedding","product_shipping_class-videocard"],"acf":[],"_links":{"self":[{"href":"https:\/\/ocardoo.com\/en\/wp-json\/wp\/v2\/product\/12483","targetHints":{"allow":["GET"]}}],"collection":[{"href":"https:\/\/ocardoo.com\/en\/wp-json\/wp\/v2\/product"}],"about":[{"href":"https:\/\/ocardoo.com\/en\/wp-json\/wp\/v2\/types\/product"}],"author":[{"embeddable":true,"href":"https:\/\/ocardoo.com\/en\/wp-json\/wp\/v2\/users\/20"}],"replies":[{"embeddable":true,"href":"https:\/\/ocardoo.com\/en\/wp-json\/wp\/v2\/comments?post=12483"}],"version-history":[{"count":13,"href":"https:\/\/ocardoo.com\/en\/wp-json\/wp\/v2\/product\/12483\/revisions"}],"predecessor-version":[{"id":12540,"href":"https:\/\/ocardoo.com\/en\/wp-json\/wp\/v2\/product\/12483\/revisions\/12540"}],"wp:featuredmedia":[{"embeddable":true,"href":"https:\/\/ocardoo.com\/en\/wp-json\/wp\/v2\/media\/12996"}],"wp:attachment":[{"href":"https:\/\/ocardoo.com\/en\/wp-json\/wp\/v2\/media?parent=12483"}],"wp:term":[{"taxonomy":"product_cat","embeddable":true,"href":"https:\/\/ocardoo.com\/en\/wp-json\/wp\/v2\/product_cat?post=12483"},{"taxonomy":"product_tag","embeddable":true,"href":"https:\/\/ocardoo.com\/en\/wp-json\/wp\/v2\/product_tag?post=12483"}],"curies":[{"name":"wp","href":"https:\/\/api.w.org\/{rel}","templated":true}]}}