{"id":12620,"date":"2023-01-03T21:19:22","date_gmt":"2023-01-03T20:19:22","guid":{"rendered":"https:\/\/ocardoo.com\/?post_type=product&#038;p=12620"},"modified":"2024-12-08T22:39:48","modified_gmt":"2024-12-08T21:39:48","slug":"videobook-blanko","status":"publish","type":"product","link":"https:\/\/ocardoo.com\/en\/product\/videobook-blanko\/","title":{"rendered":"Happy Card Hardcover Linen Blank Video Book Video Greeting Card Video Brochure"},"content":{"rendered":"<p><a href=\"https:\/\/ocardoo.com\/en\/videobuch-neu\/\" target=\"_blank\" rel=\"noopener\">What is a video book?<\/a><\/p>\n<div class=\"flex flex-grow flex-col max-w-full gap-3 gizmo:gap-0\">\n<div class=\"min-h-[20px] text-message flex flex-col items-start gap-3 whitespace-pre-wrap break-words [.text-message+&amp;]:mt-5 overflow-x-auto\" data-message-author-role=\"assistant\" data-message-id=\"52fd8536-7965-4b22-8338-b6bff1fee5f0\">\n<div class=\"markdown prose w-full break-words dark:prose-invert light\">\n<p><strong>Ocardoo Blanko &#8222;Happy Card Leinen&#8220; \u2013 Unendliche M\u00f6glichkeiten f\u00fcr Jeden Anlass<\/strong><\/p>\n<p>Erleben Sie die Vielseitigkeit der Ocardoo Blanko &#8222;Happy Card Leinen&#8220; \u2013 das perfekte Geschenk f\u00fcr s\u00e4mtliche Anl\u00e4sse! Dieses zeitlose Leinen-Hardcover Videobuch erm\u00f6glicht es Ihnen, Ihre einzigartigen Momente in Form von Videos und Bildern zu teilen. \u00d6ffnen Sie das Cover, und lassen Sie Erinnerungen auf dem hochaufl\u00f6senden 7&#8243; IPS Bildschirm lebendig werden.<\/p>\n<p><strong>F\u00fcr jeden Anlass passend:<\/strong> Ob Geburtstag, Jubil\u00e4um, Hochzeit, Geburt oder einfach nur als Zeichen der Wertsch\u00e4tzung \u2013 die Blanko &#8222;Happy Card Leinen&#8220; passt zu jedem Anlass. Laden Sie ganz einfach Ihre Videos hoch, und machen Sie Ihr Geschenk so einzigartig wie die Beziehung, die Sie feiern.<\/p>\n<p><strong>Vielseitige Merkmale:<\/strong><\/p>\n<ul>\n<li>Premium Hardcover mit feinem Leinen\u00fcberzug f\u00fcr eine ansprechende \u00c4sthetik.<\/li>\n<li>7&#8243; IPS Bildschirm mit 1024 x 600 Aufl\u00f6sung f\u00fcr klare und lebendige Wiedergabe.<\/li>\n<li>Weitwinkel-Sichtbarkeit, um Ihre Videos optimal zu pr\u00e4sentieren.<\/li>\n<li>4 GB Speicherplatz f\u00fcr umfassende Erinnerungen.<\/li>\n<\/ul>\n<p><strong>Ihre Erinnerungen, Ihr Geschenk:<\/strong> Mit der Ocardoo Blanko &#8222;Happy Card Leinen&#8220; k\u00f6nnen Sie Ihre Videos jederzeit und \u00fcberall teilen. Ob auf dem Schreibtisch, im Regal oder in der Handtasche \u2013 halten Sie besondere Momente fest und teilen Sie sie mit Ihren Liebsten.<\/p>\n<p><strong>Einfach personalisiert, einfach verschenkt:<\/strong> M\u00f6chten Sie die &#8222;Happy Card Leinen&#8220; verschenken? Kein Problem! Im Bestellvorgang laden Sie Ihre Videos hoch, w\u00e4hlen den Wunschliefertermin und die Lieferadresse aus. Wir k\u00fcmmern uns um die Bespielung und verschicken Ihr individuelles Geschenk liebevoll verpackt direkt an den Empf\u00e4nger. Schenken Sie nicht nur ein Produkt, sondern schaffen Sie unvergessliche Erinnerungen f\u00fcr jeden Anlass. Entdecken Sie die grenzenlose Vielfalt der Ocardoo Blanko &#8222;Happy Card Leinen&#8220;.<\/p>\n<p><strong>F\u00fcr jeden Anlass passend:<\/strong> Ob Geburtstag, Jubil\u00e4um, Hochzeit, Geburt, bestandene Pr\u00fcfungen, berufliche Meilensteine, Dankesch\u00f6n-Geschenke, Freundschaftsjubil\u00e4en, Valentinstag, Muttertag, Vatertag, Weihnachten oder einfach nur als Zeichen der Wertsch\u00e4tzung \u2013 die Blanko &#8222;Happy Card Leinen&#8220; passt zu jedem Anlass. Laden Sie ganz einfach Ihre Videos hoch, und machen Sie Ihr Geschenk so einzigartig wie die Beziehung, die Sie feiern.<\/p>\n<\/div>\n<\/div>\n<\/div>\n<p><a href=\"https:\/\/ocardoo.com\/en\/happy-card-versand\/\" target=\"_blank\" rel=\"noopener\">Mehr Infos findest du hier &gt;<\/a><\/p>\n<p>&nbsp;<\/p>\n<p><a href=\"https:\/\/ocardoo.com\/en\/kontakt\/\" target=\"_blank\" rel=\"noopener\">Bei Fragen schreibe uns!<\/a><\/p>","protected":false},"excerpt":{"rendered":"<p>\u00d6ffne das Cover und dein Video wird automatisch auf dem wundersch\u00f6nen 7&#8243; IPS-hochaufl\u00f6senden Display abgespielt. Mit 4 GB Speicher und einer 2500mAh wiederaufladbaren Akku ist es immer abspielbereit (ca. 4 Stunden Spielzeit und \u00fcber 12 Monate im Standby-Modus). Lade ganz einfach deine Videodateien \u00fcber das mitgelieferte Micro-USB-Kabel hoch.<\/p>","protected":false},"author":20,"featured_media":12991,"comment_status":"open","ping_status":"closed","template":"","meta":{"_acf_changed":false,"inline_featured_image":false,"footnotes":""},"product_cat":[301],"product_tag":[372,375,366,365,221,371,370,356,358,369,357,359,298],"class_list":["post-12620","product","type-product","status-publish","has-post-thumbnail","hentry","product_cat-video-grusskarte","product_tag-blanko","product_tag-geschenk","product_tag-happy-card","product_tag-happycard","product_tag-hochzeit","product_tag-hochzeitsgeschenk","product_tag-leinen","product_tag-video","product_tag-video-grusskarte","product_tag-videobuch","product_tag-videogrusskarte","product_tag-videokarte","product_tag-wedding","product_shipping_class-videocard"],"acf":[],"_links":{"self":[{"href":"https:\/\/ocardoo.com\/en\/wp-json\/wp\/v2\/product\/12620","targetHints":{"allow":["GET"]}}],"collection":[{"href":"https:\/\/ocardoo.com\/en\/wp-json\/wp\/v2\/product"}],"about":[{"href":"https:\/\/ocardoo.com\/en\/wp-json\/wp\/v2\/types\/product"}],"author":[{"embeddable":true,"href":"https:\/\/ocardoo.com\/en\/wp-json\/wp\/v2\/users\/20"}],"replies":[{"embeddable":true,"href":"https:\/\/ocardoo.com\/en\/wp-json\/wp\/v2\/comments?post=12620"}],"version-history":[{"count":11,"href":"https:\/\/ocardoo.com\/en\/wp-json\/wp\/v2\/product\/12620\/revisions"}],"predecessor-version":[{"id":12630,"href":"https:\/\/ocardoo.com\/en\/wp-json\/wp\/v2\/product\/12620\/revisions\/12630"}],"wp:featuredmedia":[{"embeddable":true,"href":"https:\/\/ocardoo.com\/en\/wp-json\/wp\/v2\/media\/12991"}],"wp:attachment":[{"href":"https:\/\/ocardoo.com\/en\/wp-json\/wp\/v2\/media?parent=12620"}],"wp:term":[{"taxonomy":"product_cat","embeddable":true,"href":"https:\/\/ocardoo.com\/en\/wp-json\/wp\/v2\/product_cat?post=12620"},{"taxonomy":"product_tag","embeddable":true,"href":"https:\/\/ocardoo.com\/en\/wp-json\/wp\/v2\/product_tag?post=12620"}],"curies":[{"name":"wp","href":"https:\/\/api.w.org\/{rel}","templated":true}]}}