{"id":12640,"date":"2023-01-03T22:44:49","date_gmt":"2023-01-03T21:44:49","guid":{"rendered":"https:\/\/ocardoo.com\/?post_type=product&#038;p=12640"},"modified":"2024-12-20T16:44:42","modified_gmt":"2024-12-20T15:44:42","slug":"301p","status":"publish","type":"product","link":"https:\/\/ocardoo.com\/en\/product\/301p\/","title":{"rendered":"PERSONALIZED Video Book | Video Card | Happy Card Hardcover Linen"},"content":{"rendered":"<p><strong>Ein Buch, das Videos abspielt!<\/strong><\/p>\n<p>Entdecke unsere PREMIUM Ocardoo Happy Card Leinen-Hardcover Videob\u00fccher mit einem atemberaubenden Display und integriertem Audio f\u00fcr die Wiedergabe von Filmen, Videos und Foto-Diashows. \u00d6ffne das Cover und lass deine Erlebnisse wieder lebendig werden!<\/p>\n<p><a href=\"https:\/\/ocardoo.com\/en\/videobuch-neu\/\" target=\"_blank\" rel=\"noopener\">What is a video book?<\/a><\/p>\n<p><strong>Als Geschenk?<\/strong> Das Ocardoo &#8222;Happy Card Leinen&#8220; Videobuch ist ein zeitloses, schlichtes und perfekt inszeniertes Geschenk f\u00fcr verschiedene Anl\u00e4sse wie Geburtstage, Muttertag, Jubil\u00e4en und Vatertag. Lade einfach einen Film oder ein Video hoch, und schon ist es bereit zum Verschenken. Wenn du das Cover \u00f6ffnest, wird das Video automatisch abgespielt und die Erinnerungen werden lebendig.<\/p>\n<p><strong>Perfekt f\u00fcr:<\/strong><\/p>\n<ul>\n<li>Hochzeitsgeschenke<\/li>\n<li>Vatertagsgeschenke<\/li>\n<li>Muttertagsgeschenke<\/li>\n<li>Jubil\u00e4umsgeschenke<\/li>\n<li>Geschenke zur Geburt<\/li>\n<li>Geburtstagsgeschenke<\/li>\n<li>Geschenke f\u00fcr den besten Freund<\/li>\n<li>Geschenke f\u00fcr die beste Freundin<\/li>\n<li>Geschenke f\u00fcr M\u00e4nner<\/li>\n<li>Geschenke f\u00fcr Frauen<\/li>\n<li>usw.<\/li>\n<\/ul>\n<p>Die Einsatzm\u00f6glichkeiten einer Happy Card sind grenzenlos!<\/p>\n<p><strong>Hochzeitsvideos mal anders pr\u00e4sentieren!<\/strong><\/p>\n<p>Videos sind heutzutage etwas Besonderes. Sie liegen auf Handys, USB-Sticks oder CDs, aber sind sie immer griffbereit? Nicht unbedingt! Mit unseren Ocardoo Happy Cards kannst du deine Videos jederzeit zeigen, egal ob auf dem Schreibtisch, im Regal oder in der Handtasche. Es ist ein v\u00f6llig neues Erlebnis, das Video in den H\u00e4nden zu halten und es mit deinen Liebsten zu teilen.<\/p>\n<p><strong>Eigenschaften:<\/strong><\/p>\n<ul>\n<li>Beim \u00d6ffnen des Covers werden die Videos automatisch abgespielt.<\/li>\n<li>Buchgr\u00f6\u00dfe: 21,6 x 15,2 x 1,45 cm.<\/li>\n<li>4 GB Speicher.<\/li>\n<li>Premium Hardcover mit feinem Leinen\u00fcberzug (harte H\u00fclle, kein Billigkarton).<\/li>\n<li>7&#8243; IPS hochaufl\u00f6sender Bildschirm.<\/li>\n<li>Aufl\u00f6sung: 1024&#215;600.<\/li>\n<li>Seitenverh\u00e4ltnis: 16:9.<\/li>\n<li>Aus weitem Winkel sichtbar.<\/li>\n<li>Weitere Informationen finden Sie oben im Tabellenblatt &#8222;Zus\u00e4tzliche Informationen&#8220;.<\/li>\n<\/ul>\n<p><strong>Wir laden Ihr Video hoch und versenden es direkt an den Beschenkten!<\/strong><\/p>\n<p>M\u00f6chtest du die Happy Card verschenken? Kein Problem, wir k\u00fcmmern uns um alles. Im Bestellvorgang kannst du dein Video\/Film direkt hochladen und einen Wunschliefertermin sowie die Wunschlieferadresse angeben. Wir bespielen deine Happy Card Leinen direkt mit deinem Video und versenden sie an den Beschenkten.<\/p>\n<p>&nbsp;<\/p>\n<p><a href=\"https:\/\/ocardoo.com\/en\/happy-card-versand\/\" target=\"_blank\" rel=\"noopener\">Mehr Infos findest du hier &gt;<\/a><\/p>\n<p><a href=\"https:\/\/ocardoo.com\/en\/kontakt\/\" target=\"_blank\" rel=\"noopener\">Bei Fragen schreibe uns!<\/a><\/p>","protected":false},"excerpt":{"rendered":"<p>\u00d6ffne das Cover und dein Video wird automatisch auf dem wundersch\u00f6nen 7&#8243; IPS-hochaufl\u00f6senden Display abgespielt. Mit 4 GB Speicher und einer 2500mAh wiederaufladbaren Akku ist es immer abspielbereit (ca. 4 Stunden Spielzeit und \u00fcber 12 Monate im Standby-Modus). Lade ganz einfach deine Videodateien \u00fcber das mitgelieferte Micro-USB-Kabel hoch.<\/p>","protected":false},"author":20,"featured_media":14397,"comment_status":"open","ping_status":"closed","template":"","meta":{"_acf_changed":false,"inline_featured_image":false,"footnotes":""},"product_cat":[301],"product_tag":[372,375,366,365,221,371,370,376,356,358,369,357,359,298],"class_list":["post-12640","product","type-product","status-publish","has-post-thumbnail","hentry","product_cat-video-grusskarte","product_tag-blanko","product_tag-geschenk","product_tag-happy-card","product_tag-happycard","product_tag-hochzeit","product_tag-hochzeitsgeschenk","product_tag-leinen","product_tag-personalisiert","product_tag-video","product_tag-video-grusskarte","product_tag-videobuch","product_tag-videogrusskarte","product_tag-videokarte","product_tag-wedding","product_shipping_class-videocard"],"acf":[],"_links":{"self":[{"href":"https:\/\/ocardoo.com\/en\/wp-json\/wp\/v2\/product\/12640","targetHints":{"allow":["GET"]}}],"collection":[{"href":"https:\/\/ocardoo.com\/en\/wp-json\/wp\/v2\/product"}],"about":[{"href":"https:\/\/ocardoo.com\/en\/wp-json\/wp\/v2\/types\/product"}],"author":[{"embeddable":true,"href":"https:\/\/ocardoo.com\/en\/wp-json\/wp\/v2\/users\/20"}],"replies":[{"embeddable":true,"href":"https:\/\/ocardoo.com\/en\/wp-json\/wp\/v2\/comments?post=12640"}],"version-history":[{"count":9,"href":"https:\/\/ocardoo.com\/en\/wp-json\/wp\/v2\/product\/12640\/revisions"}],"predecessor-version":[{"id":12653,"href":"https:\/\/ocardoo.com\/en\/wp-json\/wp\/v2\/product\/12640\/revisions\/12653"}],"wp:featuredmedia":[{"embeddable":true,"href":"https:\/\/ocardoo.com\/en\/wp-json\/wp\/v2\/media\/14397"}],"wp:attachment":[{"href":"https:\/\/ocardoo.com\/en\/wp-json\/wp\/v2\/media?parent=12640"}],"wp:term":[{"taxonomy":"product_cat","embeddable":true,"href":"https:\/\/ocardoo.com\/en\/wp-json\/wp\/v2\/product_cat?post=12640"},{"taxonomy":"product_tag","embeddable":true,"href":"https:\/\/ocardoo.com\/en\/wp-json\/wp\/v2\/product_tag?post=12640"}],"curies":[{"name":"wp","href":"https:\/\/api.w.org\/{rel}","templated":true}]}}