{"id":13176,"date":"2023-01-19T15:35:58","date_gmt":"2023-01-19T14:35:58","guid":{"rendered":"https:\/\/ocardoo.com\/?post_type=product&#038;p=13176"},"modified":"2025-01-27T13:51:42","modified_gmt":"2025-01-27T12:51:42","slug":"videobook-black-personalisiert","status":"publish","type":"product","link":"https:\/\/ocardoo.com\/en\/product\/videobook-black-personalisiert\/","title":{"rendered":"Happy Card PERSONALIZED Black with Branding - Storybook | Video Book with Sound and Display"},"content":{"rendered":"<div class=\"flex flex-grow flex-col max-w-full gap-3 gizmo:gap-0\">\n<div class=\"min-h-[20px] text-message flex flex-col items-start gap-3 whitespace-pre-wrap break-words [.text-message+&amp;]:mt-5 overflow-x-auto\" data-message-author-role=\"assistant\" data-message-id=\"004c9e49-6238-4c27-8c66-2fd018c14363\">\n<div class=\"markdown prose w-full break-words dark:prose-invert light\">\n<p><strong>Happy Card: Pers\u00f6nliche Videobotschaften f\u00fcr Unvergessliche Momente<\/strong><\/p>\n<p>Verschenk nicht nur eine Gru\u00dfkarte \u2013 schenk unvergessliche Erlebnisse mit unserer innovativen Happy Card von Ocardoo. In einer Welt, wo pers\u00f6nliche Begegnungen nicht immer m\u00f6glich sind, erm\u00f6glicht dir die Happy Card herzliche Nachrichten, Gl\u00fcckw\u00fcnsche und aufmunternde Worte in Form von individuellen Videobotschaften zu verschicken.<\/p>\n<p><strong>Warum Happy Card?<\/strong><\/p>\n<ol>\n<li><strong>Individuelle Videogr\u00fc\u00dfe:<\/strong> Mit der Happy Card kannst du pers\u00f6nliche Videobotschaften verschicken, die den Empf\u00e4nger mit deinem L\u00e4cheln und deiner Stimme erreichen, selbst wenn du nicht vor Ort sein kannst.<\/li>\n<li><strong>Anlassunabh\u00e4ngig:<\/strong> Ob Geburtstag, Jubil\u00e4um, aufmunternde Worte oder einfach nur ein herzlicher Gru\u00df aus der Ferne \u2013 die Happy Card ist f\u00fcr jeden Anlass geeignet und l\u00e4sst sich vielseitig einsetzen.<\/li>\n<li><strong>Einfache Bestellung:<\/strong> W\u00e4hl dein Lieblingsmotiv, lad dein Video direkt hoch oder w\u00e4hle die Option &#8222;Leere Karte ohne Content&#8220;. Teile uns eventuelle Botschaften mit und leg die Videokarte in den Warenkorb. Wir k\u00fcmmern uns um den Rest!<\/li>\n<\/ol>\n<p><strong>Wie funktioniert der Versand?<\/strong><\/p>\n<ol>\n<li><strong>Schnelle Vorbereitung:<\/strong> Nach Zahlungseingang und Erhalt deines Videos bereiten wir dein Paket liebevoll vor.<\/li>\n<li><strong>Schneller Versand:<\/strong> Innerhalb von 1-2 Arbeitstagen wird dein Paket per DHL versendet, sofern kein abweichender Wunschtermin angegeben wurde.<\/li>\n<li><strong>Automatische Wiedergabe:<\/strong> Sobald die Karte beim Empf\u00e4nger ankommt und ge\u00f6ffnet wird, startet automatisch die Wiedergabe deiner herzlichen Videobotschaft.<\/li>\n<\/ol>\n<p>Mit Happy Card von Ocardoo \u00fcberbr\u00fcckst du Distanzen und schenkst nicht nur eine Karte, sondern unvergessliche Emotionen und Momente. Bestell jetzt und mach jeden Anlass zu etwas Besonderem!<\/p>\n<\/div>\n<\/div>\n<\/div>\n<p>&nbsp;<\/p>\n<p><a href=\"https:\/\/ocardoo.com\/en\/kontakt\/\" target=\"_blank\" rel=\"noopener\">Bei Fragen schreibe uns!<\/a><\/p>","protected":false},"excerpt":{"rendered":"<p>Videokarte mit integriertem Display und Ton.<\/p>","protected":false},"author":20,"featured_media":13190,"comment_status":"open","ping_status":"closed","template":"","meta":{"_acf_changed":false,"inline_featured_image":false,"footnotes":""},"product_cat":[301],"product_tag":[366,365,356,358,357,359],"class_list":["post-13176","product","type-product","status-publish","has-post-thumbnail","hentry","product_cat-video-grusskarte","product_tag-happy-card","product_tag-happycard","product_tag-video","product_tag-video-grusskarte","product_tag-videogrusskarte","product_tag-videokarte","product_shipping_class-videocard"],"acf":[],"_links":{"self":[{"href":"https:\/\/ocardoo.com\/en\/wp-json\/wp\/v2\/product\/13176","targetHints":{"allow":["GET"]}}],"collection":[{"href":"https:\/\/ocardoo.com\/en\/wp-json\/wp\/v2\/product"}],"about":[{"href":"https:\/\/ocardoo.com\/en\/wp-json\/wp\/v2\/types\/product"}],"author":[{"embeddable":true,"href":"https:\/\/ocardoo.com\/en\/wp-json\/wp\/v2\/users\/20"}],"replies":[{"embeddable":true,"href":"https:\/\/ocardoo.com\/en\/wp-json\/wp\/v2\/comments?post=13176"}],"version-history":[{"count":5,"href":"https:\/\/ocardoo.com\/en\/wp-json\/wp\/v2\/product\/13176\/revisions"}],"predecessor-version":[{"id":16666,"href":"https:\/\/ocardoo.com\/en\/wp-json\/wp\/v2\/product\/13176\/revisions\/16666"}],"wp:featuredmedia":[{"embeddable":true,"href":"https:\/\/ocardoo.com\/en\/wp-json\/wp\/v2\/media\/13190"}],"wp:attachment":[{"href":"https:\/\/ocardoo.com\/en\/wp-json\/wp\/v2\/media?parent=13176"}],"wp:term":[{"taxonomy":"product_cat","embeddable":true,"href":"https:\/\/ocardoo.com\/en\/wp-json\/wp\/v2\/product_cat?post=13176"},{"taxonomy":"product_tag","embeddable":true,"href":"https:\/\/ocardoo.com\/en\/wp-json\/wp\/v2\/product_tag?post=13176"}],"curies":[{"name":"wp","href":"https:\/\/api.w.org\/{rel}","templated":true}]}}