{"id":13216,"date":"2023-01-19T21:31:41","date_gmt":"2023-01-19T20:31:41","guid":{"rendered":"https:\/\/ocardoo.com\/?post_type=product&#038;p=13216"},"modified":"2025-01-27T13:52:01","modified_gmt":"2025-01-27T12:52:01","slug":"videobook-black-personalisiert2","status":"publish","type":"product","link":"https:\/\/ocardoo.com\/en\/product\/videobook-black-personalisiert2\/","title":{"rendered":"Happy Card Black | different cover designs | video book with display and sound | personalized"},"content":{"rendered":"<div class=\"flex flex-grow flex-col max-w-full gap-3 gizmo:gap-0\">\n<div class=\"min-h-[20px] text-message flex flex-col items-start gap-3 whitespace-pre-wrap break-words [.text-message+&amp;]:mt-5 overflow-x-auto\" data-message-author-role=\"assistant\" data-message-id=\"924c46ee-060e-4e45-84cc-f9918ab38055\">\n<div class=\"markdown prose w-full break-words dark:prose-invert light\">\n<p><strong>Happy Card: Pers\u00f6nliche Videogr\u00fc\u00dfe f\u00fcr bleibende Erinnerungen<\/strong><\/p>\n<p>Verschenk nicht nur eine Gru\u00dfkarte, sondern schaff mit der Happy Card von Ocardoo emotionale Verbindungen, die \u00fcber Entfernungen hinwegreichen. Diese einzigartige Videokarte erm\u00f6glicht es dir, deine Gef\u00fchle und Gl\u00fcckw\u00fcnsche in Form von individuellen Videobotschaften zu \u00fcbermitteln, selbst wenn du nicht pers\u00f6nlich vor Ort sein kannst.<\/p>\n<p><strong>Die Besonderheiten von Happy Card:<\/strong><\/p>\n<ol>\n<li><strong>Lebendige Videobotschaften:<\/strong> Bring deine Gl\u00fcckw\u00fcnsche zum Leben, indem du pers\u00f6nliche Videobotschaften aufnimmst und direkt auf die Happy Card hochl\u00e4dst. Deine Stimme und dein L\u00e4cheln machen dein Geschenk einzigartig.<\/li>\n<li><strong>Vielseitige Anwendung:<\/strong> Egal, ob Geburtstag, Jubil\u00e4um, aufmunternde Worte oder einfach nur ein herzlicher Gru\u00df \u2013 die Happy Card passt zu jedem Anlass und erm\u00f6glicht es dir, deine Emotionen auf authentische Weise zu teilen.<\/li>\n<li><strong>M\u00fchelose Bestellung:<\/strong> W\u00e4hl ein ansprechendes Design, lad dein Video hoch oder entscheide dich f\u00fcr eine leere Karte. Teile uns eventuelle Botschaften mit und leg die Videokarte in den Warenkorb. Den Rest \u00fcbernehmen wir.<\/li>\n<\/ol>\n<p><strong>So funktioniert der Versand:<\/strong><\/p>\n<ol>\n<li><strong>Schnelle Vorbereitung:<\/strong> Nach dem Zahlungseingang und dem Erhalt deines Videos wird dein Paket sorgf\u00e4ltig vorbereitet.<\/li>\n<li><strong>Zuverl\u00e4ssiger Versand:<\/strong> Innerhalb von 1-2 Arbeitstagen wird dein Paket per DHL versendet, es sei denn, du gibst einen abweichenden Wunschtermin an.<\/li>\n<li><strong>Automatische Wiedergabe:<\/strong> Sobald die Karte beim Empf\u00e4nger eintrifft und ge\u00f6ffnet wird, startet automatisch die Wiedergabe deiner liebevollen Videobotschaft.<\/li>\n<\/ol>\n<p>Mit der Happy Card von Ocardoo schaffst du nicht nur ein Geschenk, sondern eine bleibende Erinnerung. Bring deine Emotionen zum Ausdruck und verleih jedem Anlass eine pers\u00f6nliche Note. Bestell jetzt und lass deine Gef\u00fchle aufleben!<\/p>\n<\/div>\n<\/div>\n<\/div>\n<p>&nbsp;<\/p>\n<p><a href=\"https:\/\/ocardoo.com\/en\/kontakt\/\" target=\"_blank\" rel=\"noopener\">Bei Fragen schreibe uns!<\/a><\/p>\n<p>&nbsp;<\/p>","protected":false},"excerpt":{"rendered":"<p>Videokarte mit integriertem Display und Ton.<\/p>","protected":false},"author":20,"featured_media":13500,"comment_status":"open","ping_status":"closed","template":"","meta":{"_acf_changed":false,"inline_featured_image":false,"footnotes":""},"product_cat":[301],"product_tag":[366,365,356,358,357,359],"class_list":["post-13216","product","type-product","status-publish","has-post-thumbnail","hentry","product_cat-video-grusskarte","product_tag-happy-card","product_tag-happycard","product_tag-video","product_tag-video-grusskarte","product_tag-videogrusskarte","product_tag-videokarte","product_shipping_class-videocard"],"acf":[],"_links":{"self":[{"href":"https:\/\/ocardoo.com\/en\/wp-json\/wp\/v2\/product\/13216","targetHints":{"allow":["GET"]}}],"collection":[{"href":"https:\/\/ocardoo.com\/en\/wp-json\/wp\/v2\/product"}],"about":[{"href":"https:\/\/ocardoo.com\/en\/wp-json\/wp\/v2\/types\/product"}],"author":[{"embeddable":true,"href":"https:\/\/ocardoo.com\/en\/wp-json\/wp\/v2\/users\/20"}],"replies":[{"embeddable":true,"href":"https:\/\/ocardoo.com\/en\/wp-json\/wp\/v2\/comments?post=13216"}],"version-history":[{"count":6,"href":"https:\/\/ocardoo.com\/en\/wp-json\/wp\/v2\/product\/13216\/revisions"}],"predecessor-version":[{"id":16667,"href":"https:\/\/ocardoo.com\/en\/wp-json\/wp\/v2\/product\/13216\/revisions\/16667"}],"wp:featuredmedia":[{"embeddable":true,"href":"https:\/\/ocardoo.com\/en\/wp-json\/wp\/v2\/media\/13500"}],"wp:attachment":[{"href":"https:\/\/ocardoo.com\/en\/wp-json\/wp\/v2\/media?parent=13216"}],"wp:term":[{"taxonomy":"product_cat","embeddable":true,"href":"https:\/\/ocardoo.com\/en\/wp-json\/wp\/v2\/product_cat?post=13216"},{"taxonomy":"product_tag","embeddable":true,"href":"https:\/\/ocardoo.com\/en\/wp-json\/wp\/v2\/product_tag?post=13216"}],"curies":[{"name":"wp","href":"https:\/\/api.w.org\/{rel}","templated":true}]}}