{"id":13371,"date":"2023-01-20T12:07:56","date_gmt":"2023-01-20T11:07:56","guid":{"rendered":"https:\/\/ocardoo.com\/?post_type=product&#038;p=13371"},"modified":"2025-01-27T13:52:21","modified_gmt":"2025-01-27T12:52:21","slug":"videobook-black-personalisiert3","status":"publish","type":"product","link":"https:\/\/ocardoo.com\/en\/product\/videobook-black-personalisiert3\/","title":{"rendered":"Happy Card Black | PERSONALIZED | Storybook | different cover motifs | Video book | Video brochure"},"content":{"rendered":"<p><strong>Happy Card: Verleih deinen Gr\u00fc\u00dfen Fl\u00fcgel mit Videobotschaften<\/strong><\/p>\n<p>Mit der Happy Card von Ocardoo schaffst du mehr als nur ein Geschenk &#8211; du schaffst unvergessliche Momente, die durch pers\u00f6nliche Videobotschaften zum Leben erweckt werden. Egal, ob es um Geburtstage, Jubil\u00e4en oder herzliche Gr\u00fc\u00dfe aus der Ferne geht, die Happy Card erm\u00f6glicht es dir, deine Gef\u00fchle in bewegenden Videogr\u00fc\u00dfen zu teilen, selbst wenn du physisch nicht anwesend sein kannst.<\/p>\n<p><strong>Warum die Happy Card?<\/strong><\/p>\n<ol>\n<li><strong>Einzigartige Videogr\u00fc\u00dfe:<\/strong> Hebe dich von herk\u00f6mmlichen Gru\u00dfkarten ab, indem du deine pers\u00f6nlichen Videobotschaften direkt auf die Happy Card \u00fcbertr\u00e4gst. Deine Worte werden lebendig, und dein Geschenk wird zu einem unvergesslichen Erlebnis.<\/li>\n<li><strong>Passend f\u00fcr jeden Anlass:<\/strong> Die Vielseitigkeit der Happy Card macht sie zum idealen Begleiter f\u00fcr s\u00e4mtliche Anl\u00e4sse. Feiere Geburtstage, teile aufmunternde Worte oder schicke herzliche Gr\u00fc\u00dfe &#8211; die Happy Card passt sich jedem Moment an.<\/li>\n<li><strong>Einfacher Bestellprozess:<\/strong> W\u00e4hle dein Lieblingsdesign, lade dein Video hoch oder entscheide dich f\u00fcr eine leere Karte. Teile uns eventuelle Botschaften mit, lege die Videokarte in den Warenkorb, und wir k\u00fcmmern uns um den Rest.<\/li>\n<\/ol>\n<p><strong>So wird verschickt:<\/strong><\/p>\n<ol>\n<li><strong>Schnelle Vorbereitung:<\/strong> Dein Paket wird nach Zahlungseingang und Erhalt deines Videos liebevoll vorbereitet.<\/li>\n<li><strong>Zuverl\u00e4ssiger Versand:<\/strong> Innerhalb von 1-2 Arbeitstagen wird dein Paket per DHL versendet, es sei denn, du gibst einen abweichenden Wunschtermin an.<\/li>\n<li><strong>Automatische Wiedergabe:<\/strong> Sobald die Karte beim Empf\u00e4nger ankommt und ge\u00f6ffnet wird, startet automatisch die Wiedergabe deiner herzerw\u00e4rmenden Videobotschaft.<\/li>\n<\/ol>\n<p>Mit der Happy Card von Ocardoo wird jedes Geschenk zu einer Reise der Emotionen. Teile deine Freude und Liebe auf eine einzigartige Weise. Bestelle jetzt und verleihe deinen Gr\u00fc\u00dfen Fl\u00fcgel!<\/p>\n<p>&nbsp;<\/p>\n<p><a href=\"https:\/\/ocardoo.com\/en\/kontakt\/\" target=\"_blank\" rel=\"noopener\">Bei Fragen schreibe uns!<\/a><\/p>\n<p>&nbsp;<\/p>","protected":false},"excerpt":{"rendered":"<p>Videokarte mit integriertem Display und Ton.<\/p>","protected":false},"author":20,"featured_media":13506,"comment_status":"open","ping_status":"closed","template":"","meta":{"_acf_changed":false,"inline_featured_image":false,"footnotes":""},"product_cat":[301],"product_tag":[375,366,365,356,358,357,359],"class_list":["post-13371","product","type-product","status-publish","has-post-thumbnail","hentry","product_cat-video-grusskarte","product_tag-geschenk","product_tag-happy-card","product_tag-happycard","product_tag-video","product_tag-video-grusskarte","product_tag-videogrusskarte","product_tag-videokarte","product_shipping_class-videocard"],"acf":[],"_links":{"self":[{"href":"https:\/\/ocardoo.com\/en\/wp-json\/wp\/v2\/product\/13371","targetHints":{"allow":["GET"]}}],"collection":[{"href":"https:\/\/ocardoo.com\/en\/wp-json\/wp\/v2\/product"}],"about":[{"href":"https:\/\/ocardoo.com\/en\/wp-json\/wp\/v2\/types\/product"}],"author":[{"embeddable":true,"href":"https:\/\/ocardoo.com\/en\/wp-json\/wp\/v2\/users\/20"}],"replies":[{"embeddable":true,"href":"https:\/\/ocardoo.com\/en\/wp-json\/wp\/v2\/comments?post=13371"}],"version-history":[{"count":3,"href":"https:\/\/ocardoo.com\/en\/wp-json\/wp\/v2\/product\/13371\/revisions"}],"predecessor-version":[{"id":16665,"href":"https:\/\/ocardoo.com\/en\/wp-json\/wp\/v2\/product\/13371\/revisions\/16665"}],"wp:featuredmedia":[{"embeddable":true,"href":"https:\/\/ocardoo.com\/en\/wp-json\/wp\/v2\/media\/13506"}],"wp:attachment":[{"href":"https:\/\/ocardoo.com\/en\/wp-json\/wp\/v2\/media?parent=13371"}],"wp:term":[{"taxonomy":"product_cat","embeddable":true,"href":"https:\/\/ocardoo.com\/en\/wp-json\/wp\/v2\/product_cat?post=13371"},{"taxonomy":"product_tag","embeddable":true,"href":"https:\/\/ocardoo.com\/en\/wp-json\/wp\/v2\/product_tag?post=13371"}],"curies":[{"name":"wp","href":"https:\/\/api.w.org\/{rel}","templated":true}]}}