{"id":13593,"date":"2023-01-22T00:31:25","date_gmt":"2023-01-21T23:31:25","guid":{"rendered":"https:\/\/ocardoo.com\/?post_type=product&#038;p=13593"},"modified":"2024-04-30T11:38:51","modified_gmt":"2024-04-30T09:38:51","slug":"happybox-pink","status":"publish","type":"product","link":"https:\/\/ocardoo.com\/en\/product\/happybox-pink\/","title":{"rendered":"Pr\u00e4sente | Pr\u00e4sentekorb | Happy Box | Video-Geschenkbox in Rosa | Pr\u00e4sentkorb"},"content":{"rendered":"<p><strong>VORBESTELLUNG<\/strong><\/p>\n<p>&nbsp;<\/p>\n<p>&nbsp;<\/p>\n<p><a href=\"https:\/\/ocardoo.com\/en\/kontakt\/\" target=\"_blank\" rel=\"noopener\">Bei Fragen schreibe uns!<\/a><\/p>","protected":false},"excerpt":{"rendered":"<p>Videokarte mit integriertem Display und Ton.<\/p>","protected":false},"author":20,"featured_media":13742,"comment_status":"open","ping_status":"closed","template":"","meta":{"_acf_changed":false,"inline_featured_image":false,"footnotes":""},"product_cat":[377],"product_tag":[381,380,378,356,379],"class_list":["post-13593","product","type-product","status-publish","has-post-thumbnail","hentry","product_cat-videoboxen","product_tag-geschenkbox","product_tag-happy-box","product_tag-sound","product_tag-video","product_tag-video-geschenk","product_shipping_class-videocard"],"acf":[],"_links":{"self":[{"href":"https:\/\/ocardoo.com\/en\/wp-json\/wp\/v2\/product\/13593","targetHints":{"allow":["GET"]}}],"collection":[{"href":"https:\/\/ocardoo.com\/en\/wp-json\/wp\/v2\/product"}],"about":[{"href":"https:\/\/ocardoo.com\/en\/wp-json\/wp\/v2\/types\/product"}],"author":[{"embeddable":true,"href":"https:\/\/ocardoo.com\/en\/wp-json\/wp\/v2\/users\/20"}],"replies":[{"embeddable":true,"href":"https:\/\/ocardoo.com\/en\/wp-json\/wp\/v2\/comments?post=13593"}],"version-history":[{"count":7,"href":"https:\/\/ocardoo.com\/en\/wp-json\/wp\/v2\/product\/13593\/revisions"}],"predecessor-version":[{"id":17619,"href":"https:\/\/ocardoo.com\/en\/wp-json\/wp\/v2\/product\/13593\/revisions\/17619"}],"wp:featuredmedia":[{"embeddable":true,"href":"https:\/\/ocardoo.com\/en\/wp-json\/wp\/v2\/media\/13742"}],"wp:attachment":[{"href":"https:\/\/ocardoo.com\/en\/wp-json\/wp\/v2\/media?parent=13593"}],"wp:term":[{"taxonomy":"product_cat","embeddable":true,"href":"https:\/\/ocardoo.com\/en\/wp-json\/wp\/v2\/product_cat?post=13593"},{"taxonomy":"product_tag","embeddable":true,"href":"https:\/\/ocardoo.com\/en\/wp-json\/wp\/v2\/product_tag?post=13593"}],"curies":[{"name":"wp","href":"https:\/\/api.w.org\/{rel}","templated":true}]}}