{"id":14685,"date":"2023-04-03T19:47:17","date_gmt":"2023-04-03T17:47:17","guid":{"rendered":"https:\/\/ocardoo.com\/?post_type=product&#038;p=14685"},"modified":"2023-04-03T19:48:49","modified_gmt":"2023-04-03T17:48:49","slug":"viel-glueck-besseren-kollegen-zu-finden-gruppengrusskarte-zum-abschied-kollege-team-grusskarte","status":"publish","type":"product","link":"https:\/\/ocardoo.com\/en\/product\/viel-glueck-besseren-kollegen-zu-finden-gruppengrusskarte-zum-abschied-kollege-team-grusskarte\/","title":{"rendered":"Viel Gl\u00fcck besseren Kollegen zu finden | Gruppengru\u00dfkarte zum Abschied Kollege | Team Gru\u00dfkarte"},"content":{"rendered":"","protected":false},"excerpt":{"rendered":"","protected":false},"author":20,"featured_media":14686,"comment_status":"open","ping_status":"closed","template":"","meta":{"_acf_changed":false,"inline_featured_image":false,"footnotes":""},"product_cat":[85,84],"product_tag":[279,393,354,258],"class_list":["post-14685","product","type-product","status-publish","has-post-thumbnail","hentry","product_cat-abschied-verlaesst-unternehmen","product_cat-anlaesse","product_tag-abschied","product_tag-abschiedkarte","product_tag-kollege","product_tag-viel-glueck","pa_variante-basic","pa_variante-premium"],"acf":[],"_links":{"self":[{"href":"https:\/\/ocardoo.com\/en\/wp-json\/wp\/v2\/product\/14685","targetHints":{"allow":["GET"]}}],"collection":[{"href":"https:\/\/ocardoo.com\/en\/wp-json\/wp\/v2\/product"}],"about":[{"href":"https:\/\/ocardoo.com\/en\/wp-json\/wp\/v2\/types\/product"}],"author":[{"embeddable":true,"href":"https:\/\/ocardoo.com\/en\/wp-json\/wp\/v2\/users\/20"}],"replies":[{"embeddable":true,"href":"https:\/\/ocardoo.com\/en\/wp-json\/wp\/v2\/comments?post=14685"}],"version-history":[{"count":1,"href":"https:\/\/ocardoo.com\/en\/wp-json\/wp\/v2\/product\/14685\/revisions"}],"predecessor-version":[{"id":14689,"href":"https:\/\/ocardoo.com\/en\/wp-json\/wp\/v2\/product\/14685\/revisions\/14689"}],"wp:featuredmedia":[{"embeddable":true,"href":"https:\/\/ocardoo.com\/en\/wp-json\/wp\/v2\/media\/14686"}],"wp:attachment":[{"href":"https:\/\/ocardoo.com\/en\/wp-json\/wp\/v2\/media?parent=14685"}],"wp:term":[{"taxonomy":"product_cat","embeddable":true,"href":"https:\/\/ocardoo.com\/en\/wp-json\/wp\/v2\/product_cat?post=14685"},{"taxonomy":"product_tag","embeddable":true,"href":"https:\/\/ocardoo.com\/en\/wp-json\/wp\/v2\/product_tag?post=14685"}],"curies":[{"name":"wp","href":"https:\/\/api.w.org\/{rel}","templated":true}]}}