{"id":14690,"date":"2023-04-03T19:53:52","date_gmt":"2023-04-03T17:53:52","guid":{"rendered":"https:\/\/ocardoo.com\/?post_type=product&#038;p=14690"},"modified":"2023-04-03T20:11:20","modified_gmt":"2023-04-03T18:11:20","slug":"teamgrusskarte-kollege-viel-glueck-gruppengrusskarte","status":"publish","type":"product","link":"https:\/\/ocardoo.com\/en\/product\/teamgrusskarte-kollege-viel-glueck-gruppengrusskarte\/","title":{"rendered":"Teamgru\u00dfkarte Kollege | Viel Gl\u00fcck | Gruppengru\u00dfkarte"},"content":{"rendered":"","protected":false},"excerpt":{"rendered":"","protected":false},"author":20,"featured_media":14691,"comment_status":"open","ping_status":"closed","template":"","meta":{"_acf_changed":false,"inline_featured_image":false,"footnotes":""},"product_cat":[85,84],"product_tag":[394,395,256,354,258],"class_list":["post-14690","product","type-product","status-publish","has-post-thumbnail","hentry","product_cat-abschied-verlaesst-unternehmen","product_cat-anlaesse","product_tag-abschhied","product_tag-abschiedskarte","product_tag-glueck","product_tag-kollege","product_tag-viel-glueck","pa_variante-basic","pa_variante-premium"],"acf":[],"_links":{"self":[{"href":"https:\/\/ocardoo.com\/en\/wp-json\/wp\/v2\/product\/14690","targetHints":{"allow":["GET"]}}],"collection":[{"href":"https:\/\/ocardoo.com\/en\/wp-json\/wp\/v2\/product"}],"about":[{"href":"https:\/\/ocardoo.com\/en\/wp-json\/wp\/v2\/types\/product"}],"author":[{"embeddable":true,"href":"https:\/\/ocardoo.com\/en\/wp-json\/wp\/v2\/users\/20"}],"replies":[{"embeddable":true,"href":"https:\/\/ocardoo.com\/en\/wp-json\/wp\/v2\/comments?post=14690"}],"version-history":[{"count":1,"href":"https:\/\/ocardoo.com\/en\/wp-json\/wp\/v2\/product\/14690\/revisions"}],"predecessor-version":[{"id":14694,"href":"https:\/\/ocardoo.com\/en\/wp-json\/wp\/v2\/product\/14690\/revisions\/14694"}],"wp:featuredmedia":[{"embeddable":true,"href":"https:\/\/ocardoo.com\/en\/wp-json\/wp\/v2\/media\/14691"}],"wp:attachment":[{"href":"https:\/\/ocardoo.com\/en\/wp-json\/wp\/v2\/media?parent=14690"}],"wp:term":[{"taxonomy":"product_cat","embeddable":true,"href":"https:\/\/ocardoo.com\/en\/wp-json\/wp\/v2\/product_cat?post=14690"},{"taxonomy":"product_tag","embeddable":true,"href":"https:\/\/ocardoo.com\/en\/wp-json\/wp\/v2\/product_tag?post=14690"}],"curies":[{"name":"wp","href":"https:\/\/api.w.org\/{rel}","templated":true}]}}