{"id":14788,"date":"2023-04-05T15:34:25","date_gmt":"2023-04-05T13:34:25","guid":{"rendered":"https:\/\/ocardoo.com\/?post_type=product&#038;p=14788"},"modified":"2023-04-05T15:34:26","modified_gmt":"2023-04-05T13:34:26","slug":"abschieds-gruppenkarte-berglandschaft-danke-fuer-die-schoene-zeit-und-alles-gute-fuer-die-zukunft-teamgrusskarte","status":"publish","type":"product","link":"https:\/\/ocardoo.com\/en\/product\/abschieds-gruppenkarte-berglandschaft-danke-fuer-die-schoene-zeit-und-alles-gute-fuer-die-zukunft-teamgrusskarte\/","title":{"rendered":"Abschieds-Gruppenkarte Berglandschaft &#8222;DANKE f\u00fcr die sch\u00f6ne Zeit und alles gute f\u00fcr die Zukunft&#8220; | Teamgru\u00dfkarte"},"content":{"rendered":"","protected":false},"excerpt":{"rendered":"","protected":false},"author":20,"featured_media":14791,"comment_status":"open","ping_status":"closed","template":"","meta":{"_acf_changed":false,"inline_featured_image":false,"footnotes":""},"product_cat":[85,84,89],"product_tag":[279,400,395,308,401],"class_list":["post-14788","product","type-product","status-publish","has-post-thumbnail","hentry","product_cat-abschied-verlaesst-unternehmen","product_cat-anlaesse","product_cat-danke","product_tag-abschied","product_tag-abschiedsgrusskarte","product_tag-abschiedskarte","product_tag-berge","product_tag-berglandschaft","pa_variante-basic","pa_variante-premium"],"acf":[],"_links":{"self":[{"href":"https:\/\/ocardoo.com\/en\/wp-json\/wp\/v2\/product\/14788","targetHints":{"allow":["GET"]}}],"collection":[{"href":"https:\/\/ocardoo.com\/en\/wp-json\/wp\/v2\/product"}],"about":[{"href":"https:\/\/ocardoo.com\/en\/wp-json\/wp\/v2\/types\/product"}],"author":[{"embeddable":true,"href":"https:\/\/ocardoo.com\/en\/wp-json\/wp\/v2\/users\/20"}],"replies":[{"embeddable":true,"href":"https:\/\/ocardoo.com\/en\/wp-json\/wp\/v2\/comments?post=14788"}],"version-history":[{"count":2,"href":"https:\/\/ocardoo.com\/en\/wp-json\/wp\/v2\/product\/14788\/revisions"}],"predecessor-version":[{"id":14793,"href":"https:\/\/ocardoo.com\/en\/wp-json\/wp\/v2\/product\/14788\/revisions\/14793"}],"wp:featuredmedia":[{"embeddable":true,"href":"https:\/\/ocardoo.com\/en\/wp-json\/wp\/v2\/media\/14791"}],"wp:attachment":[{"href":"https:\/\/ocardoo.com\/en\/wp-json\/wp\/v2\/media?parent=14788"}],"wp:term":[{"taxonomy":"product_cat","embeddable":true,"href":"https:\/\/ocardoo.com\/en\/wp-json\/wp\/v2\/product_cat?post=14788"},{"taxonomy":"product_tag","embeddable":true,"href":"https:\/\/ocardoo.com\/en\/wp-json\/wp\/v2\/product_tag?post=14788"}],"curies":[{"name":"wp","href":"https:\/\/api.w.org\/{rel}","templated":true}]}}