{"id":14799,"date":"2023-04-05T17:15:25","date_gmt":"2023-04-05T15:15:25","guid":{"rendered":"https:\/\/ocardoo.com\/?post_type=product&#038;p=14799"},"modified":"2023-04-05T17:15:25","modified_gmt":"2023-04-05T15:15:25","slug":"abschiedsgrusskarte-kollege-gruppengrusskarte-danke-fuer-die-schoene-zeit","status":"publish","type":"product","link":"https:\/\/ocardoo.com\/en\/product\/abschiedsgrusskarte-kollege-gruppengrusskarte-danke-fuer-die-schoene-zeit\/","title":{"rendered":"Abschiedsgru\u00dfkarte Kollege | Gruppengru\u00dfkarte | Danke, f\u00fcr die sch\u00f6ne Zeit"},"content":{"rendered":"","protected":false},"excerpt":{"rendered":"","protected":false},"author":20,"featured_media":14802,"comment_status":"open","ping_status":"closed","template":"","meta":{"_acf_changed":false,"inline_featured_image":false,"footnotes":""},"product_cat":[85,84,89],"product_tag":[279,400,395,354],"class_list":["post-14799","product","type-product","status-publish","has-post-thumbnail","hentry","product_cat-abschied-verlaesst-unternehmen","product_cat-anlaesse","product_cat-danke","product_tag-abschied","product_tag-abschiedsgrusskarte","product_tag-abschiedskarte","product_tag-kollege","pa_variante-basic","pa_variante-premium"],"acf":[],"_links":{"self":[{"href":"https:\/\/ocardoo.com\/en\/wp-json\/wp\/v2\/product\/14799","targetHints":{"allow":["GET"]}}],"collection":[{"href":"https:\/\/ocardoo.com\/en\/wp-json\/wp\/v2\/product"}],"about":[{"href":"https:\/\/ocardoo.com\/en\/wp-json\/wp\/v2\/types\/product"}],"author":[{"embeddable":true,"href":"https:\/\/ocardoo.com\/en\/wp-json\/wp\/v2\/users\/20"}],"replies":[{"embeddable":true,"href":"https:\/\/ocardoo.com\/en\/wp-json\/wp\/v2\/comments?post=14799"}],"version-history":[{"count":2,"href":"https:\/\/ocardoo.com\/en\/wp-json\/wp\/v2\/product\/14799\/revisions"}],"predecessor-version":[{"id":14805,"href":"https:\/\/ocardoo.com\/en\/wp-json\/wp\/v2\/product\/14799\/revisions\/14805"}],"wp:featuredmedia":[{"embeddable":true,"href":"https:\/\/ocardoo.com\/en\/wp-json\/wp\/v2\/media\/14802"}],"wp:attachment":[{"href":"https:\/\/ocardoo.com\/en\/wp-json\/wp\/v2\/media?parent=14799"}],"wp:term":[{"taxonomy":"product_cat","embeddable":true,"href":"https:\/\/ocardoo.com\/en\/wp-json\/wp\/v2\/product_cat?post=14799"},{"taxonomy":"product_tag","embeddable":true,"href":"https:\/\/ocardoo.com\/en\/wp-json\/wp\/v2\/product_tag?post=14799"}],"curies":[{"name":"wp","href":"https:\/\/api.w.org\/{rel}","templated":true}]}}