{"id":16675,"date":"2023-11-27T20:14:05","date_gmt":"2023-11-27T19:14:05","guid":{"rendered":"https:\/\/ocardoo.com\/?post_type=product&#038;p=16675"},"modified":"2024-12-03T10:56:58","modified_gmt":"2024-12-03T09:56:58","slug":"happyboxonly","status":"publish","type":"product","link":"https:\/\/ocardoo.com\/en\/product\/happyboxonly\/","title":{"rendered":"Pr\u00e4sente | Pr\u00e4sentekorb | Happy Box | Video-Geschenkbox ohne Inhalt"},"content":{"rendered":"<p>Tauchen Sie ein in die faszinierende Welt der personalisierten Geschenke mit unserer exklusiven Video-Geschenkbox! Beim \u00d6ffnen des hochwertigen Deckels erwacht ein beeindruckendes 7-Zoll HD-Display (152*85mm) zum Leben, um ein farbenfrohes Video abzuspielen.<\/p>\n<p><strong>Technische Details im \u00dcberblick:<\/strong><\/p>\n<ol>\n<li><strong>Bildschirmgr\u00f6\u00dfe:<\/strong> 7&#8243; HD-Display mit einer Aufl\u00f6sung von 1024 x 600px.<\/li>\n<li><strong>Unterst\u00fctzte Videoformate:<\/strong> Alle Formate.<\/li>\n<li><strong>Akkuleistung:<\/strong> 1500mAh Li-Akku mit 4GB Speicher.<\/li>\n<li><strong>Bedienelemente:<\/strong> 3 Tasten (Play\/Pause, Lautst\u00e4rke +, Lautst\u00e4rke -).<\/li>\n<li><strong>Druck:<\/strong> CMYK 4-Farb-Offsetdruck, elegantes Schwarz mit kratzfester Beschichtung.<\/li>\n<li><strong>Individuelle Gr\u00f6\u00dfe:<\/strong> Ma\u00dfe der leeren Box: 35 x 25 x 12cm.<\/li>\n<li><strong>Verpackung:<\/strong> Inklusive Micro-USB-Kabel zum Aufladen und Hochladen von Videos.<\/li>\n<\/ol>\n<p><strong>Stilvolle Eleganz in Schwarz:<\/strong> Diese edle Geschenkbox in mattem Schwarz ist nicht nur ein Hingucker, sondern auch der perfekte Rahmen f\u00fcr Ihre einzigartigen Geschenke. Der kratzfeste \u00dcberzug sorgt daf\u00fcr, dass die Box auch nach dem \u00d6ffnen des Deckels makellos bleibt.<\/p>\n<p><strong>F\u00fcr Jeden Anlass geeignet:<\/strong> Die Vielseitigkeit dieser Box macht sie zu einer idealen Geschenkoption f\u00fcr verschiedenste Anl\u00e4sse. Ob Geburtstage, Jubil\u00e4en, Hochzeiten oder einfach als Zeichen der Wertsch\u00e4tzung \u2013 diese Video-Geschenkbox verleiht jedem Moment einen besonderen Glanz.<\/p>\n<p>Verschenken Sie nicht nur Geschenke, sondern schaffen Sie unvergessliche Erlebnisse mit der Video-Geschenkbox von h\u00f6chster Qualit\u00e4t.<\/p>\n<p>Die Box wird ohne Inhalt geliefert!<\/p>\n<p><a href=\"https:\/\/ocardoo.com\/en\/kontakt\/\" target=\"_blank\" rel=\"noopener\">Bei Fragen schreibe uns!<\/a><\/p>","protected":false},"excerpt":{"rendered":"<p>Videokarte mit integriertem Display und Ton.<\/p>","protected":false},"author":20,"featured_media":13609,"comment_status":"open","ping_status":"closed","template":"","meta":{"_acf_changed":false,"inline_featured_image":false,"footnotes":""},"product_cat":[377],"product_tag":[381,380,378,356,379],"class_list":["post-16675","product","type-product","status-publish","has-post-thumbnail","hentry","product_cat-videoboxen","product_tag-geschenkbox","product_tag-happy-box","product_tag-sound","product_tag-video","product_tag-video-geschenk","product_shipping_class-videocard"],"acf":[],"_links":{"self":[{"href":"https:\/\/ocardoo.com\/en\/wp-json\/wp\/v2\/product\/16675","targetHints":{"allow":["GET"]}}],"collection":[{"href":"https:\/\/ocardoo.com\/en\/wp-json\/wp\/v2\/product"}],"about":[{"href":"https:\/\/ocardoo.com\/en\/wp-json\/wp\/v2\/types\/product"}],"author":[{"embeddable":true,"href":"https:\/\/ocardoo.com\/en\/wp-json\/wp\/v2\/users\/20"}],"replies":[{"embeddable":true,"href":"https:\/\/ocardoo.com\/en\/wp-json\/wp\/v2\/comments?post=16675"}],"version-history":[{"count":5,"href":"https:\/\/ocardoo.com\/en\/wp-json\/wp\/v2\/product\/16675\/revisions"}],"predecessor-version":[{"id":16697,"href":"https:\/\/ocardoo.com\/en\/wp-json\/wp\/v2\/product\/16675\/revisions\/16697"}],"wp:featuredmedia":[{"embeddable":true,"href":"https:\/\/ocardoo.com\/en\/wp-json\/wp\/v2\/media\/13609"}],"wp:attachment":[{"href":"https:\/\/ocardoo.com\/en\/wp-json\/wp\/v2\/media?parent=16675"}],"wp:term":[{"taxonomy":"product_cat","embeddable":true,"href":"https:\/\/ocardoo.com\/en\/wp-json\/wp\/v2\/product_cat?post=16675"},{"taxonomy":"product_tag","embeddable":true,"href":"https:\/\/ocardoo.com\/en\/wp-json\/wp\/v2\/product_tag?post=16675"}],"curies":[{"name":"wp","href":"https:\/\/api.w.org\/{rel}","templated":true}]}}