{"id":17054,"date":"2024-02-07T21:35:50","date_gmt":"2024-02-07T20:35:50","guid":{"rendered":"https:\/\/ocardoo.com\/?post_type=product&#038;p=17054"},"modified":"2025-01-27T18:05:53","modified_gmt":"2025-01-27T17:05:53","slug":"303b","status":"publish","type":"product","link":"https:\/\/ocardoo.com\/en\/product\/303b\/","title":{"rendered":"Happy Card Hardcover Leinen Blau Blanko Videobuch Videogru\u00dfkarte"},"content":{"rendered":"<p><a href=\"https:\/\/ocardoo.com\/en\/videobuch-neu\/\" target=\"_blank\" rel=\"noopener\">What is a video book?<\/a><\/p>\n<div class=\"flex flex-grow flex-col max-w-full gap-3 gizmo:gap-0\">\n<div class=\"min-h-[20px] text-message flex flex-col items-start gap-3 whitespace-pre-wrap break-words [.text-message+&amp;]:mt-5 overflow-x-auto\" data-message-author-role=\"assistant\" data-message-id=\"52fd8536-7965-4b22-8338-b6bff1fee5f0\">\n<div class=\"markdown prose w-full break-words dark:prose-invert light\">\n<div class=\"flex flex-grow flex-col max-w-full\">\n<div class=\"min-h-[20px] text-message flex flex-col items-start gap-3 whitespace-pre-wrap break-words [.text-message+&amp;]:mt-5 overflow-x-auto\" data-message-author-role=\"assistant\" data-message-id=\"4c6f21bc-189b-421b-850b-40754a964b91\">\n<div class=\"markdown prose w-full break-words dark:prose-invert light\">\n<div class=\"flex flex-grow flex-col max-w-full\">\n<div class=\"min-h-[20px] text-message flex flex-col items-start gap-3 whitespace-pre-wrap break-words [.text-message+&amp;]:mt-5 overflow-x-auto\" data-message-author-role=\"assistant\" data-message-id=\"8d67d7f2-a544-4146-a9f8-4815b5692fab\">\n<div class=\"markdown prose w-full break-words dark:prose-invert light\">\n<p><strong>Ocardoo Blanko &#8222;Happy Card Leinen&#8220; in Navy Blau \u2013 Unendliche M\u00f6glichkeiten f\u00fcr Jeden Anlass<\/strong><\/p>\n<p>Entdecke die Vielseitigkeit der Ocardoo Happy Cards in Navy Blau Leinen! Das ideale Geschenk f\u00fcr jede Gelegenheit, um unvergessliche Momente zu teilen. \u00d6ffne das Cover und erlebe deine Erinnerungen auf dem hochaufl\u00f6senden 7&#8243; IPS Bildschirm in voller Lebendigkeit.<\/p>\n<p>F\u00fcr jeden Anlass geeignet: Sei es ein Geburtstag, Jubil\u00e4um, Hochzeit, Geburt oder einfach eine Geste der Wertsch\u00e4tzung \u2013 die Ocardoo Happy Cards in Navy Blau Leinen sind die perfekte Wahl. Lade deine Videos hoch und gestalte dein Geschenk so einzigartig wie die Beziehung, die du feiern m\u00f6chtest.<\/p>\n<p><strong>Die Highlights im \u00dcberblick:<\/strong><\/p>\n<ul>\n<li>Hochwertiges Hardcover mit edlem Leinen\u00fcberzug f\u00fcr eine ansprechende \u00c4sthetik.<\/li>\n<li>7&#8243; IPS Bildschirm mit einer Aufl\u00f6sung von 1024 x 600 f\u00fcr klare und lebendige Wiedergabe.<\/li>\n<li>Weitwinkel-Sichtbarkeit, um deine Videos optimal zu pr\u00e4sentieren.<\/li>\n<li>4 GB Speicherplatz f\u00fcr umfassende Erinnerungen.<\/li>\n<li>Hard Cover in Navy Blau \/ innen wei\u00df<\/li>\n<li>Video spielt automatisch beim \u00d6ffnen des Covers ab<\/li>\n<li>7\u201c IPS hochaufl\u00f6sender Bildschirm (16:9)<\/li>\n<li>Abmessung: 21 x 15 x 1 cm<\/li>\n<li>Aufl\u00f6sung: 1024 x 600<\/li>\n<li>Seitenverh\u00e4ltnis: 16:9<\/li>\n<li>4 GB Speicher (mehrere Videos m\u00f6glich, max. 4 GB)<\/li>\n<li>2500 mAh wiederaufladbarer Akku (4 Stunden Spieldauer)<\/li>\n<li>Integrierte Lautsprecher<\/li>\n<li>Inkl. Micro-USB-Kabel<\/li>\n<li>5 Buttons (Play, Pause, Vol. +, Vol. -, Weiter)<\/li>\n<\/ul>\n<p><strong>WICHTIG: DAS VIDEO SOLLTE QUERFORMAT SEIN!<\/strong><\/p>\n<p>Deine Erinnerungen, dein Geschenk: Mit den Ocardoo Happy Cards in Navy Blau Leinen kannst du deine Videos jederzeit und \u00fcberall teilen. Ob auf dem Schreibtisch, im Regal oder in der Handtasche \u2013 halte besondere Momente fest und teile sie mit deinen Liebsten.<\/p>\n<p>Einfach personalisiert, einfach verschenkt: M\u00f6chtest du die Ocardoo Happy Cards in Navy Blau Leinen verschenken? Kein Problem! Lade deine Videos w\u00e4hrend des Bestellvorgangs hoch, w\u00e4hle den Wunschliefertermin und die Lieferadresse aus. Wir k\u00fcmmern uns um die Bespielung und verschicken dein individuelles Geschenk liebevoll verpackt direkt an den Empf\u00e4nger. Schenke nicht nur ein Produkt, sondern schaffe unvergessliche Erinnerungen f\u00fcr jeden Anlass mit den Ocardoo Happy Cards in Navy Blau Leinen.<\/p>\n<\/div>\n<\/div>\n<\/div>\n<\/div>\n<\/div>\n<\/div>\n<\/div>\n<\/div>\n<\/div>\n<p><a href=\"https:\/\/ocardoo.com\/en\/happy-card-versand\/\" target=\"_blank\" rel=\"noopener\">Mehr Infos findest du hier &gt;<\/a><\/p>\n<p>&nbsp;<\/p>\n<p><a href=\"https:\/\/ocardoo.com\/en\/kontakt\/\" target=\"_blank\" rel=\"noopener\">Bei Fragen schreibe uns!<\/a><\/p>","protected":false},"excerpt":{"rendered":"<p>\u00d6ffne das Cover und dein Video wird automatisch auf dem wundersch\u00f6nen 7&#8243; IPS-hochaufl\u00f6senden Display abgespielt. Mit 4 GB Speicher und einer 2500mAh wiederaufladbaren Akku ist es immer abspielbereit (ca. 4 Stunden Spielzeit und \u00fcber 12 Monate im Standby-Modus). Lade ganz einfach deine Videodateien \u00fcber das mitgelieferte Micro-USB-Kabel hoch.<\/p>","protected":false},"author":20,"featured_media":17238,"comment_status":"open","ping_status":"closed","template":"","meta":{"_acf_changed":false,"inline_featured_image":false,"footnotes":""},"product_cat":[301],"product_tag":[372,438,375,435,366,365,221,371,370,437,356,358,369,357,359,298],"class_list":["post-17054","product","type-product","status-publish","has-post-thumbnail","hentry","product_cat-video-grusskarte","product_tag-blanko","product_tag-blau-leinen","product_tag-geschenk","product_tag-grau","product_tag-happy-card","product_tag-happycard","product_tag-hochzeit","product_tag-hochzeitsgeschenk","product_tag-leinen","product_tag-navy-blau","product_tag-video","product_tag-video-grusskarte","product_tag-videobuch","product_tag-videogrusskarte","product_tag-videokarte","product_tag-wedding","product_shipping_class-videocard"],"acf":[],"_links":{"self":[{"href":"https:\/\/ocardoo.com\/en\/wp-json\/wp\/v2\/product\/17054","targetHints":{"allow":["GET"]}}],"collection":[{"href":"https:\/\/ocardoo.com\/en\/wp-json\/wp\/v2\/product"}],"about":[{"href":"https:\/\/ocardoo.com\/en\/wp-json\/wp\/v2\/types\/product"}],"author":[{"embeddable":true,"href":"https:\/\/ocardoo.com\/en\/wp-json\/wp\/v2\/users\/20"}],"replies":[{"embeddable":true,"href":"https:\/\/ocardoo.com\/en\/wp-json\/wp\/v2\/comments?post=17054"}],"version-history":[{"count":4,"href":"https:\/\/ocardoo.com\/en\/wp-json\/wp\/v2\/product\/17054\/revisions"}],"predecessor-version":[{"id":17237,"href":"https:\/\/ocardoo.com\/en\/wp-json\/wp\/v2\/product\/17054\/revisions\/17237"}],"wp:featuredmedia":[{"embeddable":true,"href":"https:\/\/ocardoo.com\/en\/wp-json\/wp\/v2\/media\/17238"}],"wp:attachment":[{"href":"https:\/\/ocardoo.com\/en\/wp-json\/wp\/v2\/media?parent=17054"}],"wp:term":[{"taxonomy":"product_cat","embeddable":true,"href":"https:\/\/ocardoo.com\/en\/wp-json\/wp\/v2\/product_cat?post=17054"},{"taxonomy":"product_tag","embeddable":true,"href":"https:\/\/ocardoo.com\/en\/wp-json\/wp\/v2\/product_tag?post=17054"}],"curies":[{"name":"wp","href":"https:\/\/api.w.org\/{rel}","templated":true}]}}