{"id":17147,"date":"2024-02-11T15:20:21","date_gmt":"2024-02-11T14:20:21","guid":{"rendered":"https:\/\/ocardoo.com\/?post_type=product&#038;p=17147"},"modified":"2024-02-11T15:29:36","modified_gmt":"2024-02-11T14:29:36","slug":"36009","status":"publish","type":"product","link":"https:\/\/ocardoo.com\/en\/product\/36009\/","title":{"rendered":"Einf\u00fchlsame Trauerbekundung &#8211; Karte mit Bergen, See und Kirschbaum"},"content":{"rendered":"<p>M\u00f6chtest du deine aufrichtige Anteilnahme auf einf\u00fchlsame Weise ausdr\u00fccken? Unsere Trauerkarte mit einem ruhigen Motiv von Bergen, einem See und einem Kirschbaum ist eine beruhigende und einf\u00fchlsame Wahl.<\/p>\n<p>Warum unsere Trauerkarte besonders ist:<\/p>\n<p>Beruhigendes Design: Die sanften Wasserfarben in hellen Gr\u00fcnt\u00f6nen und Blaut\u00f6nen verleihen der Karte eine beruhigende Atmosph\u00e4re, die Trost und Frieden in Zeiten der Trauer spendet.<br \/>\nEinf\u00fchlsamer Text: Der einfache, aber tiefgreifende Text &#8222;Wir trauern mit dir!&#8220; dr\u00fcckt deine aufrichtige Anteilnahme und Unterst\u00fctzung aus.<br \/>\nNat\u00fcrliche Sch\u00f6nheit: Das Motiv von Bergen, einem ruhigen See und einem Kirschbaum symbolisiert die Sch\u00f6nheit der Natur und erinnert daran, dass das Leben trotz des Verlusts weitergeht.<\/p>\n<p>Teile die Karte mit deinen Lieben, damit sie ihre eigenen Worte der Unterst\u00fctzung hinzuf\u00fcgen k\u00f6nnen, indem sie die Karte unterschreiben.<\/p>\n<p>So einfach geht&#8217;s:<\/p>\n<p>Karte ausw\u00e4hlen: Entscheide dich f\u00fcr unsere einf\u00fchlsame Trauerkarte mit einem Motiv von Bergen, einem See und einem Kirschbaum, um deine Anteilnahme auszudr\u00fccken.<br \/>\nPersonalisiere deine Botschaft: F\u00fcge deine eigenen Worte der Unterst\u00fctzung hinzu, um die Karte pers\u00f6nlich und tr\u00f6stlich zu gestalten.<\/p>\n<p>Warum Ocardoo die beste Wahl ist:<\/p>\n<p>Ocardoo bietet dir eine einf\u00fchlsame M\u00f6glichkeit, deine Anteilnahme auszudr\u00fccken und Trost zu spenden. Unsere Trauerkarte mit Bergen, einem See und einem Kirschbaum ist eine beruhigende und einf\u00fchlsame Wahl, um deine Unterst\u00fctzung auf liebevolle Weise zu zeigen. Zeige deine aufrichtige Anteilnahme mit dieser einf\u00fchlsamen Karte von Ocardoo!<\/p>","protected":false},"excerpt":{"rendered":"<p>M\u00f6chtest du deine aufrichtige Anteilnahme auf einf\u00fchlsame Weise ausdr\u00fccken? Unsere Trauerkarte mit einem ruhigen Motiv von Bergen, einem See und einem Kirschbaum ist eine beruhigende und einf\u00fchlsame Wahl. Warum unsere [&hellip;]<\/p>","protected":false},"author":20,"featured_media":17151,"comment_status":"open","ping_status":"closed","template":"","meta":{"_acf_changed":false,"inline_featured_image":false,"footnotes":""},"product_cat":[84,90],"product_tag":[259,260],"class_list":["post-17147","product","type-product","status-publish","has-post-thumbnail","hentry","product_cat-anlaesse","product_cat-trauer","product_tag-trauer","product_tag-trauerkarte","pa_variante-basic","pa_variante-premium"],"acf":[],"_links":{"self":[{"href":"https:\/\/ocardoo.com\/en\/wp-json\/wp\/v2\/product\/17147","targetHints":{"allow":["GET"]}}],"collection":[{"href":"https:\/\/ocardoo.com\/en\/wp-json\/wp\/v2\/product"}],"about":[{"href":"https:\/\/ocardoo.com\/en\/wp-json\/wp\/v2\/types\/product"}],"author":[{"embeddable":true,"href":"https:\/\/ocardoo.com\/en\/wp-json\/wp\/v2\/users\/20"}],"replies":[{"embeddable":true,"href":"https:\/\/ocardoo.com\/en\/wp-json\/wp\/v2\/comments?post=17147"}],"version-history":[{"count":2,"href":"https:\/\/ocardoo.com\/en\/wp-json\/wp\/v2\/product\/17147\/revisions"}],"predecessor-version":[{"id":17152,"href":"https:\/\/ocardoo.com\/en\/wp-json\/wp\/v2\/product\/17147\/revisions\/17152"}],"wp:featuredmedia":[{"embeddable":true,"href":"https:\/\/ocardoo.com\/en\/wp-json\/wp\/v2\/media\/17151"}],"wp:attachment":[{"href":"https:\/\/ocardoo.com\/en\/wp-json\/wp\/v2\/media?parent=17147"}],"wp:term":[{"taxonomy":"product_cat","embeddable":true,"href":"https:\/\/ocardoo.com\/en\/wp-json\/wp\/v2\/product_cat?post=17147"},{"taxonomy":"product_tag","embeddable":true,"href":"https:\/\/ocardoo.com\/en\/wp-json\/wp\/v2\/product_tag?post=17147"}],"curies":[{"name":"wp","href":"https:\/\/api.w.org\/{rel}","templated":true}]}}