{"id":17159,"date":"2024-02-11T15:37:45","date_gmt":"2024-02-11T14:37:45","guid":{"rendered":"https:\/\/ocardoo.com\/?post_type=product&#038;p=17159"},"modified":"2024-02-11T15:41:01","modified_gmt":"2024-02-11T14:41:01","slug":"35009","status":"publish","type":"product","link":"https:\/\/ocardoo.com\/en\/product\/35009\/","title":{"rendered":"Gemeinsame Dankbarkeit mit einem L\u00e4cheln teilen &#8211; Digitale Gruppengru\u00dfkarte mit bunten Herzen und einem &#8222;Thank You&#8220; Smiley"},"content":{"rendered":"<p>M\u00f6chtest du deine Dankbarkeit mit einem L\u00e4cheln zum Ausdruck bringen? Unsere digitale Gruppengru\u00dfkarte mit bunten Herzen im Hintergrund und einem fr\u00f6hlichen Smiley, der ein &#8222;Thank You&#8220; Schild h\u00e4lt, ist die perfekte Wahl, um gemeinsam Dankbarkeit zu teilen.<\/p>\n<p>Warum unsere Dankeskarte mit Smiley besonders ist:<\/p>\n<p>Fr\u00f6hliches Design: Die bunten Herzen im Hintergrund und der l\u00e4chelnde Smiley verbreiten Freude und machen die Karte zu einem fr\u00f6hlichen Blickfang.<br \/>\nHerzliche Botschaft: Das &#8222;Thank You&#8220; Schild, das der Smiley h\u00e4lt, dr\u00fcckt deine Dankbarkeit auf eine herzliche und direkte Weise aus.<br \/>\nGemeinsame Dankbarkeit: Diese Gruppengru\u00dfkarte bietet die M\u00f6glichkeit, Dankbarkeit gemeinsam mit Freunden, Familie oder Kollegen zu teilen und so die Verbundenheit zu st\u00e4rken.<br \/>\nSo einfach geht&#8217;s:<\/p>\n<p>Karte als Team erstellen: Gestaltet die Dankeskarte gemeinsam, indem ihr eure pers\u00f6nlichen Dankesworte hinzuf\u00fcgt und das Design anpasst, um die Dankbarkeit aller zu repr\u00e4sentieren.<br \/>\nTeilnahme zeigen: Teilt den Link zur Gruppengru\u00dfkarte mit allen, die an der Dankesbekundung teilnehmen m\u00f6chten, damit sie die Karte unterschreiben und ihre eigenen Dankesworte hinzuf\u00fcgen k\u00f6nnen.<br \/>\nDigitales Versenden: Wir k\u00fcmmern uns um den digitalen Versand der Karte zu einem festgelegten Zeitpunkt, damit eure gemeinsame Dankesbotschaft rechtzeitig ankommt.<br \/>\nWarum Ocardoo die beste Wahl ist:<\/p>\n<p>Ocardoo bietet dir die M\u00f6glichkeit, gemeinsam mit anderen Dankbarkeit auszudr\u00fccken und Freude zu verbreiten. Unsere digitale Gruppengru\u00dfkarte mit bunten Herzen und einem fr\u00f6hlichen &#8222;Thank You&#8220; Smiley ist die ideale M\u00f6glichkeit, um gemeinsam Dankbarkeit zu zeigen. Teilt eure Dankbarkeit und verbreitet Freude mit dieser einzigartigen Karte von Ocardoo!<\/p>","protected":false},"excerpt":{"rendered":"<p>M\u00f6chtest du deine Dankbarkeit mit einem L\u00e4cheln zum Ausdruck bringen? Unsere digitale Gruppengru\u00dfkarte mit bunten Herzen im Hintergrund und einem fr\u00f6hlichen Smiley, der ein &#8222;Thank You&#8220; Schild h\u00e4lt, ist die [&hellip;]<\/p>","protected":false},"author":20,"featured_media":17163,"comment_status":"open","ping_status":"closed","template":"","meta":{"_acf_changed":false,"inline_featured_image":false,"footnotes":""},"product_cat":[84,89],"product_tag":[235,234,263,273,272],"class_list":["post-17159","product","type-product","status-publish","has-post-thumbnail","hentry","product_cat-anlaesse","product_cat-danke","product_tag-danke","product_tag-dankeskarte","product_tag-emoji","product_tag-smiley","product_tag-thank-you","pa_variante-basic","pa_variante-premium"],"acf":[],"_links":{"self":[{"href":"https:\/\/ocardoo.com\/en\/wp-json\/wp\/v2\/product\/17159","targetHints":{"allow":["GET"]}}],"collection":[{"href":"https:\/\/ocardoo.com\/en\/wp-json\/wp\/v2\/product"}],"about":[{"href":"https:\/\/ocardoo.com\/en\/wp-json\/wp\/v2\/types\/product"}],"author":[{"embeddable":true,"href":"https:\/\/ocardoo.com\/en\/wp-json\/wp\/v2\/users\/20"}],"replies":[{"embeddable":true,"href":"https:\/\/ocardoo.com\/en\/wp-json\/wp\/v2\/comments?post=17159"}],"version-history":[{"count":2,"href":"https:\/\/ocardoo.com\/en\/wp-json\/wp\/v2\/product\/17159\/revisions"}],"predecessor-version":[{"id":17164,"href":"https:\/\/ocardoo.com\/en\/wp-json\/wp\/v2\/product\/17159\/revisions\/17164"}],"wp:featuredmedia":[{"embeddable":true,"href":"https:\/\/ocardoo.com\/en\/wp-json\/wp\/v2\/media\/17163"}],"wp:attachment":[{"href":"https:\/\/ocardoo.com\/en\/wp-json\/wp\/v2\/media?parent=17159"}],"wp:term":[{"taxonomy":"product_cat","embeddable":true,"href":"https:\/\/ocardoo.com\/en\/wp-json\/wp\/v2\/product_cat?post=17159"},{"taxonomy":"product_tag","embeddable":true,"href":"https:\/\/ocardoo.com\/en\/wp-json\/wp\/v2\/product_tag?post=17159"}],"curies":[{"name":"wp","href":"https:\/\/api.w.org\/{rel}","templated":true}]}}