{"id":17165,"date":"2024-02-11T15:41:36","date_gmt":"2024-02-11T14:41:36","guid":{"rendered":"https:\/\/ocardoo.com\/?post_type=product&#038;p=17165"},"modified":"2024-02-11T15:45:34","modified_gmt":"2024-02-11T14:45:34","slug":"32005","status":"publish","type":"product","link":"https:\/\/ocardoo.com\/en\/product\/32005\/","title":{"rendered":"Genesungsw\u00fcnsche in nat\u00fcrlicher Ruhe &#8211; Digitale Gruppengru\u00dfkarte mit Bergen, See und Kirschbaum"},"content":{"rendered":"<div class=\"flex flex-grow flex-col max-w-full\">\n<div class=\"min-h-[20px] text-message flex flex-col items-start gap-3 whitespace-pre-wrap break-words [.text-message+&amp;]:mt-5 overflow-x-auto\" data-message-author-role=\"assistant\" data-message-id=\"2640f9a8-3a70-4002-8ad2-a9ad20b0d1d2\">\n<div class=\"markdown prose w-full break-words dark:prose-invert light\">\n<p>M\u00f6chtest du deine Genesungsw\u00fcnsche auf einf\u00fchlsame Weise \u00fcbermitteln? Unsere digitale Gruppengru\u00dfkarte mit einem beruhigenden Motiv von Bergen, einem See und einem Kirschbaum ist die perfekte Wahl, um gemeinsam gute Besserung zu w\u00fcnschen.<\/p>\n<p>Warum unsere Genesungskarte besonders ist:<\/p>\n<p>Nat\u00fcrliche Ruhe: Das malerische Motiv von Bergen, einem See und einem Kirschbaum strahlt Ruhe und Frieden aus, was ideal ist, um Trost und Genesungsw\u00fcnsche zu \u00fcbermitteln. Aufmunternder Text: Der einfache, aber herzliche Text &#8222;Gute Besserung!&#8220; dr\u00fcckt deine aufrichtigen W\u00fcnsche f\u00fcr eine schnelle Genesung aus. Gemeinsame Unterst\u00fctzung: Diese Gruppengru\u00dfkarte erm\u00f6glicht es jedem, seine Unterst\u00fctzung und Genesungsw\u00fcnsche auszudr\u00fccken und so dem Empf\u00e4nger Kraft zu geben. So einfach geht&#8217;s:<\/p>\n<p>Karte als Team erstellen: Gestalte die Genesungskarte gemeinsam, indem ihr eure pers\u00f6nlichen Genesungsw\u00fcnsche hinzuf\u00fcgt und das Design anpasst, um Trost und Unterst\u00fctzung zu vermitteln. Teilnahme zeigen: Teilt den Link zur Gruppengru\u00dfkarte mit allen, die Genesungsw\u00fcnsche senden m\u00f6chten, damit sie die Karte unterschreiben und ihre eigenen W\u00fcnsche hinzuf\u00fcgen k\u00f6nnen. Digitales Versenden: Wir k\u00fcmmern uns um den digitalen Versand der Karte zu einem festgelegten Zeitpunkt, damit eure Genesungsw\u00fcnsche rechtzeitig ankommen. Warum Ocardoo die beste Wahl ist:<\/p>\n<p>Ocardoo bietet dir die M\u00f6glichkeit, gemeinsam Trost und Unterst\u00fctzung zu zeigen und Genesungsw\u00fcnsche zu \u00fcbermitteln. Unsere digitale Gruppengru\u00dfkarte mit Bergen, einem See und einem Kirschbaum strahlt Ruhe und Frieden aus und ist ideal, um gemeinsam gute Besserung zu w\u00fcnschen. \u00dcbermittle deine Genesungsw\u00fcnsche und zeige deine Unterst\u00fctzung mit dieser einf\u00fchlsamen Karte von Ocardoo!<\/p>\n<\/div>\n<\/div>\n<\/div>","protected":false},"excerpt":{"rendered":"<p>M\u00f6chtest du deine Genesungsw\u00fcnsche auf einf\u00fchlsame Weise \u00fcbermitteln? Unsere digitale Gruppengru\u00dfkarte mit einem beruhigenden Motiv von Bergen, einem See und einem Kirschbaum ist die perfekte Wahl, um gemeinsam gute Besserung [&hellip;]<\/p>","protected":false},"author":20,"featured_media":17169,"comment_status":"open","ping_status":"closed","template":"","meta":{"_acf_changed":false,"inline_featured_image":false,"footnotes":""},"product_cat":[84,89],"product_tag":[308,276,277,295,445],"class_list":["post-17165","product","type-product","status-publish","has-post-thumbnail","hentry","product_cat-anlaesse","product_cat-danke","product_tag-berge","product_tag-genesung","product_tag-genesungskarte","product_tag-gute-besserung","product_tag-see","pa_variante-basic","pa_variante-premium"],"acf":[],"_links":{"self":[{"href":"https:\/\/ocardoo.com\/en\/wp-json\/wp\/v2\/product\/17165","targetHints":{"allow":["GET"]}}],"collection":[{"href":"https:\/\/ocardoo.com\/en\/wp-json\/wp\/v2\/product"}],"about":[{"href":"https:\/\/ocardoo.com\/en\/wp-json\/wp\/v2\/types\/product"}],"author":[{"embeddable":true,"href":"https:\/\/ocardoo.com\/en\/wp-json\/wp\/v2\/users\/20"}],"replies":[{"embeddable":true,"href":"https:\/\/ocardoo.com\/en\/wp-json\/wp\/v2\/comments?post=17165"}],"version-history":[{"count":2,"href":"https:\/\/ocardoo.com\/en\/wp-json\/wp\/v2\/product\/17165\/revisions"}],"predecessor-version":[{"id":17170,"href":"https:\/\/ocardoo.com\/en\/wp-json\/wp\/v2\/product\/17165\/revisions\/17170"}],"wp:featuredmedia":[{"embeddable":true,"href":"https:\/\/ocardoo.com\/en\/wp-json\/wp\/v2\/media\/17169"}],"wp:attachment":[{"href":"https:\/\/ocardoo.com\/en\/wp-json\/wp\/v2\/media?parent=17165"}],"wp:term":[{"taxonomy":"product_cat","embeddable":true,"href":"https:\/\/ocardoo.com\/en\/wp-json\/wp\/v2\/product_cat?post=17165"},{"taxonomy":"product_tag","embeddable":true,"href":"https:\/\/ocardoo.com\/en\/wp-json\/wp\/v2\/product_tag?post=17165"}],"curies":[{"name":"wp","href":"https:\/\/api.w.org\/{rel}","templated":true}]}}