{"id":17257,"date":"2024-02-16T13:48:11","date_gmt":"2024-02-16T12:48:11","guid":{"rendered":"https:\/\/ocardoo.com\/?post_type=product&#038;p=17257"},"modified":"2024-02-16T13:52:37","modified_gmt":"2024-02-16T12:52:37","slug":"31058","status":"publish","type":"product","link":"https:\/\/ocardoo.com\/en\/product\/31058\/","title":{"rendered":"Digitale Teamgru\u00dfkarte Gruppengru\u00dfkarte &#8222;Komm niemals zur\u00fcck&#8220;"},"content":{"rendered":"","protected":false},"excerpt":{"rendered":"","protected":false},"author":20,"featured_media":17261,"comment_status":"open","ping_status":"closed","template":"","meta":{"_acf_changed":false,"inline_featured_image":false,"footnotes":""},"product_cat":[85,84,414],"product_tag":[279,393,415,352],"class_list":["post-17257","product","type-product","status-publish","has-post-thumbnail","hentry","product_cat-abschied-verlaesst-unternehmen","product_cat-anlaesse","product_cat-ruhestand","product_tag-abschied","product_tag-abschiedkarte","product_tag-rente","product_tag-ruhestand","pa_variante-basic","pa_variante-premium"],"acf":[],"_links":{"self":[{"href":"https:\/\/ocardoo.com\/en\/wp-json\/wp\/v2\/product\/17257","targetHints":{"allow":["GET"]}}],"collection":[{"href":"https:\/\/ocardoo.com\/en\/wp-json\/wp\/v2\/product"}],"about":[{"href":"https:\/\/ocardoo.com\/en\/wp-json\/wp\/v2\/types\/product"}],"author":[{"embeddable":true,"href":"https:\/\/ocardoo.com\/en\/wp-json\/wp\/v2\/users\/20"}],"replies":[{"embeddable":true,"href":"https:\/\/ocardoo.com\/en\/wp-json\/wp\/v2\/comments?post=17257"}],"version-history":[{"count":3,"href":"https:\/\/ocardoo.com\/en\/wp-json\/wp\/v2\/product\/17257\/revisions"}],"predecessor-version":[{"id":17269,"href":"https:\/\/ocardoo.com\/en\/wp-json\/wp\/v2\/product\/17257\/revisions\/17269"}],"wp:featuredmedia":[{"embeddable":true,"href":"https:\/\/ocardoo.com\/en\/wp-json\/wp\/v2\/media\/17261"}],"wp:attachment":[{"href":"https:\/\/ocardoo.com\/en\/wp-json\/wp\/v2\/media?parent=17257"}],"wp:term":[{"taxonomy":"product_cat","embeddable":true,"href":"https:\/\/ocardoo.com\/en\/wp-json\/wp\/v2\/product_cat?post=17257"},{"taxonomy":"product_tag","embeddable":true,"href":"https:\/\/ocardoo.com\/en\/wp-json\/wp\/v2\/product_tag?post=17257"}],"curies":[{"name":"wp","href":"https:\/\/api.w.org\/{rel}","templated":true}]}}