{"id":17309,"date":"2024-02-17T19:13:26","date_gmt":"2024-02-17T18:13:26","guid":{"rendered":"https:\/\/ocardoo.com\/?post_type=product&#038;p=17309"},"modified":"2024-02-17T19:17:10","modified_gmt":"2024-02-17T18:17:10","slug":"11036","status":"publish","type":"product","link":"https:\/\/ocardoo.com\/en\/product\/11036\/","title":{"rendered":"S\u00fc\u00dfe Geburtstags\u00fcberraschung &#8211; Teamgru\u00dfkarte mit Donut-Motiv"},"content":{"rendered":"<div class=\"flex flex-grow flex-col max-w-full\">\n<div class=\"min-h-[20px] text-message flex flex-col items-start gap-3 whitespace-pre-wrap break-words [.text-message+&amp;]:mt-5 overflow-x-auto\" data-message-author-role=\"assistant\" data-message-id=\"f39bf4f7-2ae0-486b-8ff6-89330cc50938\">\n<div class=\"markdown prose w-full break-words dark:prose-invert light\">\n<p>M\u00f6chtest du als Team einem Kollegen oder einer Kollegin zum Geburtstag eine s\u00fc\u00dfe \u00dcberraschung bereiten? Unsere Teamgru\u00dfkarte mit einem leckeren Donut-Motiv und dem Text &#8222;Happy Birthday&#8220; ist die perfekte Wahl, um eure Gl\u00fcckw\u00fcnsche gemeinsam zu \u00fcbermitteln und als Gruppe zu feiern.<\/p>\n<p>Was macht unsere Grusskarte besonders:<\/p>\n<p>Leckeres Design: Das Donut-Motiv auf der Karte verspr\u00fcht sofort gute Laune und macht Lust auf etwas S\u00fc\u00dfes. Ein s\u00fc\u00dfer Gru\u00df f\u00fcr einen besonderen Tag! Feierliche Botschaft: Der Text &#8222;Happy Birthday&#8220; verleiht der Karte eine festliche Note und unterstreicht die Geburtstagsw\u00fcnsche auf liebevolle Weise. Gemeinsames Feiern: Verschicke die Geburtstagsgru\u00dfkarte als Team und zeige, dass ihr zusammensteht und gemeinsam feiert. So einfach funktioniert es:<\/p>\n<p><strong>Gru\u00dfkarte als Gruppe versenden<\/strong>: Teile die Donut-Geburtstagskarte mit dem Geburtstagskind und lass es wissen, dass ihr als Team an ihn\/sie denkt. Digitale Gruppengru\u00dfkarte gemeinsam unterzeichnen: Unterschreibe die Karte gemeinsam digital und f\u00fcge pers\u00f6nliche Nachrichten hinzu, um dem Geburtstagskind deine besten W\u00fcnsche zu \u00fcbermitteln. Digitales Versenden: Wir k\u00fcmmern uns um den digitalen Versand der Karte zu einem festgelegten Zeitpunkt, damit die Geburtstagsgr\u00fc\u00dfe rechtzeitig ankommen und f\u00fcr Freude sorgen. Warum Ocardoo die beste Wahl ist:<\/p>\n<p>Ocardoo bietet dir die M\u00f6glichkeit, Geburtstagsw\u00fcnsche mit einem s\u00fc\u00dfen Motiv zu versenden und als Team zusammenzuhalten. Versende unsere Teamgru\u00dfkarte mit Donut-Motiv und &#8222;Happy Birthday&#8220;-Text und feiert gemeinsam! Feiere den Geburtstag auf besondere Weise mit dieser Gruppenkarte von Ocardoo!<\/p>\n<\/div>\n<\/div>\n<\/div>","protected":false},"excerpt":{"rendered":"<p>M\u00f6chtest du als Team einem Kollegen oder einer Kollegin zum Geburtstag eine s\u00fc\u00dfe \u00dcberraschung bereiten? Unsere Teamgru\u00dfkarte mit einem leckeren Donut-Motiv und dem Text &#8222;Happy Birthday&#8220; ist die perfekte Wahl, [&hellip;]<\/p>","protected":false},"author":20,"featured_media":17313,"comment_status":"open","ping_status":"closed","template":"","meta":{"_acf_changed":false,"inline_featured_image":false,"footnotes":""},"product_cat":[80,79],"product_tag":[452,49,230],"class_list":["post-17309","product","type-product","status-publish","has-post-thumbnail","hentry","product_cat-geburtstag","product_cat-gratulation","product_tag-donut","product_tag-geburtstag","product_tag-happy-birthday","pa_variante-basic","pa_variante-premium"],"acf":[],"_links":{"self":[{"href":"https:\/\/ocardoo.com\/en\/wp-json\/wp\/v2\/product\/17309","targetHints":{"allow":["GET"]}}],"collection":[{"href":"https:\/\/ocardoo.com\/en\/wp-json\/wp\/v2\/product"}],"about":[{"href":"https:\/\/ocardoo.com\/en\/wp-json\/wp\/v2\/types\/product"}],"author":[{"embeddable":true,"href":"https:\/\/ocardoo.com\/en\/wp-json\/wp\/v2\/users\/20"}],"replies":[{"embeddable":true,"href":"https:\/\/ocardoo.com\/en\/wp-json\/wp\/v2\/comments?post=17309"}],"version-history":[{"count":2,"href":"https:\/\/ocardoo.com\/en\/wp-json\/wp\/v2\/product\/17309\/revisions"}],"predecessor-version":[{"id":17314,"href":"https:\/\/ocardoo.com\/en\/wp-json\/wp\/v2\/product\/17309\/revisions\/17314"}],"wp:featuredmedia":[{"embeddable":true,"href":"https:\/\/ocardoo.com\/en\/wp-json\/wp\/v2\/media\/17313"}],"wp:attachment":[{"href":"https:\/\/ocardoo.com\/en\/wp-json\/wp\/v2\/media?parent=17309"}],"wp:term":[{"taxonomy":"product_cat","embeddable":true,"href":"https:\/\/ocardoo.com\/en\/wp-json\/wp\/v2\/product_cat?post=17309"},{"taxonomy":"product_tag","embeddable":true,"href":"https:\/\/ocardoo.com\/en\/wp-json\/wp\/v2\/product_tag?post=17309"}],"curies":[{"name":"wp","href":"https:\/\/api.w.org\/{rel}","templated":true}]}}