{"id":17315,"date":"2024-02-17T19:17:39","date_gmt":"2024-02-17T18:17:39","guid":{"rendered":"https:\/\/ocardoo.com\/?post_type=product&#038;p=17315"},"modified":"2024-02-17T19:20:18","modified_gmt":"2024-02-17T18:20:18","slug":"11037","status":"publish","type":"product","link":"https:\/\/ocardoo.com\/en\/product\/11037\/","title":{"rendered":"Feiere mit uns! &#8211; Gruppengru\u00dfkarte mit Donut-Motiv zum Geburtstag"},"content":{"rendered":"<div class=\"flex flex-grow flex-col max-w-full\">\n<div class=\"min-h-[20px] text-message flex flex-col items-start gap-3 whitespace-pre-wrap break-words [.text-message+&amp;]:mt-5 overflow-x-auto\" data-message-author-role=\"assistant\" data-message-id=\"f39bf4f7-2ae0-486b-8ff6-89330cc50938\">\n<div class=\"markdown prose w-full break-words dark:prose-invert light\">\n<p>M\u00f6chtest du gemeinsam mit deinem Team einem lieben Kollegen oder einer lieben Kollegin zum Geburtstag gratulieren? Unsere Gruppengru\u00dfkarte mit einem k\u00f6stlichen Donut-Motiv und dem Text &#8222;Happy Birthday&#8220; ist die perfekte M\u00f6glichkeit, eure Gl\u00fcckw\u00fcnsche gemeinsam zu \u00fcbermitteln und als Gruppe zu feiern.<\/p>\n<p>Was macht unsere Grusskarte besonders:<\/p>\n<p>Verspieltes Design: Das Donut-Motiv auf der Karte ist nicht nur s\u00fc\u00df, sondern verbreitet auch sofort gute Laune und Feierstimmung. Ein einladender Gru\u00df f\u00fcr einen besonderen Tag!<br \/>\nFestliche Botschaft: Der Text &#8222;Happy Birthday&#8220; verleiht der Karte eine festliche Note und unterstreicht die herzlichen Geburtstagsw\u00fcnsche an das Geburtstagskind.<br \/>\nGemeinschaftliches Feiern: Verschicke die Geburtstagsgru\u00dfkarte gemeinsam mit deinem Team und zeigt, dass ihr als Gruppe zusammensteht und den Geburtstag geb\u00fchrend feiert.<br \/>\nSo einfach funktioniert es:<\/p>\n<p>Gru\u00dfkarte als Gruppe versenden: Teile die Gruppengru\u00dfkarte mit dem Geburtstagskind und lasse es wissen, dass ihr als Team an ihn\/sie denkt und gemeinsam feiert.<br \/>\nDigitale Gru\u00dfkarte gemeinsam unterschreiben: Unterschreibt die Karte gemeinsam digital und f\u00fcgt pers\u00f6nliche Nachrichten hinzu, um eure besten W\u00fcnsche zu \u00fcbermitteln.<br \/>\nDigitale Gruppengru\u00dfkarte gemeinsam unterzeichnen: Nutzt die Funktion, um die Karte gemeinsam zu unterzeichnen und dem Geburtstagskind eine besondere Freude zu bereiten.<br \/>\nWarum Ocardoo die beste Wahl ist:<\/p>\n<p>Ocardoo bietet dir die M\u00f6glichkeit, Geburtstagsw\u00fcnsche mit einem s\u00fc\u00dfen Motiv zu versenden und als Team zusammenzuhalten. Versende unsere Gruppengru\u00dfkarte mit Donut-Motiv und &#8222;Happy Birthday&#8220;-Text und feiert gemeinsam! Feiere den Geburtstag auf besondere Weise mit dieser Gruppenkarte von Ocardoo!<\/p>\n<\/div>\n<\/div>\n<\/div>","protected":false},"excerpt":{"rendered":"<p>M\u00f6chtest du gemeinsam mit deinem Team einem lieben Kollegen oder einer lieben Kollegin zum Geburtstag gratulieren? Unsere Gruppengru\u00dfkarte mit einem k\u00f6stlichen Donut-Motiv und dem Text &#8222;Happy Birthday&#8220; ist die perfekte [&hellip;]<\/p>","protected":false},"author":20,"featured_media":17319,"comment_status":"open","ping_status":"closed","template":"","meta":{"_acf_changed":false,"inline_featured_image":false,"footnotes":""},"product_cat":[80,79],"product_tag":[452,453,49,230],"class_list":["post-17315","product","type-product","status-publish","has-post-thumbnail","hentry","product_cat-geburtstag","product_cat-gratulation","product_tag-donut","product_tag-donuts","product_tag-geburtstag","product_tag-happy-birthday","pa_variante-basic","pa_variante-premium"],"acf":[],"_links":{"self":[{"href":"https:\/\/ocardoo.com\/en\/wp-json\/wp\/v2\/product\/17315","targetHints":{"allow":["GET"]}}],"collection":[{"href":"https:\/\/ocardoo.com\/en\/wp-json\/wp\/v2\/product"}],"about":[{"href":"https:\/\/ocardoo.com\/en\/wp-json\/wp\/v2\/types\/product"}],"author":[{"embeddable":true,"href":"https:\/\/ocardoo.com\/en\/wp-json\/wp\/v2\/users\/20"}],"replies":[{"embeddable":true,"href":"https:\/\/ocardoo.com\/en\/wp-json\/wp\/v2\/comments?post=17315"}],"version-history":[{"count":2,"href":"https:\/\/ocardoo.com\/en\/wp-json\/wp\/v2\/product\/17315\/revisions"}],"predecessor-version":[{"id":17320,"href":"https:\/\/ocardoo.com\/en\/wp-json\/wp\/v2\/product\/17315\/revisions\/17320"}],"wp:featuredmedia":[{"embeddable":true,"href":"https:\/\/ocardoo.com\/en\/wp-json\/wp\/v2\/media\/17319"}],"wp:attachment":[{"href":"https:\/\/ocardoo.com\/en\/wp-json\/wp\/v2\/media?parent=17315"}],"wp:term":[{"taxonomy":"product_cat","embeddable":true,"href":"https:\/\/ocardoo.com\/en\/wp-json\/wp\/v2\/product_cat?post=17315"},{"taxonomy":"product_tag","embeddable":true,"href":"https:\/\/ocardoo.com\/en\/wp-json\/wp\/v2\/product_tag?post=17315"}],"curies":[{"name":"wp","href":"https:\/\/api.w.org\/{rel}","templated":true}]}}