{"id":17325,"date":"2024-02-17T20:46:07","date_gmt":"2024-02-17T19:46:07","guid":{"rendered":"https:\/\/ocardoo.com\/?post_type=product&#038;p=17325"},"modified":"2024-02-17T20:49:57","modified_gmt":"2024-02-17T19:49:57","slug":"11038","status":"publish","type":"product","link":"https:\/\/ocardoo.com\/en\/product\/11038\/","title":{"rendered":"L\u00e4chelnde Geburtstags\u00fcberraschung &#8211; Teamgru\u00dfkarte mit Wassermelonen-Motiv"},"content":{"rendered":"<p>M\u00f6chtest du als Team einem besonderen Menschen zum Geburtstag ein strahlendes L\u00e4cheln schenken? Unsere Teamgru\u00dfkarte in zartem Rosa mit einer fr\u00f6hlichen Wassermelone und dem Text &#8222;Happy Birthday&#8220; ist die perfekte M\u00f6glichkeit, eure Gl\u00fcckw\u00fcnsche gemeinsam zu \u00fcbermitteln und Freude zu verbreiten.<\/p>\n<p>Was macht unsere Grusskarte besonders:<\/p>\n<p>Fr\u00f6hliches Design: Die l\u00e4chelnde Wassermelone auf der Karte strahlt Fr\u00f6hlichkeit aus und sorgt f\u00fcr ein sofortiges L\u00e4cheln beim Empf\u00e4nger. Ein verspieltes Motiv f\u00fcr einen freudigen Anlass!<br \/>\nFestliche Botschaft: Der Text &#8222;Happy Birthday&#8220; verleiht der Karte eine festliche Note und unterstreicht die herzlichen Geburtstagsw\u00fcnsche an das Geburtstagskind.<br \/>\nGemeinsames Feiern: Verschicke die Geburtstagsgru\u00dfkarte gemeinsam mit deinem Team und zeigt, dass ihr als Gruppe zusammensteht und den Geburtstag geb\u00fchrend feiert.<br \/>\nSo einfach funktioniert es:<\/p>\n<p>Gru\u00dfkarte als Gruppe versenden: Teile die Teamgru\u00dfkarte mit dem Geburtstagskind und lasse es wissen, dass ihr als Team an ihn\/sie denkt und gemeinsam feiert.<br \/>\nDigitale Gruppengru\u00dfkarte gemeinsam unterzeichnen: Unterschreibt die Karte gemeinsam digital und f\u00fcgt pers\u00f6nliche Nachrichten hinzu, um eure besten W\u00fcnsche zu \u00fcbermitteln.<br \/>\nDigitales Versenden: Wir k\u00fcmmern uns um den digitalen Versand der Karte zu einem festgelegten Zeitpunkt, damit die Geburtstagsgr\u00fc\u00dfe rechtzeitig ankommen und Freude bereiten.<br \/>\nWarum Ocardoo die beste Wahl ist:<\/p>\n<p>Ocardoo bietet dir die M\u00f6glichkeit, Geburtstagsw\u00fcnsche mit einem fr\u00f6hlichen Motiv zu versenden und als Team zusammenzuhalten. Versende unsere Teamgru\u00dfkarte mit Wassermelonen-Motiv und &#8222;Happy Birthday&#8220;-Text und bringe ein L\u00e4cheln auf das Gesicht des Geburtstagskindes! Feiere den Geburtstag auf besondere Weise mit dieser Gruppenkarte von Ocardoo!<\/p>","protected":false},"excerpt":{"rendered":"<p>M\u00f6chtest du als Team einem besonderen Menschen zum Geburtstag ein strahlendes L\u00e4cheln schenken? Unsere Teamgru\u00dfkarte in zartem Rosa mit einer fr\u00f6hlichen Wassermelone und dem Text &#8222;Happy Birthday&#8220; ist die perfekte [&hellip;]<\/p>","protected":false},"author":20,"featured_media":17329,"comment_status":"open","ping_status":"closed","template":"","meta":{"_acf_changed":false,"inline_featured_image":false,"footnotes":""},"product_cat":[80,79],"product_tag":[49,230,455,454],"class_list":["post-17325","product","type-product","status-publish","has-post-thumbnail","hentry","product_cat-geburtstag","product_cat-gratulation","product_tag-geburtstag","product_tag-happy-birthday","product_tag-melone","product_tag-wassermelone","pa_variante-basic","pa_variante-premium"],"acf":[],"_links":{"self":[{"href":"https:\/\/ocardoo.com\/en\/wp-json\/wp\/v2\/product\/17325","targetHints":{"allow":["GET"]}}],"collection":[{"href":"https:\/\/ocardoo.com\/en\/wp-json\/wp\/v2\/product"}],"about":[{"href":"https:\/\/ocardoo.com\/en\/wp-json\/wp\/v2\/types\/product"}],"author":[{"embeddable":true,"href":"https:\/\/ocardoo.com\/en\/wp-json\/wp\/v2\/users\/20"}],"replies":[{"embeddable":true,"href":"https:\/\/ocardoo.com\/en\/wp-json\/wp\/v2\/comments?post=17325"}],"version-history":[{"count":2,"href":"https:\/\/ocardoo.com\/en\/wp-json\/wp\/v2\/product\/17325\/revisions"}],"predecessor-version":[{"id":17330,"href":"https:\/\/ocardoo.com\/en\/wp-json\/wp\/v2\/product\/17325\/revisions\/17330"}],"wp:featuredmedia":[{"embeddable":true,"href":"https:\/\/ocardoo.com\/en\/wp-json\/wp\/v2\/media\/17329"}],"wp:attachment":[{"href":"https:\/\/ocardoo.com\/en\/wp-json\/wp\/v2\/media?parent=17325"}],"wp:term":[{"taxonomy":"product_cat","embeddable":true,"href":"https:\/\/ocardoo.com\/en\/wp-json\/wp\/v2\/product_cat?post=17325"},{"taxonomy":"product_tag","embeddable":true,"href":"https:\/\/ocardoo.com\/en\/wp-json\/wp\/v2\/product_tag?post=17325"}],"curies":[{"name":"wp","href":"https:\/\/api.w.org\/{rel}","templated":true}]}}