{"id":17340,"date":"2024-02-18T14:00:20","date_gmt":"2024-02-18T13:00:20","guid":{"rendered":"https:\/\/ocardoo.com\/?post_type=product&#038;p=17340"},"modified":"2024-02-18T14:04:05","modified_gmt":"2024-02-18T13:04:05","slug":"11040","status":"publish","type":"product","link":"https:\/\/ocardoo.com\/en\/product\/11040\/","title":{"rendered":"Sonnige Geburtstagsgr\u00fc\u00dfe &#8211; Teamgru\u00dfkarte mit Heidelbeer-Motiv"},"content":{"rendered":"<p>Bereite einem besonderen Menschen ein strahlendes L\u00e4cheln zum Geburtstag mit unserer digitalen Gruppengru\u00dfkarte in hellem Gelb und einer fr\u00f6hlichen Heidelbeere vor! Diese Karte strahlt Freude und Sonnenschein aus und ist perfekt, um als Team eure besten W\u00fcnsche zu \u00fcbermitteln.<\/p>\n<p>Was macht unsere Grusskarte besonders:<\/p>\n<p>Sonniges Design: Die lachende Heidelbeere auf dem sonnigen Gelb der Karte verbreitet sofort gute Laune und bringt ein Strahlen auf das Gesicht des Geburtstagskindes.<br \/>\nPers\u00f6nlicher Touch: Unsere digitale Gruppengru\u00dfkarte bietet die M\u00f6glichkeit, pers\u00f6nliche Nachrichten hinzuzuf\u00fcgen und gemeinsam als Team die besten Geburtstagsw\u00fcnsche zu \u00fcbermitteln.<br \/>\nEinfache Handhabung: Teile die Karte m\u00fchelos mit deinem Team und lasst jeden einzelnen eure herzlichen Gl\u00fcckw\u00fcnsche digital unterzeichnen, um dem Geburtstagskind eine unvergessliche \u00dcberraschung zu bereiten.<br \/>\nWarum Ocardoo die beste Wahl ist:<\/p>\n<p>Ocardoo bietet dir die M\u00f6glichkeit, Geburtstagsgr\u00fc\u00dfe mit einem einzigartigen und sonnigen Motiv zu versenden und als Team enger zusammenzur\u00fccken. Feiere den Geburtstag auf besondere Weise mit unserer digitalen Gruppengru\u00dfkarte mit Heidelbeer-Motiv und verbreite Freude und Gl\u00fcck!<\/p>","protected":false},"excerpt":{"rendered":"<p>Bereite einem besonderen Menschen ein strahlendes L\u00e4cheln zum Geburtstag mit unserer digitalen Gruppengru\u00dfkarte in hellem Gelb und einer fr\u00f6hlichen Heidelbeere vor! Diese Karte strahlt Freude und Sonnenschein aus und ist [&hellip;]<\/p>","protected":false},"author":20,"featured_media":17344,"comment_status":"open","ping_status":"closed","template":"","meta":{"_acf_changed":false,"inline_featured_image":false,"footnotes":""},"product_cat":[80,79],"product_tag":[49,230,458],"class_list":["post-17340","product","type-product","status-publish","has-post-thumbnail","hentry","product_cat-geburtstag","product_cat-gratulation","product_tag-geburtstag","product_tag-happy-birthday","product_tag-heidelbeer","pa_variante-basic","pa_variante-premium"],"acf":[],"_links":{"self":[{"href":"https:\/\/ocardoo.com\/en\/wp-json\/wp\/v2\/product\/17340","targetHints":{"allow":["GET"]}}],"collection":[{"href":"https:\/\/ocardoo.com\/en\/wp-json\/wp\/v2\/product"}],"about":[{"href":"https:\/\/ocardoo.com\/en\/wp-json\/wp\/v2\/types\/product"}],"author":[{"embeddable":true,"href":"https:\/\/ocardoo.com\/en\/wp-json\/wp\/v2\/users\/20"}],"replies":[{"embeddable":true,"href":"https:\/\/ocardoo.com\/en\/wp-json\/wp\/v2\/comments?post=17340"}],"version-history":[{"count":2,"href":"https:\/\/ocardoo.com\/en\/wp-json\/wp\/v2\/product\/17340\/revisions"}],"predecessor-version":[{"id":17345,"href":"https:\/\/ocardoo.com\/en\/wp-json\/wp\/v2\/product\/17340\/revisions\/17345"}],"wp:featuredmedia":[{"embeddable":true,"href":"https:\/\/ocardoo.com\/en\/wp-json\/wp\/v2\/media\/17344"}],"wp:attachment":[{"href":"https:\/\/ocardoo.com\/en\/wp-json\/wp\/v2\/media?parent=17340"}],"wp:term":[{"taxonomy":"product_cat","embeddable":true,"href":"https:\/\/ocardoo.com\/en\/wp-json\/wp\/v2\/product_cat?post=17340"},{"taxonomy":"product_tag","embeddable":true,"href":"https:\/\/ocardoo.com\/en\/wp-json\/wp\/v2\/product_tag?post=17340"}],"curies":[{"name":"wp","href":"https:\/\/api.w.org\/{rel}","templated":true}]}}