{"id":17346,"date":"2024-02-18T14:04:42","date_gmt":"2024-02-18T13:04:42","guid":{"rendered":"https:\/\/ocardoo.com\/?post_type=product&#038;p=17346"},"modified":"2024-02-18T14:08:06","modified_gmt":"2024-02-18T13:08:06","slug":"11041","status":"publish","type":"product","link":"https:\/\/ocardoo.com\/en\/product\/11041\/","title":{"rendered":"S\u00fc\u00dfe Geburtstagsfreuden &#8211; Teamgru\u00dfkarte mit Donut-Motiv"},"content":{"rendered":"<p>Feiere den Geburtstag eines geliebten Teammitglieds mit unserer Teamgru\u00dfkarte, die mit einer Vielzahl von k\u00f6stlichen Donuts und dem Text &#8222;Happy Birthday&#8220; gestaltet ist! Diese l\u00e4chelnde Gru\u00dfkarte ist die perfekte Art, um als Gruppe zusammenzukommen und gemeinsam s\u00fc\u00dfe Geburtstagsgr\u00fc\u00dfe zu \u00fcbermitteln.<\/p>\n<p>Was macht unsere Grusskarte besonders:<\/p>\n<p>Verspieltes Design: Die vielen bunten Donuts auf der Karte verbreiten sofort gute Laune und zaubern dem Geburtstagskind garantiert ein L\u00e4cheln ins Gesicht. Ein s\u00fc\u00dfes Motiv f\u00fcr einen besonderen Tag!<br \/>\nFestliche Botschaft: Der Text &#8222;Happy Birthday&#8220; verleiht der Karte eine festliche Note und unterstreicht die herzlichen Geburtstagsw\u00fcnsche an das Geburtstagskind.<br \/>\nGemeinsames Feiern: Verschicke die Geburtstagsgru\u00dfkarte gemeinsam mit deinem Team und zeigt, dass ihr als Gruppe zusammensteht und den Geburtstag geb\u00fchrend feiert.<br \/>\nSo einfach funktioniert es:<\/p>\n<p>Gru\u00dfkarte als Gruppe versenden: Teile die Teamgru\u00dfkarte mit dem Geburtstagskind und lasse es wissen, dass ihr als Team an ihn\/sie denkt und gemeinsam feiert.<br \/>\nDigitale Gruppengru\u00dfkarte gemeinsam unterzeichnen: Unterschreibt die Karte gemeinsam digital und f\u00fcgt pers\u00f6nliche Nachrichten hinzu, um eure besten W\u00fcnsche zu \u00fcbermitteln.<br \/>\nDigitales Versenden: Wir k\u00fcmmern uns um den digitalen Versand der Karte zu einem festgelegten Zeitpunkt, damit die Geburtstagsgr\u00fc\u00dfe rechtzeitig ankommen und Freude bereiten.<br \/>\nWarum Ocardoo die beste Wahl ist:<\/p>\n<p>Ocardoo bietet dir die M\u00f6glichkeit, Geburtstagsw\u00fcnsche mit einem verspielten und s\u00fc\u00dfen Motiv zu versenden und als Team zusammenzuhalten. Versende unsere Teamgru\u00dfkarte mit Donut-Motiv und &#8222;Happy Birthday&#8220;-Text und verbreite s\u00fc\u00dfe Geburtstagsfreuden! Feiere den Geburtstag auf besondere Weise mit dieser Gruppenkarte von Ocardoo!<\/p>","protected":false},"excerpt":{"rendered":"<p>Feiere den Geburtstag eines geliebten Teammitglieds mit unserer Teamgru\u00dfkarte, die mit einer Vielzahl von k\u00f6stlichen Donuts und dem Text &#8222;Happy Birthday&#8220; gestaltet ist! Diese l\u00e4chelnde Gru\u00dfkarte ist die perfekte Art, [&hellip;]<\/p>","protected":false},"author":20,"featured_media":17350,"comment_status":"open","ping_status":"closed","template":"","meta":{"_acf_changed":false,"inline_featured_image":false,"footnotes":""},"product_cat":[80,79],"product_tag":[452,453,49,230],"class_list":["post-17346","product","type-product","status-publish","has-post-thumbnail","hentry","product_cat-geburtstag","product_cat-gratulation","product_tag-donut","product_tag-donuts","product_tag-geburtstag","product_tag-happy-birthday","pa_variante-basic","pa_variante-premium"],"acf":[],"_links":{"self":[{"href":"https:\/\/ocardoo.com\/en\/wp-json\/wp\/v2\/product\/17346","targetHints":{"allow":["GET"]}}],"collection":[{"href":"https:\/\/ocardoo.com\/en\/wp-json\/wp\/v2\/product"}],"about":[{"href":"https:\/\/ocardoo.com\/en\/wp-json\/wp\/v2\/types\/product"}],"author":[{"embeddable":true,"href":"https:\/\/ocardoo.com\/en\/wp-json\/wp\/v2\/users\/20"}],"replies":[{"embeddable":true,"href":"https:\/\/ocardoo.com\/en\/wp-json\/wp\/v2\/comments?post=17346"}],"version-history":[{"count":2,"href":"https:\/\/ocardoo.com\/en\/wp-json\/wp\/v2\/product\/17346\/revisions"}],"predecessor-version":[{"id":17351,"href":"https:\/\/ocardoo.com\/en\/wp-json\/wp\/v2\/product\/17346\/revisions\/17351"}],"wp:featuredmedia":[{"embeddable":true,"href":"https:\/\/ocardoo.com\/en\/wp-json\/wp\/v2\/media\/17350"}],"wp:attachment":[{"href":"https:\/\/ocardoo.com\/en\/wp-json\/wp\/v2\/media?parent=17346"}],"wp:term":[{"taxonomy":"product_cat","embeddable":true,"href":"https:\/\/ocardoo.com\/en\/wp-json\/wp\/v2\/product_cat?post=17346"},{"taxonomy":"product_tag","embeddable":true,"href":"https:\/\/ocardoo.com\/en\/wp-json\/wp\/v2\/product_tag?post=17346"}],"curies":[{"name":"wp","href":"https:\/\/api.w.org\/{rel}","templated":true}]}}