{"id":17358,"date":"2024-02-18T14:10:30","date_gmt":"2024-02-18T13:10:30","guid":{"rendered":"https:\/\/ocardoo.com\/?post_type=product&#038;p=17358"},"modified":"2024-02-18T14:12:26","modified_gmt":"2024-02-18T13:12:26","slug":"11043","status":"publish","type":"product","link":"https:\/\/ocardoo.com\/en\/product\/11043\/","title":{"rendered":"K\u00f6stliche Geburtstagsfreuden &#8211; Teamgru\u00dfkarte mit Donut-Motiv"},"content":{"rendered":"<p>Feiere den Geburtstag eines lieben Teammitglieds mit unserer Teamgru\u00dfkarte, die mit einer Vielzahl von k\u00f6stlichen Donuts und dem Text &#8222;Happy Birthday&#8220; gestaltet ist! Diese l\u00e4chelnde Gru\u00dfkarte verspr\u00fcht Freude und Genuss und ist die perfekte M\u00f6glichkeit, gemeinsam als Gruppe eure besten W\u00fcnsche zu \u00fcbermitteln.<\/p>\n<p>Was macht unsere Grusskarte besonders:<\/p>\n<p>Verlockendes Design: Die vielen bunten Donuts auf der Karte laden zum Naschen ein und zaubern dem Geburtstagskind garantiert ein L\u00e4cheln ins Gesicht. Ein appetitliches Motiv f\u00fcr einen besonderen Tag!<br \/>\nFestliche Botschaft: Der Text &#8222;Happy Birthday&#8220; verleiht der Karte eine festliche Note und unterstreicht die herzlichen Geburtstagsw\u00fcnsche an das Geburtstagskind.<br \/>\nGemeinsames Feiern: Verschicke die Geburtstagsgru\u00dfkarte gemeinsam mit deinem Team und zeigt, dass ihr als Gruppe zusammensteht und den Geburtstag geb\u00fchrend feiert.<br \/>\nSo einfach funktioniert es:<\/p>\n<p>Gru\u00dfkarte als Gruppe versenden: Teile die Teamgru\u00dfkarte mit dem Geburtstagskind und lasse es wissen, dass ihr als Team an ihn\/sie denkt und gemeinsam feiert.<br \/>\nDigitale Gruppengru\u00dfkarte gemeinsam unterzeichnen: Unterschreibt die Karte gemeinsam digital und f\u00fcgt pers\u00f6nliche Nachrichten hinzu, um eure besten W\u00fcnsche zu \u00fcbermitteln.<br \/>\nDigitales Versenden: Wir k\u00fcmmern uns um den digitalen Versand der Karte zu einem festgelegten Zeitpunkt, damit die Geburtstagsgr\u00fc\u00dfe rechtzeitig ankommen und Freude bereiten.<br \/>\nWarum Ocardoo die beste Wahl ist:<\/p>\n<p>Ocardoo bietet dir die M\u00f6glichkeit, Geburtstagsw\u00fcnsche mit einem verlockenden und fr\u00f6hlichen Motiv zu versenden und als Team zusammenzuhalten. Versende unsere Teamgru\u00dfkarte mit Donut-Motiv und &#8222;Happy Birthday&#8220;-Text und sorge f\u00fcr k\u00f6stliche Geburtstagsfreuden! Feiere den Geburtstag auf besondere Weise mit dieser Gruppenkarte von Ocardoo!<\/p>","protected":false},"excerpt":{"rendered":"<p>Feiere den Geburtstag eines lieben Teammitglieds mit unserer Teamgru\u00dfkarte, die mit einer Vielzahl von k\u00f6stlichen Donuts und dem Text &#8222;Happy Birthday&#8220; gestaltet ist! Diese l\u00e4chelnde Gru\u00dfkarte verspr\u00fcht Freude und Genuss [&hellip;]<\/p>","protected":false},"author":20,"featured_media":17362,"comment_status":"open","ping_status":"closed","template":"","meta":{"_acf_changed":false,"inline_featured_image":false,"footnotes":""},"product_cat":[80,79],"product_tag":[452,453,49,230],"class_list":["post-17358","product","type-product","status-publish","has-post-thumbnail","hentry","product_cat-geburtstag","product_cat-gratulation","product_tag-donut","product_tag-donuts","product_tag-geburtstag","product_tag-happy-birthday","pa_variante-basic","pa_variante-premium"],"acf":[],"_links":{"self":[{"href":"https:\/\/ocardoo.com\/en\/wp-json\/wp\/v2\/product\/17358","targetHints":{"allow":["GET"]}}],"collection":[{"href":"https:\/\/ocardoo.com\/en\/wp-json\/wp\/v2\/product"}],"about":[{"href":"https:\/\/ocardoo.com\/en\/wp-json\/wp\/v2\/types\/product"}],"author":[{"embeddable":true,"href":"https:\/\/ocardoo.com\/en\/wp-json\/wp\/v2\/users\/20"}],"replies":[{"embeddable":true,"href":"https:\/\/ocardoo.com\/en\/wp-json\/wp\/v2\/comments?post=17358"}],"version-history":[{"count":2,"href":"https:\/\/ocardoo.com\/en\/wp-json\/wp\/v2\/product\/17358\/revisions"}],"predecessor-version":[{"id":17363,"href":"https:\/\/ocardoo.com\/en\/wp-json\/wp\/v2\/product\/17358\/revisions\/17363"}],"wp:featuredmedia":[{"embeddable":true,"href":"https:\/\/ocardoo.com\/en\/wp-json\/wp\/v2\/media\/17362"}],"wp:attachment":[{"href":"https:\/\/ocardoo.com\/en\/wp-json\/wp\/v2\/media?parent=17358"}],"wp:term":[{"taxonomy":"product_cat","embeddable":true,"href":"https:\/\/ocardoo.com\/en\/wp-json\/wp\/v2\/product_cat?post=17358"},{"taxonomy":"product_tag","embeddable":true,"href":"https:\/\/ocardoo.com\/en\/wp-json\/wp\/v2\/product_tag?post=17358"}],"curies":[{"name":"wp","href":"https:\/\/api.w.org\/{rel}","templated":true}]}}