{"id":17364,"date":"2024-02-18T14:12:39","date_gmt":"2024-02-18T13:12:39","guid":{"rendered":"https:\/\/ocardoo.com\/?post_type=product&#038;p=17364"},"modified":"2024-02-18T14:14:56","modified_gmt":"2024-02-18T13:14:56","slug":"11044","status":"publish","type":"product","link":"https:\/\/ocardoo.com\/en\/product\/11044\/","title":{"rendered":"S\u00fc\u00dfe Geburtstags\u00fcberraschung &#8211; Teamgru\u00dfkarte mit Donut-Motiv"},"content":{"rendered":"<p>Feiere den Geburtstag eines besonderen Menschen mit unserer Teamgru\u00dfkarte, die mit einer Vielzahl von k\u00f6stlichen Donuts und dem Text &#8222;Happy Birthday&#8220; gestaltet ist! Diese fr\u00f6hliche Gru\u00dfkarte verspr\u00fcht Geburtstagsfreude und ist die perfekte M\u00f6glichkeit, gemeinsam als Team eure besten W\u00fcnsche zu \u00fcbermitteln.<\/p>\n<p>Was macht unsere Grusskarte besonders:<\/p>\n<p>Verlockendes Design: Die vielen bunten Donuts auf der Karte laden zum Genie\u00dfen ein und verbreiten sofort gute Laune. Ein s\u00fc\u00dfes und ansprechendes Motiv f\u00fcr einen besonderen Tag!<br \/>\nHerzliche Botschaft: Der Text &#8222;Happy Birthday&#8220; verleiht der Karte eine festliche Note und zeigt dem Geburtstagskind, dass ihr als Team an ihn\/sie denkt und gemeinsam feiert.<br \/>\nGemeinsames Feiern: Verschicke die Geburtstagsgru\u00dfkarte gemeinsam mit deinem Team und zeigt, dass ihr als Gruppe zusammensteht und den Geburtstag geb\u00fchrend w\u00fcrdigt.<br \/>\nSo einfach funktioniert es:<\/p>\n<p>Gru\u00dfkarte als Gruppe versenden: Teile die Teamgru\u00dfkarte mit dem Geburtstagskind und lasse es wissen, dass ihr als Team an ihn\/sie denkt und gemeinsam feiert.<br \/>\nDigitale Gruppengru\u00dfkarte gemeinsam unterzeichnen: Unterschreibt die Karte gemeinsam digital und f\u00fcgt pers\u00f6nliche Nachrichten hinzu, um eure besten W\u00fcnsche zu \u00fcbermitteln.<br \/>\nDigitales Versenden: Wir k\u00fcmmern uns um den digitalen Versand der Karte zu einem festgelegten Zeitpunkt, damit die Geburtstagsgr\u00fc\u00dfe rechtzeitig ankommen und Freude bereiten.<br \/>\nWarum Ocardoo die beste Wahl ist:<\/p>\n<p>Ocardoo bietet dir die M\u00f6glichkeit, Geburtstagsw\u00fcnsche mit einem verlockenden und fr\u00f6hlichen Motiv zu versenden und als Team zusammenzuhalten. Versende unsere Teamgru\u00dfkarte mit Donut-Motiv und &#8222;Happy Birthday&#8220;-Text und sorge f\u00fcr eine s\u00fc\u00dfe Geburtstags\u00fcberraschung! Feiere den Geburtstag auf besondere Weise mit dieser Gruppenkarte von Ocardoo!<\/p>","protected":false},"excerpt":{"rendered":"<p>Feiere den Geburtstag eines besonderen Menschen mit unserer Teamgru\u00dfkarte, die mit einer Vielzahl von k\u00f6stlichen Donuts und dem Text &#8222;Happy Birthday&#8220; gestaltet ist! Diese fr\u00f6hliche Gru\u00dfkarte verspr\u00fcht Geburtstagsfreude und ist [&hellip;]<\/p>","protected":false},"author":20,"featured_media":17368,"comment_status":"open","ping_status":"closed","template":"","meta":{"_acf_changed":false,"inline_featured_image":false,"footnotes":""},"product_cat":[80,79],"product_tag":[452,453,49,230],"class_list":["post-17364","product","type-product","status-publish","has-post-thumbnail","hentry","product_cat-geburtstag","product_cat-gratulation","product_tag-donut","product_tag-donuts","product_tag-geburtstag","product_tag-happy-birthday","pa_variante-basic","pa_variante-premium"],"acf":[],"_links":{"self":[{"href":"https:\/\/ocardoo.com\/en\/wp-json\/wp\/v2\/product\/17364","targetHints":{"allow":["GET"]}}],"collection":[{"href":"https:\/\/ocardoo.com\/en\/wp-json\/wp\/v2\/product"}],"about":[{"href":"https:\/\/ocardoo.com\/en\/wp-json\/wp\/v2\/types\/product"}],"author":[{"embeddable":true,"href":"https:\/\/ocardoo.com\/en\/wp-json\/wp\/v2\/users\/20"}],"replies":[{"embeddable":true,"href":"https:\/\/ocardoo.com\/en\/wp-json\/wp\/v2\/comments?post=17364"}],"version-history":[{"count":2,"href":"https:\/\/ocardoo.com\/en\/wp-json\/wp\/v2\/product\/17364\/revisions"}],"predecessor-version":[{"id":17369,"href":"https:\/\/ocardoo.com\/en\/wp-json\/wp\/v2\/product\/17364\/revisions\/17369"}],"wp:featuredmedia":[{"embeddable":true,"href":"https:\/\/ocardoo.com\/en\/wp-json\/wp\/v2\/media\/17368"}],"wp:attachment":[{"href":"https:\/\/ocardoo.com\/en\/wp-json\/wp\/v2\/media?parent=17364"}],"wp:term":[{"taxonomy":"product_cat","embeddable":true,"href":"https:\/\/ocardoo.com\/en\/wp-json\/wp\/v2\/product_cat?post=17364"},{"taxonomy":"product_tag","embeddable":true,"href":"https:\/\/ocardoo.com\/en\/wp-json\/wp\/v2\/product_tag?post=17364"}],"curies":[{"name":"wp","href":"https:\/\/api.w.org\/{rel}","templated":true}]}}