{"id":17370,"date":"2024-02-18T14:15:12","date_gmt":"2024-02-18T13:15:12","guid":{"rendered":"https:\/\/ocardoo.com\/?post_type=product&#038;p=17370"},"modified":"2024-02-18T14:17:35","modified_gmt":"2024-02-18T13:17:35","slug":"11045","status":"publish","type":"product","link":"https:\/\/ocardoo.com\/en\/product\/11045\/","title":{"rendered":"Fr\u00f6hlicher Geburtstagsgru\u00df &#8211; Teamgru\u00dfkarte mit s\u00fc\u00dfem Monster-Motiv"},"content":{"rendered":"<p>\u00dcberrasche ein besonderes Teammitglied mit unserer Teamgru\u00dfkarte, die ein niedliches Monster auf einem mintfarbenen Hintergrund zeigt und den Text &#8222;Happy Birthday&#8220; tr\u00e4gt! Diese fr\u00f6hliche Gru\u00dfkarte verspr\u00fcht Geburtstagsfreude und ist die perfekte M\u00f6glichkeit, gemeinsam als Team eure besten W\u00fcnsche zu \u00fcbermitteln.<\/p>\n<p>Was macht unsere Grusskarte besonders:<\/p>\n<p>Verspieltes Design: Das s\u00fc\u00dfe Monster auf dem mintfarbenen Hintergrund verbreitet sofort gute Laune und bringt garantiert ein L\u00e4cheln auf das Gesicht des Geburtstagskindes. Ein einzigartiges Motiv f\u00fcr einen besonderen Tag!<br \/>\nHerzliche Botschaft: Der Text &#8222;Happy Birthday&#8220; verleiht der Karte eine festliche Note und zeigt dem Geburtstagskind, dass ihr als Team an ihn\/sie denkt und gemeinsam feiert.<br \/>\nGemeinsames Feiern: Verschicke die Geburtstagsgru\u00dfkarte gemeinsam mit deinem Team und zeigt, dass ihr als Gruppe zusammensteht und den Geburtstag geb\u00fchrend w\u00fcrdigt.<br \/>\nSo einfach funktioniert es:<\/p>\n<p>Gru\u00dfkarte als Gruppe versenden: Teile die Teamgru\u00dfkarte mit dem Geburtstagskind und lasse es wissen, dass ihr als Team an ihn\/sie denkt und gemeinsam feiert.<br \/>\nDigitale Gruppengru\u00dfkarte gemeinsam unterzeichnen: Unterschreibt die Karte gemeinsam digital und f\u00fcgt pers\u00f6nliche Nachrichten hinzu, um eure besten W\u00fcnsche zu \u00fcbermitteln.<br \/>\nDigitales Versenden: Wir k\u00fcmmern uns um den digitalen Versand der Karte zu einem festgelegten Zeitpunkt, damit die Geburtstagsgr\u00fc\u00dfe rechtzeitig ankommen und Freude bereiten.<br \/>\nWarum Ocardoo die beste Wahl ist:<\/p>\n<p>Ocardoo bietet dir die M\u00f6glichkeit, Geburtstagsw\u00fcnsche mit einem verspielten und einzigartigen Motiv zu versenden und als Team zusammenzuhalten. Versende unsere Teamgru\u00dfkarte mit s\u00fc\u00dfem Monster-Motiv und &#8222;Happy Birthday&#8220;-Text und sorge f\u00fcr einen fr\u00f6hlichen Geburtstagsgru\u00df! Feiere den Geburtstag auf besondere Weise mit dieser Gruppenkarte von Ocardoo!<\/p>","protected":false},"excerpt":{"rendered":"<p>\u00dcberrasche ein besonderes Teammitglied mit unserer Teamgru\u00dfkarte, die ein niedliches Monster auf einem mintfarbenen Hintergrund zeigt und den Text &#8222;Happy Birthday&#8220; tr\u00e4gt! Diese fr\u00f6hliche Gru\u00dfkarte verspr\u00fcht Geburtstagsfreude und ist die [&hellip;]<\/p>","protected":false},"author":20,"featured_media":17374,"comment_status":"open","ping_status":"closed","template":"","meta":{"_acf_changed":false,"inline_featured_image":false,"footnotes":""},"product_cat":[80,79],"product_tag":[49,230,459],"class_list":["post-17370","product","type-product","status-publish","has-post-thumbnail","hentry","product_cat-geburtstag","product_cat-gratulation","product_tag-geburtstag","product_tag-happy-birthday","product_tag-monster","pa_variante-basic","pa_variante-premium"],"acf":[],"_links":{"self":[{"href":"https:\/\/ocardoo.com\/en\/wp-json\/wp\/v2\/product\/17370","targetHints":{"allow":["GET"]}}],"collection":[{"href":"https:\/\/ocardoo.com\/en\/wp-json\/wp\/v2\/product"}],"about":[{"href":"https:\/\/ocardoo.com\/en\/wp-json\/wp\/v2\/types\/product"}],"author":[{"embeddable":true,"href":"https:\/\/ocardoo.com\/en\/wp-json\/wp\/v2\/users\/20"}],"replies":[{"embeddable":true,"href":"https:\/\/ocardoo.com\/en\/wp-json\/wp\/v2\/comments?post=17370"}],"version-history":[{"count":2,"href":"https:\/\/ocardoo.com\/en\/wp-json\/wp\/v2\/product\/17370\/revisions"}],"predecessor-version":[{"id":17375,"href":"https:\/\/ocardoo.com\/en\/wp-json\/wp\/v2\/product\/17370\/revisions\/17375"}],"wp:featuredmedia":[{"embeddable":true,"href":"https:\/\/ocardoo.com\/en\/wp-json\/wp\/v2\/media\/17374"}],"wp:attachment":[{"href":"https:\/\/ocardoo.com\/en\/wp-json\/wp\/v2\/media?parent=17370"}],"wp:term":[{"taxonomy":"product_cat","embeddable":true,"href":"https:\/\/ocardoo.com\/en\/wp-json\/wp\/v2\/product_cat?post=17370"},{"taxonomy":"product_tag","embeddable":true,"href":"https:\/\/ocardoo.com\/en\/wp-json\/wp\/v2\/product_tag?post=17370"}],"curies":[{"name":"wp","href":"https:\/\/api.w.org\/{rel}","templated":true}]}}