{"id":17382,"date":"2024-02-18T14:20:42","date_gmt":"2024-02-18T13:20:42","guid":{"rendered":"https:\/\/ocardoo.com\/?post_type=product&#038;p=17382"},"modified":"2024-02-18T14:24:08","modified_gmt":"2024-02-18T13:24:08","slug":"11047","status":"publish","type":"product","link":"https:\/\/ocardoo.com\/en\/product\/11047\/","title":{"rendered":"Fruchtig-fr\u00f6hliche Geburtstagsgr\u00fc\u00dfe &#8211; Teamgru\u00dfkarte mit s\u00fc\u00dfem Drachenfrucht-Motiv"},"content":{"rendered":"<div class=\"flex flex-grow flex-col max-w-full\">\n<div class=\"min-h-[20px] text-message flex flex-col items-start gap-3 whitespace-pre-wrap break-words [.text-message+&amp;]:mt-5 overflow-x-auto\" data-message-author-role=\"assistant\" data-message-id=\"0d79ebdf-6921-4454-9e55-1b5cd290d0ec\">\n<div class=\"markdown prose w-full break-words dark:prose-invert light\">\n<p>Feiere den Geburtstag eines lieben Menschen mit unserer Teamgru\u00dfkarte, die mit einem s\u00fc\u00dfen Drachenfrucht-Motiv in Rosa T\u00f6nen und einem Mint-Hintergrund gestaltet ist! Diese fr\u00f6hliche Gru\u00dfkarte verspr\u00fcht Geburtstagsfreude und ist die perfekte M\u00f6glichkeit, gemeinsam als Team eure besten W\u00fcnsche zu \u00fcbermitteln.<\/p>\n<p>Was macht unsere Grusskarte besonders:<\/p>\n<p>S\u00fc\u00dfes Drachenfrucht-Motiv: Die fruchtige Drachenfrucht in Rosa T\u00f6nen auf der Karte ist einzigartig und zaubert dem Geburtstagskind garantiert ein L\u00e4cheln ins Gesicht. Ein fruchtig-fr\u00f6hliches Motiv, das Freude verbreitet!<br \/>\nHerzliche Botschaft: Der Text &#8222;Happy Birthday&#8220; verleiht der Karte eine festliche Note und zeigt dem Geburtstagskind, dass ihr als Team an ihn\/sie denkt und gemeinsam feiert.<br \/>\nGemeinsames Feiern: Verschicke die Geburtstagsgru\u00dfkarte gemeinsam mit deinem Team und zeigt, dass ihr als Gruppe zusammensteht und den Geburtstag geb\u00fchrend w\u00fcrdigt.<br \/>\nSo einfach funktioniert es:<\/p>\n<p>Gru\u00dfkarte als Gruppe versenden: Teile die Teamgru\u00dfkarte mit dem Geburtstagskind und lasse es wissen, dass ihr als Team an ihn\/sie denkt und gemeinsam feiert.<br \/>\nDigitale Gruppengru\u00dfkarte gemeinsam unterzeichnen: Unterschreibt die Karte gemeinsam digital und f\u00fcgt pers\u00f6nliche Nachrichten hinzu, um eure besten W\u00fcnsche zu \u00fcbermitteln.<br \/>\nDigitales Versenden: Wir k\u00fcmmern uns um den digitalen Versand der Karte zu einem festgelegten Zeitpunkt, damit die Geburtstagsgr\u00fc\u00dfe rechtzeitig ankommen und Freude bereiten.<br \/>\nWarum Ocardoo die beste Wahl ist:<\/p>\n<p>Ocardoo bietet dir die M\u00f6glichkeit, Geburtstagsw\u00fcnsche mit einem einzigartigen und fruchtig-fr\u00f6hlichen Motiv zu versenden und als Team zusammenzuhalten. Versende unsere Teamgru\u00dfkarte mit s\u00fc\u00dfem Drachenfrucht-Motiv und &#8222;Happy Birthday&#8220;-Text und sorge f\u00fcr eine unvergessliche Geburtstags\u00fcberraschung! Feiere den Geburtstag auf besondere Weise mit dieser Gruppenkarte von Ocardoo!<\/p>\n<\/div>\n<\/div>\n<\/div>","protected":false},"excerpt":{"rendered":"<p>Feiere den Geburtstag eines lieben Menschen mit unserer Teamgru\u00dfkarte, die mit einem s\u00fc\u00dfen Drachenfrucht-Motiv in Rosa T\u00f6nen und einem Mint-Hintergrund gestaltet ist! Diese fr\u00f6hliche Gru\u00dfkarte verspr\u00fcht Geburtstagsfreude und ist die [&hellip;]<\/p>","protected":false},"author":20,"featured_media":17386,"comment_status":"open","ping_status":"closed","template":"","meta":{"_acf_changed":false,"inline_featured_image":false,"footnotes":""},"product_cat":[80,79],"product_tag":[460,49,230],"class_list":["post-17382","product","type-product","status-publish","has-post-thumbnail","hentry","product_cat-geburtstag","product_cat-gratulation","product_tag-drachenfrucht","product_tag-geburtstag","product_tag-happy-birthday","pa_variante-basic","pa_variante-premium"],"acf":[],"_links":{"self":[{"href":"https:\/\/ocardoo.com\/en\/wp-json\/wp\/v2\/product\/17382","targetHints":{"allow":["GET"]}}],"collection":[{"href":"https:\/\/ocardoo.com\/en\/wp-json\/wp\/v2\/product"}],"about":[{"href":"https:\/\/ocardoo.com\/en\/wp-json\/wp\/v2\/types\/product"}],"author":[{"embeddable":true,"href":"https:\/\/ocardoo.com\/en\/wp-json\/wp\/v2\/users\/20"}],"replies":[{"embeddable":true,"href":"https:\/\/ocardoo.com\/en\/wp-json\/wp\/v2\/comments?post=17382"}],"version-history":[{"count":2,"href":"https:\/\/ocardoo.com\/en\/wp-json\/wp\/v2\/product\/17382\/revisions"}],"predecessor-version":[{"id":17388,"href":"https:\/\/ocardoo.com\/en\/wp-json\/wp\/v2\/product\/17382\/revisions\/17388"}],"wp:featuredmedia":[{"embeddable":true,"href":"https:\/\/ocardoo.com\/en\/wp-json\/wp\/v2\/media\/17386"}],"wp:attachment":[{"href":"https:\/\/ocardoo.com\/en\/wp-json\/wp\/v2\/media?parent=17382"}],"wp:term":[{"taxonomy":"product_cat","embeddable":true,"href":"https:\/\/ocardoo.com\/en\/wp-json\/wp\/v2\/product_cat?post=17382"},{"taxonomy":"product_tag","embeddable":true,"href":"https:\/\/ocardoo.com\/en\/wp-json\/wp\/v2\/product_tag?post=17382"}],"curies":[{"name":"wp","href":"https:\/\/api.w.org\/{rel}","templated":true}]}}