{"id":17389,"date":"2024-02-18T14:24:28","date_gmt":"2024-02-18T13:24:28","guid":{"rendered":"https:\/\/ocardoo.com\/?post_type=product&#038;p=17389"},"modified":"2024-02-18T14:29:45","modified_gmt":"2024-02-18T13:29:45","slug":"11048","status":"publish","type":"product","link":"https:\/\/ocardoo.com\/en\/product\/11048\/","title":{"rendered":"Geburtstagsgr\u00fc\u00dfe im Super-Bowl-Stil &#8211; Teamgru\u00dfkarte mit s\u00fc\u00dfem Fuchs-Motiv"},"content":{"rendered":"<p>Feiere den Geburtstag eines echten Football-Fans mit unserer Teamgru\u00dfkarte, die mit einem s\u00fc\u00dfen Fuchs, der einen Football h\u00e4lt, auf einem schwarzen Hintergrund gestaltet ist! Diese sportliche Gru\u00dfkarte verspr\u00fcht Geburtstagsfreude und ist die perfekte M\u00f6glichkeit, als Team eure besten W\u00fcnsche zu \u00fcbermitteln.<\/p>\n<p>Was macht unsere Grusskarte besonders:<\/p>\n<p>Sportliches Fuchs-Motiv: Der s\u00fc\u00dfe Fuchs mit dem Football ist einzigartig und zeigt, dass der Geburtstagsstar ein echter Fan ist. Ein fr\u00f6hliches Motiv, das garantiert f\u00fcr Begeisterung sorgt!<br \/>\nFestliche Botschaft: Der Text &#8222;Happy Birthday&#8220; verleiht der Karte eine festliche Note und zeigt dem Geburtstagskind, dass ihr als Team an ihn\/sie denkt und gemeinsam feiert.<br \/>\nGemeinsames Feiern: Verschicke die Geburtstagsgru\u00dfkarte gemeinsam mit deinem Team und zeigt, dass ihr als Gruppe zusammensteht und den Geburtstag geb\u00fchrend w\u00fcrdigt.<br \/>\nSo einfach funktioniert es:<\/p>\n<p>Gru\u00dfkarte als Gruppe versenden: Teile die Teamgru\u00dfkarte mit dem Geburtstagskind und lasse es wissen, dass ihr als Team an ihn\/sie denkt und gemeinsam feiert.<br \/>\nDigitale Gruppengru\u00dfkarte gemeinsam unterzeichnen: Unterschreibt die Karte gemeinsam digital und f\u00fcgt pers\u00f6nliche Nachrichten hinzu, um eure besten W\u00fcnsche zu \u00fcbermitteln.<br \/>\nDigitales Versenden: Wir k\u00fcmmern uns um den digitalen Versand der Karte zu einem festgelegten Zeitpunkt, damit die Geburtstagsgr\u00fc\u00dfe rechtzeitig ankommen und Freude bereiten.<br \/>\nWarum Ocardoo die beste Wahl ist:<\/p>\n<p>Ocardoo bietet dir die M\u00f6glichkeit, Geburtstagsw\u00fcnsche mit einem einzigartigen und sportlichen Motiv zu versenden und als Team zusammenzuhalten. Versende unsere Teamgru\u00dfkarte mit s\u00fc\u00dfem Fuchs-Motiv und &#8222;Happy Birthday&#8220;-Text und sorge f\u00fcr eine unvergessliche Geburtstags\u00fcberraschung im Super-Bowl-Stil! Feiere den Geburtstag auf besondere Weise mit dieser Gruppenkarte von Ocardoo!<\/p>","protected":false},"excerpt":{"rendered":"<p>Feiere den Geburtstag eines echten Football-Fans mit unserer Teamgru\u00dfkarte, die mit einem s\u00fc\u00dfen Fuchs, der einen Football h\u00e4lt, auf einem schwarzen Hintergrund gestaltet ist! Diese sportliche Gru\u00dfkarte verspr\u00fcht Geburtstagsfreude und [&hellip;]<\/p>","protected":false},"author":20,"featured_media":17393,"comment_status":"open","ping_status":"closed","template":"","meta":{"_acf_changed":false,"inline_featured_image":false,"footnotes":""},"product_cat":[80,79],"product_tag":[462,332,49,230,461],"class_list":["post-17389","product","type-product","status-publish","has-post-thumbnail","hentry","product_cat-geburtstag","product_cat-gratulation","product_tag-football","product_tag-fuchs","product_tag-geburtstag","product_tag-happy-birthday","product_tag-super-bowl","pa_variante-basic","pa_variante-premium"],"acf":[],"_links":{"self":[{"href":"https:\/\/ocardoo.com\/en\/wp-json\/wp\/v2\/product\/17389","targetHints":{"allow":["GET"]}}],"collection":[{"href":"https:\/\/ocardoo.com\/en\/wp-json\/wp\/v2\/product"}],"about":[{"href":"https:\/\/ocardoo.com\/en\/wp-json\/wp\/v2\/types\/product"}],"author":[{"embeddable":true,"href":"https:\/\/ocardoo.com\/en\/wp-json\/wp\/v2\/users\/20"}],"replies":[{"embeddable":true,"href":"https:\/\/ocardoo.com\/en\/wp-json\/wp\/v2\/comments?post=17389"}],"version-history":[{"count":2,"href":"https:\/\/ocardoo.com\/en\/wp-json\/wp\/v2\/product\/17389\/revisions"}],"predecessor-version":[{"id":17394,"href":"https:\/\/ocardoo.com\/en\/wp-json\/wp\/v2\/product\/17389\/revisions\/17394"}],"wp:featuredmedia":[{"embeddable":true,"href":"https:\/\/ocardoo.com\/en\/wp-json\/wp\/v2\/media\/17393"}],"wp:attachment":[{"href":"https:\/\/ocardoo.com\/en\/wp-json\/wp\/v2\/media?parent=17389"}],"wp:term":[{"taxonomy":"product_cat","embeddable":true,"href":"https:\/\/ocardoo.com\/en\/wp-json\/wp\/v2\/product_cat?post=17389"},{"taxonomy":"product_tag","embeddable":true,"href":"https:\/\/ocardoo.com\/en\/wp-json\/wp\/v2\/product_tag?post=17389"}],"curies":[{"name":"wp","href":"https:\/\/api.w.org\/{rel}","templated":true}]}}