{"id":17395,"date":"2024-02-18T14:30:04","date_gmt":"2024-02-18T13:30:04","guid":{"rendered":"https:\/\/ocardoo.com\/?post_type=product&#038;p=17395"},"modified":"2024-02-18T14:32:56","modified_gmt":"2024-02-18T13:32:56","slug":"11049","status":"publish","type":"product","link":"https:\/\/ocardoo.com\/en\/product\/11049\/","title":{"rendered":"Geburtstagsgr\u00fc\u00dfe im Super-Bowl-Stil &#8211; Teamgru\u00dfkarte mit s\u00fc\u00dfem Eichh\u00f6rnchen-Motiv"},"content":{"rendered":"<div class=\"flex flex-grow flex-col max-w-full\">\n<div class=\"min-h-[20px] text-message flex flex-col items-start gap-3 whitespace-pre-wrap break-words [.text-message+&amp;]:mt-5 overflow-x-auto\" data-message-author-role=\"assistant\" data-message-id=\"ea4bbc94-f811-45c2-9929-80051287004d\">\n<div class=\"markdown prose w-full break-words dark:prose-invert light\">\n<p>Feiere den Geburtstag eines echten Football-Fans mit unserer Teamgru\u00dfkarte, die mit einem s\u00fc\u00dfen Eichh\u00f6rnchen, das einen Football h\u00e4lt, auf einem schwarzen Hintergrund gestaltet ist! Diese sportliche Gru\u00dfkarte verspr\u00fcht Geburtstagsfreude und ist die perfekte M\u00f6glichkeit, als Team eure besten W\u00fcnsche zu \u00fcbermitteln.<\/p>\n<p>Was macht unsere Grusskarte besonders:<\/p>\n<p>Sportliches Eichh\u00f6rnchen-Motiv: Das s\u00fc\u00dfe Eichh\u00f6rnchen mit dem Football ist einzigartig und zeigt, dass der Geburtstagsstar ein echter Fan ist. Ein fr\u00f6hliches Motiv, das garantiert f\u00fcr Begeisterung sorgt! Festliche Botschaft: Der Text &#8222;Happy Birthday&#8220; verleiht der Karte eine festliche Note und zeigt dem Geburtstagskind, dass ihr als Team an ihn\/sie denkt und gemeinsam feiert. Gemeinsames Feiern: Verschicke die Geburtstagsgru\u00dfkarte gemeinsam mit deinem Team und zeigt, dass ihr als Gruppe zusammensteht und den Geburtstag geb\u00fchrend w\u00fcrdigt. So einfach funktioniert es:<\/p>\n<p>Gru\u00dfkarte als Gruppe versenden: Teile die Teamgru\u00dfkarte mit dem Geburtstagskind und lasse es wissen, dass ihr als Team an ihn\/sie denkt und gemeinsam feiert. Digitale Gruppengru\u00dfkarte gemeinsam unterzeichnen: Unterschreibt die Karte gemeinsam digital und f\u00fcgt pers\u00f6nliche Nachrichten hinzu, um eure besten W\u00fcnsche zu \u00fcbermitteln. Digitales Versenden: Wir k\u00fcmmern uns um den digitalen Versand der Karte zu einem festgelegten Zeitpunkt, damit die Geburtstagsgr\u00fc\u00dfe rechtzeitig ankommen und Freude bereiten. Warum Ocardoo die beste Wahl ist:<\/p>\n<p>Ocardoo bietet dir die M\u00f6glichkeit, Geburtstagsw\u00fcnsche mit einem einzigartigen und sportlichen Motiv zu versenden und als Team zusammenzuhalten. Versende unsere Teamgru\u00dfkarte mit s\u00fc\u00dfem Eichh\u00f6rnchen-Motiv und &#8222;Happy Birthday&#8220;-Text und sorge f\u00fcr eine unvergessliche Geburtstags\u00fcberraschung im Super-Bowl-Stil! Feiere den Geburtstag auf besondere Weise mit dieser Gruppenkarte von Ocardoo!<\/p>\n<\/div>\n<\/div>\n<\/div>","protected":false},"excerpt":{"rendered":"<p>Feiere den Geburtstag eines echten Football-Fans mit unserer Teamgru\u00dfkarte, die mit einem s\u00fc\u00dfen Eichh\u00f6rnchen, das einen Football h\u00e4lt, auf einem schwarzen Hintergrund gestaltet ist! Diese sportliche Gru\u00dfkarte verspr\u00fcht Geburtstagsfreude und [&hellip;]<\/p>","protected":false},"author":20,"featured_media":17399,"comment_status":"open","ping_status":"closed","template":"","meta":{"_acf_changed":false,"inline_featured_image":false,"footnotes":""},"product_cat":[80,79],"product_tag":[463,462,49,230,461],"class_list":["post-17395","product","type-product","status-publish","has-post-thumbnail","hentry","product_cat-geburtstag","product_cat-gratulation","product_tag-eichhoernchen","product_tag-football","product_tag-geburtstag","product_tag-happy-birthday","product_tag-super-bowl","pa_variante-basic","pa_variante-premium"],"acf":[],"_links":{"self":[{"href":"https:\/\/ocardoo.com\/en\/wp-json\/wp\/v2\/product\/17395","targetHints":{"allow":["GET"]}}],"collection":[{"href":"https:\/\/ocardoo.com\/en\/wp-json\/wp\/v2\/product"}],"about":[{"href":"https:\/\/ocardoo.com\/en\/wp-json\/wp\/v2\/types\/product"}],"author":[{"embeddable":true,"href":"https:\/\/ocardoo.com\/en\/wp-json\/wp\/v2\/users\/20"}],"replies":[{"embeddable":true,"href":"https:\/\/ocardoo.com\/en\/wp-json\/wp\/v2\/comments?post=17395"}],"version-history":[{"count":2,"href":"https:\/\/ocardoo.com\/en\/wp-json\/wp\/v2\/product\/17395\/revisions"}],"predecessor-version":[{"id":17400,"href":"https:\/\/ocardoo.com\/en\/wp-json\/wp\/v2\/product\/17395\/revisions\/17400"}],"wp:featuredmedia":[{"embeddable":true,"href":"https:\/\/ocardoo.com\/en\/wp-json\/wp\/v2\/media\/17399"}],"wp:attachment":[{"href":"https:\/\/ocardoo.com\/en\/wp-json\/wp\/v2\/media?parent=17395"}],"wp:term":[{"taxonomy":"product_cat","embeddable":true,"href":"https:\/\/ocardoo.com\/en\/wp-json\/wp\/v2\/product_cat?post=17395"},{"taxonomy":"product_tag","embeddable":true,"href":"https:\/\/ocardoo.com\/en\/wp-json\/wp\/v2\/product_tag?post=17395"}],"curies":[{"name":"wp","href":"https:\/\/api.w.org\/{rel}","templated":true}]}}