{"id":17413,"date":"2024-02-18T15:10:25","date_gmt":"2024-02-18T14:10:25","guid":{"rendered":"https:\/\/ocardoo.com\/?post_type=product&#038;p=17413"},"modified":"2024-02-18T21:59:19","modified_gmt":"2024-02-18T20:59:19","slug":"11052","status":"publish","type":"product","link":"https:\/\/ocardoo.com\/en\/product\/11052\/","title":{"rendered":"Geburtstagsgr\u00fc\u00dfe als Team Basketball Gruppengru\u00dfkarte Happy Birthday"},"content":{"rendered":"","protected":false},"excerpt":{"rendered":"","protected":false},"author":20,"featured_media":17417,"comment_status":"open","ping_status":"closed","template":"","meta":{"_acf_changed":false,"inline_featured_image":false,"footnotes":""},"product_cat":[80,79],"product_tag":[465,49,230],"class_list":["post-17413","product","type-product","status-publish","has-post-thumbnail","hentry","product_cat-geburtstag","product_cat-gratulation","product_tag-basketball","product_tag-geburtstag","product_tag-happy-birthday","pa_variante-basic","pa_variante-premium"],"acf":[],"_links":{"self":[{"href":"https:\/\/ocardoo.com\/en\/wp-json\/wp\/v2\/product\/17413","targetHints":{"allow":["GET"]}}],"collection":[{"href":"https:\/\/ocardoo.com\/en\/wp-json\/wp\/v2\/product"}],"about":[{"href":"https:\/\/ocardoo.com\/en\/wp-json\/wp\/v2\/types\/product"}],"author":[{"embeddable":true,"href":"https:\/\/ocardoo.com\/en\/wp-json\/wp\/v2\/users\/20"}],"replies":[{"embeddable":true,"href":"https:\/\/ocardoo.com\/en\/wp-json\/wp\/v2\/comments?post=17413"}],"version-history":[{"count":3,"href":"https:\/\/ocardoo.com\/en\/wp-json\/wp\/v2\/product\/17413\/revisions"}],"predecessor-version":[{"id":17425,"href":"https:\/\/ocardoo.com\/en\/wp-json\/wp\/v2\/product\/17413\/revisions\/17425"}],"wp:featuredmedia":[{"embeddable":true,"href":"https:\/\/ocardoo.com\/en\/wp-json\/wp\/v2\/media\/17417"}],"wp:attachment":[{"href":"https:\/\/ocardoo.com\/en\/wp-json\/wp\/v2\/media?parent=17413"}],"wp:term":[{"taxonomy":"product_cat","embeddable":true,"href":"https:\/\/ocardoo.com\/en\/wp-json\/wp\/v2\/product_cat?post=17413"},{"taxonomy":"product_tag","embeddable":true,"href":"https:\/\/ocardoo.com\/en\/wp-json\/wp\/v2\/product_tag?post=17413"}],"curies":[{"name":"wp","href":"https:\/\/api.w.org\/{rel}","templated":true}]}}