{"id":17419,"date":"2024-02-18T21:54:57","date_gmt":"2024-02-18T20:54:57","guid":{"rendered":"https:\/\/ocardoo.com\/?post_type=product&#038;p=17419"},"modified":"2024-02-18T21:58:34","modified_gmt":"2024-02-18T20:58:34","slug":"11053","status":"publish","type":"product","link":"https:\/\/ocardoo.com\/en\/product\/11053\/","title":{"rendered":"Geburtstagsgr\u00fc\u00dfe f\u00fcr Abenteurer &#8211; Teamgru\u00dfkarte mit Motorradmotiv"},"content":{"rendered":"","protected":false},"excerpt":{"rendered":"","protected":false},"author":20,"featured_media":17423,"comment_status":"open","ping_status":"closed","template":"","meta":{"_acf_changed":false,"inline_featured_image":false,"footnotes":""},"product_cat":[80,79],"product_tag":[49,230,464],"class_list":["post-17419","product","type-product","status-publish","has-post-thumbnail","hentry","product_cat-geburtstag","product_cat-gratulation","product_tag-geburtstag","product_tag-happy-birthday","product_tag-motorrad","pa_variante-basic","pa_variante-premium"],"acf":[],"_links":{"self":[{"href":"https:\/\/ocardoo.com\/en\/wp-json\/wp\/v2\/product\/17419","targetHints":{"allow":["GET"]}}],"collection":[{"href":"https:\/\/ocardoo.com\/en\/wp-json\/wp\/v2\/product"}],"about":[{"href":"https:\/\/ocardoo.com\/en\/wp-json\/wp\/v2\/types\/product"}],"author":[{"embeddable":true,"href":"https:\/\/ocardoo.com\/en\/wp-json\/wp\/v2\/users\/20"}],"replies":[{"embeddable":true,"href":"https:\/\/ocardoo.com\/en\/wp-json\/wp\/v2\/comments?post=17419"}],"version-history":[{"count":2,"href":"https:\/\/ocardoo.com\/en\/wp-json\/wp\/v2\/product\/17419\/revisions"}],"predecessor-version":[{"id":17424,"href":"https:\/\/ocardoo.com\/en\/wp-json\/wp\/v2\/product\/17419\/revisions\/17424"}],"wp:featuredmedia":[{"embeddable":true,"href":"https:\/\/ocardoo.com\/en\/wp-json\/wp\/v2\/media\/17423"}],"wp:attachment":[{"href":"https:\/\/ocardoo.com\/en\/wp-json\/wp\/v2\/media?parent=17419"}],"wp:term":[{"taxonomy":"product_cat","embeddable":true,"href":"https:\/\/ocardoo.com\/en\/wp-json\/wp\/v2\/product_cat?post=17419"},{"taxonomy":"product_tag","embeddable":true,"href":"https:\/\/ocardoo.com\/en\/wp-json\/wp\/v2\/product_tag?post=17419"}],"curies":[{"name":"wp","href":"https:\/\/api.w.org\/{rel}","templated":true}]}}