{"id":17426,"date":"2024-02-18T21:59:39","date_gmt":"2024-02-18T20:59:39","guid":{"rendered":"https:\/\/ocardoo.com\/?post_type=product&#038;p=17426"},"modified":"2024-02-18T22:03:56","modified_gmt":"2024-02-18T21:03:56","slug":"11054","status":"publish","type":"product","link":"https:\/\/ocardoo.com\/en\/product\/11054\/","title":{"rendered":"Geburtstagsgr\u00fc\u00dfe f\u00fcr Musikliebhaber &#8211; Teamgru\u00dfkarte mit Gitarrenmotiv"},"content":{"rendered":"<p>Tauche ein in die Welt der Musik und feiere den Geburtstag eines echten Rockstars mit unserer Teamgru\u00dfkarte, die mit einer coolen Gitarre auf einem satten schwarzen Hintergrund gestaltet ist! Diese Gru\u00dfkarte verspr\u00fcht nicht nur Geburtstagsfreude, sondern auch echte Rock&#8217;n&#8217;Roll-Vibes und ist die perfekte M\u00f6glichkeit, als Team eure besten W\u00fcnsche zu \u00fcbermitteln.<\/p>\n<p>Was macht unsere Grusskarte besonders:<\/p>\n<p>Rockstar-Gitarrenmotiv: Das Bild einer stilvollen Gitarre auf der Karte bringt die Energie und Leidenschaft der Musikwelt direkt zum Geburtstagskind.<br \/>\nStilvoller schwarzer Hintergrund: Der dunkle Hintergrund verleiht der Karte einen Hauch von Geheimnis und l\u00e4sst das Gitarrenmotiv besonders eindrucksvoll wirken.<br \/>\nHerzliche Botschaft: Mit den einfachen Worten &#8222;Happy Birthday&#8220; wird dem Geburtstagskind gezeigt, dass ihr als Team zusammensteht und ihm die besten W\u00fcnsche \u00fcbermittelt.<br \/>\nGemeinsames Feiern: Versende die Geburtstagsgru\u00dfkarte gemeinsam mit deinem Team und zeige dem Jubilar, dass ihr als Gruppe diesen besonderen Tag feiert.<br \/>\nSo einfach funktioniert es:<\/p>\n<p>Gru\u00dfkarte als Gruppe versenden: Teile die Teamgru\u00dfkarte mit dem Geburtstagskind und lasse es wissen, dass ihr als Team an ihn denkt und gemeinsam rockt.<br \/>\nDigitale Gruppengru\u00dfkarte gemeinsam unterzeichnen: Jedes Teammitglied kann die Karte digital unterschreiben und pers\u00f6nliche Nachrichten hinzuf\u00fcgen, um dem Geburtstagskind eine unvergessliche \u00dcberraschung zu bereiten.<br \/>\nDigitales Versenden: Wir k\u00fcmmern uns um den digitalen Versand der Karte zu einem festgelegten Zeitpunkt, damit die Geburtstagsgr\u00fc\u00dfe rechtzeitig ankommen und Freude bereiten.<br \/>\nWarum Ocardoo die beste Wahl ist:<\/p>\n<p>Ocardoo erm\u00f6glicht es dir, Geburtstagsw\u00fcnsche mit einem einzigartigen Rock&#8217;n&#8217;Roll-Twist zu versenden und als Team zusammenzuhalten. Versende unsere Teamgru\u00dfkarte mit Gitarrenmotiv und sorge f\u00fcr eine unvergessliche Geburtstags\u00fcberraschung f\u00fcr den Musikliebhaber in deinem Leben! Feiere den Geburtstag auf besondere Weise mit dieser Gruppenkarte von Ocardoo!<\/p>","protected":false},"excerpt":{"rendered":"<p>Tauche ein in die Welt der Musik und feiere den Geburtstag eines echten Rockstars mit unserer Teamgru\u00dfkarte, die mit einer coolen Gitarre auf einem satten schwarzen Hintergrund gestaltet ist! Diese [&hellip;]<\/p>","protected":false},"author":20,"featured_media":17430,"comment_status":"open","ping_status":"closed","template":"","meta":{"_acf_changed":false,"inline_featured_image":false,"footnotes":""},"product_cat":[80,79],"product_tag":[49,466,230],"class_list":["post-17426","product","type-product","status-publish","has-post-thumbnail","hentry","product_cat-geburtstag","product_cat-gratulation","product_tag-geburtstag","product_tag-gitarre","product_tag-happy-birthday","pa_variante-basic","pa_variante-premium"],"acf":[],"_links":{"self":[{"href":"https:\/\/ocardoo.com\/en\/wp-json\/wp\/v2\/product\/17426","targetHints":{"allow":["GET"]}}],"collection":[{"href":"https:\/\/ocardoo.com\/en\/wp-json\/wp\/v2\/product"}],"about":[{"href":"https:\/\/ocardoo.com\/en\/wp-json\/wp\/v2\/types\/product"}],"author":[{"embeddable":true,"href":"https:\/\/ocardoo.com\/en\/wp-json\/wp\/v2\/users\/20"}],"replies":[{"embeddable":true,"href":"https:\/\/ocardoo.com\/en\/wp-json\/wp\/v2\/comments?post=17426"}],"version-history":[{"count":2,"href":"https:\/\/ocardoo.com\/en\/wp-json\/wp\/v2\/product\/17426\/revisions"}],"predecessor-version":[{"id":17431,"href":"https:\/\/ocardoo.com\/en\/wp-json\/wp\/v2\/product\/17426\/revisions\/17431"}],"wp:featuredmedia":[{"embeddable":true,"href":"https:\/\/ocardoo.com\/en\/wp-json\/wp\/v2\/media\/17430"}],"wp:attachment":[{"href":"https:\/\/ocardoo.com\/en\/wp-json\/wp\/v2\/media?parent=17426"}],"wp:term":[{"taxonomy":"product_cat","embeddable":true,"href":"https:\/\/ocardoo.com\/en\/wp-json\/wp\/v2\/product_cat?post=17426"},{"taxonomy":"product_tag","embeddable":true,"href":"https:\/\/ocardoo.com\/en\/wp-json\/wp\/v2\/product_tag?post=17426"}],"curies":[{"name":"wp","href":"https:\/\/api.w.org\/{rel}","templated":true}]}}