{"id":17438,"date":"2024-02-18T22:08:47","date_gmt":"2024-02-18T21:08:47","guid":{"rendered":"https:\/\/ocardoo.com\/?post_type=product&#038;p=17438"},"modified":"2024-02-18T22:11:30","modified_gmt":"2024-02-18T21:11:30","slug":"11056","status":"publish","type":"product","link":"https:\/\/ocardoo.com\/en\/product\/11056\/","title":{"rendered":"Herzliche Geburtstagsw\u00fcnsche &#8211; Gruppenkarte mit bunten Herzen"},"content":{"rendered":"<p>Tauche ein in ein Meer aus bunten Herzen und versende gemeinsam mit deinem Team herzliche Geburtstagsgr\u00fc\u00dfe! Unsere Gruppenkarte mit einem vielf\u00e4ltigen Herzdesign ist die perfekte M\u00f6glichkeit, dem Geburtstagskind zu zeigen, wie sehr es gesch\u00e4tzt wird. Mit einem lebendigen Hintergrund und einem liebevollen &#8222;Happy Birthday&#8220; ist diese Karte voller Freude und Herzlichkeit.<\/p>\n<p>Was macht unsere Karte besonders:<\/p>\n<p>Vielf\u00e4ltiges Herzdesign: Die bunten Herzen auf der Karte strahlen Liebe und Freude aus und machen sie zu einem echten Blickfang.<br \/>\nLebendiger Hintergrund: Der bunte Hintergrund verleiht der Karte eine fr\u00f6hliche Atmosph\u00e4re und unterstreicht die Festlichkeit des Anlasses.<br \/>\nHerzliche Botschaft: Mit den einfachen Worten &#8222;Happy Birthday&#8220; zeigen wir dem Geburtstagskind, dass es in unseren Herzen einen besonderen Platz hat.<br \/>\nGemeinsames Feiern: Versende die Geburtstagsgru\u00dfkarte gemeinsam mit deinem Team und zeige dem Jubilar, dass ihr als Gruppe diesen besonderen Tag gemeinsam zelebriert.<br \/>\nSo einfach geht&#8217;s:<\/p>\n<p>Gru\u00dfkarte als Team versenden: Teile die Herzengru\u00dfkarte mit dem Geburtstagskind und zeige ihm, wie sehr es gesch\u00e4tzt wird.<br \/>\nDigitale Gruppengru\u00dfkarte gemeinsam unterzeichnen: Jedes Teammitglied kann die Karte digital unterschreiben und pers\u00f6nliche Nachrichten hinzuf\u00fcgen, um dem Geburtstagskind eine unvergessliche \u00dcberraschung zu bereiten.<br \/>\nDigitales Versenden: Wir k\u00fcmmern uns um den digitalen Versand der Karte zu einem festgelegten Zeitpunkt, damit die Geburtstagsgr\u00fc\u00dfe rechtzeitig und gemeinsam ankommen.<br \/>\nWarum Ocardoo die beste Wahl ist:<\/p>\n<p>Ocardoo bietet dir eine einfache und herzliche M\u00f6glichkeit, Geburtstage zu feiern und als Team zusammenzuhalten. Versende unsere Gruppenkarte mit bunten Herzen und sorge f\u00fcr eine unvergessliche Geburtstags\u00fcberraschung f\u00fcr das Geburtstagskind! Feiere den Geburtstag auf besondere Weise mit dieser Gru\u00dfkarte von Ocardoo!<\/p>","protected":false},"excerpt":{"rendered":"<p>Tauche ein in ein Meer aus bunten Herzen und versende gemeinsam mit deinem Team herzliche Geburtstagsgr\u00fc\u00dfe! Unsere Gruppenkarte mit einem vielf\u00e4ltigen Herzdesign ist die perfekte M\u00f6glichkeit, dem Geburtstagskind zu zeigen, [&hellip;]<\/p>","protected":false},"author":20,"featured_media":17442,"comment_status":"open","ping_status":"closed","template":"","meta":{"_acf_changed":false,"inline_featured_image":false,"footnotes":""},"product_cat":[80,79],"product_tag":[49,230],"class_list":["post-17438","product","type-product","status-publish","has-post-thumbnail","hentry","product_cat-geburtstag","product_cat-gratulation","product_tag-geburtstag","product_tag-happy-birthday","pa_variante-basic","pa_variante-premium"],"acf":[],"_links":{"self":[{"href":"https:\/\/ocardoo.com\/en\/wp-json\/wp\/v2\/product\/17438","targetHints":{"allow":["GET"]}}],"collection":[{"href":"https:\/\/ocardoo.com\/en\/wp-json\/wp\/v2\/product"}],"about":[{"href":"https:\/\/ocardoo.com\/en\/wp-json\/wp\/v2\/types\/product"}],"author":[{"embeddable":true,"href":"https:\/\/ocardoo.com\/en\/wp-json\/wp\/v2\/users\/20"}],"replies":[{"embeddable":true,"href":"https:\/\/ocardoo.com\/en\/wp-json\/wp\/v2\/comments?post=17438"}],"version-history":[{"count":2,"href":"https:\/\/ocardoo.com\/en\/wp-json\/wp\/v2\/product\/17438\/revisions"}],"predecessor-version":[{"id":17443,"href":"https:\/\/ocardoo.com\/en\/wp-json\/wp\/v2\/product\/17438\/revisions\/17443"}],"wp:featuredmedia":[{"embeddable":true,"href":"https:\/\/ocardoo.com\/en\/wp-json\/wp\/v2\/media\/17442"}],"wp:attachment":[{"href":"https:\/\/ocardoo.com\/en\/wp-json\/wp\/v2\/media?parent=17438"}],"wp:term":[{"taxonomy":"product_cat","embeddable":true,"href":"https:\/\/ocardoo.com\/en\/wp-json\/wp\/v2\/product_cat?post=17438"},{"taxonomy":"product_tag","embeddable":true,"href":"https:\/\/ocardoo.com\/en\/wp-json\/wp\/v2\/product_tag?post=17438"}],"curies":[{"name":"wp","href":"https:\/\/api.w.org\/{rel}","templated":true}]}}