{"id":17450,"date":"2024-02-18T22:16:14","date_gmt":"2024-02-18T21:16:14","guid":{"rendered":"https:\/\/ocardoo.com\/?post_type=product&#038;p=17450"},"modified":"2024-02-18T22:20:30","modified_gmt":"2024-02-18T21:20:30","slug":"11062","status":"publish","type":"product","link":"https:\/\/ocardoo.com\/en\/product\/11062\/","title":{"rendered":"Gl\u00fcckliche Geburtstagsgr\u00fc\u00dfe &#8211; Nazar-Gru\u00dfkarte mit Fatimas Hand Gruppengru\u00dfkarte Teamkarte"},"content":{"rendered":"<p>Feiere den Geburtstag mit Schutz und Gl\u00fcck! Unsere Nazar-Gru\u00dfkarte mit Fatimas Hand ist ein Symbol des Wohlstands und der positiven Energie. Mit einem auff\u00e4lligen Nazar-Auge und einem herzlichen &#8222;Happy Birthday&#8220; verbindet diese Karte Gl\u00fcckw\u00fcnsche mit Schutz, um dem Geburtstagskind einen besonderen Segen zu \u00fcbermitteln.<\/p>\n<p>Was macht unsere Karte besonders:<\/p>\n<p>Sch\u00fctzendes Nazar-Motiv: Das auff\u00e4llige Nazar-Auge auf der Karte symbolisiert Schutz vor dem B\u00f6sen und steht f\u00fcr Gl\u00fcck und Wohlstand.<br \/>\nFatimas Hand: Die Fatimas Hand in Verbindung mit dem Nazar-Auge verst\u00e4rkt den Schutz und die positive Energie und verleiht der Karte eine besondere Bedeutung.<br \/>\nHerzliche Botschaft: Mit den einf\u00fchlsamen Worten &#8222;Happy Birthday&#8220; \u00fcbermittelt die Karte herzliche Geburtstagsgr\u00fc\u00dfe und gute W\u00fcnsche f\u00fcr das kommende Jahr.<br \/>\nGemeinsames Feiern: Versende die Geburtstagsgru\u00dfkarte gemeinsam mit deinem Team und zeige dem Jubilar, dass ihr als Gruppe diesen besonderen Tag mit Schutz und Gl\u00fcck teilt.<br \/>\nSo einfach geht&#8217;s:<\/p>\n<p>Gru\u00dfkarte als Team versenden: Teile die sch\u00fctzende Nazar-Gru\u00dfkarte mit dem Geburtstagskind und schenke ihm Schutz und Gl\u00fcck zum Geburtstag!<br \/>\nDigitale Gruppengru\u00dfkarte gemeinsam unterzeichnen: Jedes Teammitglied kann die Karte digital unterschreiben und pers\u00f6nliche Nachrichten hinzuf\u00fcgen, um dem Geburtstagskind ein L\u00e4cheln ins Gesicht zu zaubern.<br \/>\nDigitales Versenden: Wir k\u00fcmmern uns um den digitalen Versand der Karte zu einem festgelegten Zeitpunkt, damit die Geburtstagsgr\u00fc\u00dfe rechtzeitig und gemeinsam ankommen.<br \/>\nWarum Ocardoo die beste Wahl ist:<\/p>\n<p>Ocardoo bietet dir eine einfache und bedeutungsvolle M\u00f6glichkeit, Geburtstage zu feiern und als Team zusammenzuhalten. Versende unsere Nazar-Gru\u00dfkarte mit Fatimas Hand und Nazar-Auge und schenke dem Geburtstagskind Schutz und Gl\u00fcck! Feiere den Geburtstag auf besondere Weise mit dieser Gru\u00dfkarte von Ocardoo!<\/p>","protected":false},"excerpt":{"rendered":"<p>Feiere den Geburtstag mit Schutz und Gl\u00fcck! Unsere Nazar-Gru\u00dfkarte mit Fatimas Hand ist ein Symbol des Wohlstands und der positiven Energie. Mit einem auff\u00e4lligen Nazar-Auge und einem herzlichen &#8222;Happy Birthday&#8220; [&hellip;]<\/p>","protected":false},"author":20,"featured_media":17454,"comment_status":"open","ping_status":"closed","template":"","meta":{"_acf_changed":false,"inline_featured_image":false,"footnotes":""},"product_cat":[80,79],"product_tag":[450,451,49,230,449],"class_list":["post-17450","product","type-product","status-publish","has-post-thumbnail","hentry","product_cat-geburtstag","product_cat-gratulation","product_tag-fatima","product_tag-fatimas-hand","product_tag-geburtstag","product_tag-happy-birthday","product_tag-nazar","pa_variante-basic","pa_variante-premium"],"acf":[],"_links":{"self":[{"href":"https:\/\/ocardoo.com\/en\/wp-json\/wp\/v2\/product\/17450","targetHints":{"allow":["GET"]}}],"collection":[{"href":"https:\/\/ocardoo.com\/en\/wp-json\/wp\/v2\/product"}],"about":[{"href":"https:\/\/ocardoo.com\/en\/wp-json\/wp\/v2\/types\/product"}],"author":[{"embeddable":true,"href":"https:\/\/ocardoo.com\/en\/wp-json\/wp\/v2\/users\/20"}],"replies":[{"embeddable":true,"href":"https:\/\/ocardoo.com\/en\/wp-json\/wp\/v2\/comments?post=17450"}],"version-history":[{"count":2,"href":"https:\/\/ocardoo.com\/en\/wp-json\/wp\/v2\/product\/17450\/revisions"}],"predecessor-version":[{"id":17455,"href":"https:\/\/ocardoo.com\/en\/wp-json\/wp\/v2\/product\/17450\/revisions\/17455"}],"wp:featuredmedia":[{"embeddable":true,"href":"https:\/\/ocardoo.com\/en\/wp-json\/wp\/v2\/media\/17454"}],"wp:attachment":[{"href":"https:\/\/ocardoo.com\/en\/wp-json\/wp\/v2\/media?parent=17450"}],"wp:term":[{"taxonomy":"product_cat","embeddable":true,"href":"https:\/\/ocardoo.com\/en\/wp-json\/wp\/v2\/product_cat?post=17450"},{"taxonomy":"product_tag","embeddable":true,"href":"https:\/\/ocardoo.com\/en\/wp-json\/wp\/v2\/product_tag?post=17450"}],"curies":[{"name":"wp","href":"https:\/\/api.w.org\/{rel}","templated":true}]}}