{"id":17689,"date":"2024-05-22T17:28:11","date_gmt":"2024-05-22T15:28:11","guid":{"rendered":"https:\/\/ocardoo.com\/?post_type=product&#038;p=17689"},"modified":"2024-05-22T17:31:25","modified_gmt":"2024-05-22T15:31:25","slug":"11068","status":"publish","type":"product","link":"https:\/\/ocardoo.com\/en\/product\/11068\/","title":{"rendered":"Gruppengru\u00dfkarte Magische Geburtstagsgru\u00dfkarte mit dem kleinen Prinzen und seiner Rose"},"content":{"rendered":"<p>Feiere einen unvergesslichen Geburtstag mit unserer bezaubernden digitalen Gruppengru\u00dfkarte, inspiriert vom kleinen Prinzen und seiner Rose. Diese liebevoll gestaltete Karte vereint die zauberhafte Welt des kleinen Prinzen mit einem tiefgr\u00fcndigen Zitat: &#8222;Man sieht nur mit dem Herzen gut. Das Wesentliche ist f\u00fcr die Augen unsichtbar.&#8220; Diese Botschaft bringt W\u00e4rme und Tiefe in jeden Geburtstagsgru\u00df.<\/p>\n<p>Gestalte diese Karte gemeinsam mit Freunden, Familie und Kollegen, indem jeder seine pers\u00f6nlichen Gl\u00fcckw\u00fcnsche und liebevollen Nachrichten hinzuf\u00fcgt. Die M\u00f6glichkeit, individuelle Botschaften zu integrieren, macht jede Karte einzigartig und besonders. Dank des digitalen Versands sparst du Zeit und tr\u00e4gst zum Umweltschutz bei.<\/p>\n<p><strong>Perfekt f\u00fcr:<\/strong><\/p>\n<ul>\n<li>Geburtstagsgr\u00fc\u00dfe f\u00fcr Kinder und Erwachsene<\/li>\n<li>Fans des kleinen Prinzen und literarischer Werke<\/li>\n<li>Herzerw\u00e4rmende und personalisierte Gr\u00fc\u00dfe von mehreren Personen<\/li>\n<\/ul>\n<p><strong>Besondere Merkmale:<\/strong><\/p>\n<ul>\n<li>Wundersch\u00f6nes Design mit dem kleinen Prinzen und einer symboltr\u00e4chtigen Rose<\/li>\n<li>Bedeutungsvolles Zitat f\u00fcr inspirierende Geburtstagsw\u00fcnsche<\/li>\n<li>M\u00f6glichkeit zur individuellen Anpassung durch Nachrichten von mehreren Personen<\/li>\n<li>Umweltfreundlicher digitaler Versand<\/li>\n<li>Ideal f\u00fcr besondere und pers\u00f6nliche Geburtstagsgr\u00fc\u00dfe<\/li>\n<\/ul>\n<p>Sende jetzt diese magische Geburtstagsgru\u00dfkarte und mache den besonderen Tag eines geliebten Menschen noch unvergesslicher! Besuche <a href=\"https:\/\/ocardoo.com\/en\/\" target=\"_new\" rel=\"noreferrer noopener\">www.ocardoo.com<\/a> und entdecke weitere einzigartige Gru\u00dfkarten f\u00fcr jeden Anlass.<\/p>","protected":false},"excerpt":{"rendered":"<p>Feiere einen unvergesslichen Geburtstag mit unserer bezaubernden digitalen Gruppengru\u00dfkarte, inspiriert vom kleinen Prinzen und seiner Rose. Diese liebevoll gestaltete Karte vereint die zauberhafte Welt des kleinen Prinzen mit einem tiefgr\u00fcndigen [&hellip;]<\/p>","protected":false},"author":20,"featured_media":17693,"comment_status":"open","ping_status":"closed","template":"","meta":{"_acf_changed":false,"inline_featured_image":false,"footnotes":""},"product_cat":[80,79],"product_tag":[469,49,230,468],"class_list":["post-17689","product","type-product","status-publish","has-post-thumbnail","hentry","product_cat-geburtstag","product_cat-gratulation","product_tag-der-kleine-prinz","product_tag-geburtstag","product_tag-happy-birthday","product_tag-kleiner-prinz","pa_variante-basic","pa_variante-premium"],"acf":[],"_links":{"self":[{"href":"https:\/\/ocardoo.com\/en\/wp-json\/wp\/v2\/product\/17689","targetHints":{"allow":["GET"]}}],"collection":[{"href":"https:\/\/ocardoo.com\/en\/wp-json\/wp\/v2\/product"}],"about":[{"href":"https:\/\/ocardoo.com\/en\/wp-json\/wp\/v2\/types\/product"}],"author":[{"embeddable":true,"href":"https:\/\/ocardoo.com\/en\/wp-json\/wp\/v2\/users\/20"}],"replies":[{"embeddable":true,"href":"https:\/\/ocardoo.com\/en\/wp-json\/wp\/v2\/comments?post=17689"}],"version-history":[{"count":2,"href":"https:\/\/ocardoo.com\/en\/wp-json\/wp\/v2\/product\/17689\/revisions"}],"predecessor-version":[{"id":17694,"href":"https:\/\/ocardoo.com\/en\/wp-json\/wp\/v2\/product\/17689\/revisions\/17694"}],"wp:featuredmedia":[{"embeddable":true,"href":"https:\/\/ocardoo.com\/en\/wp-json\/wp\/v2\/media\/17693"}],"wp:attachment":[{"href":"https:\/\/ocardoo.com\/en\/wp-json\/wp\/v2\/media?parent=17689"}],"wp:term":[{"taxonomy":"product_cat","embeddable":true,"href":"https:\/\/ocardoo.com\/en\/wp-json\/wp\/v2\/product_cat?post=17689"},{"taxonomy":"product_tag","embeddable":true,"href":"https:\/\/ocardoo.com\/en\/wp-json\/wp\/v2\/product_tag?post=17689"}],"curies":[{"name":"wp","href":"https:\/\/api.w.org\/{rel}","templated":true}]}}