{"id":17713,"date":"2024-05-23T17:01:20","date_gmt":"2024-05-23T15:01:20","guid":{"rendered":"https:\/\/ocardoo.com\/?post_type=product&#038;p=17713"},"modified":"2024-05-23T17:08:40","modified_gmt":"2024-05-23T15:08:40","slug":"11077","status":"publish","type":"product","link":"https:\/\/ocardoo.com\/en\/product\/11077\/","title":{"rendered":"Frida Kahlo Geburtstagskarte \u2013 Eine digitale Gruppengru\u00dfkarte f\u00fcr besondere Geburtstagsw\u00fcnsche"},"content":{"rendered":"<p>Feiere den Geburtstag eines besonderen Menschen mit unserer einzigartigen digitalen Gruppengru\u00dfkarte, die ein lebendiges und farbenfrohes Portr\u00e4t von Frida Kahlo zeigt. Mit dem herzlichen Gru\u00df &#8222;Happy Birthday from all of us&#8220; ist diese Karte perfekt, um gemeinsam mit Freunden, Familie oder Kollegen unvergessliche Gl\u00fcckw\u00fcnsche zu \u00fcbermitteln.<\/p>\n<p>Diese beeindruckende Karte, die von der ikonischen K\u00fcnstlerin Frida Kahlo inspiriert ist, bringt nicht nur Farbe und Freude, sondern auch eine starke Botschaft der Individualit\u00e4t und Kreativit\u00e4t. Durch die M\u00f6glichkeit, pers\u00f6nliche Nachrichten von mehreren Personen hinzuzuf\u00fcgen, wird diese Karte zu einer besonderen und bedeutungsvollen Geste.<\/p>\n<p><strong>Ideal f\u00fcr:<\/strong><\/p>\n<ul>\n<li>Geburtstagsgr\u00fc\u00dfe f\u00fcr Frida Kahlo Fans und Kunstliebhaber<\/li>\n<li>Pers\u00f6nliche und herzliche Nachrichten von Gruppen<\/li>\n<li>Umweltfreundliche, digitale Gru\u00dfkarten<\/li>\n<\/ul>\n<p><strong>Besondere Merkmale:<\/strong><\/p>\n<ul>\n<li>Einzigartiges Design inspiriert von Frida Kahlo<\/li>\n<li>Herzlicher Geburtstagsgru\u00df &#8222;Happy Birthday from all of us&#8220;<\/li>\n<li>Einfache Anpassung mit pers\u00f6nlichen Nachrichten<\/li>\n<li>Digitaler Versand, der Zeit spart und die Umwelt schont<\/li>\n<\/ul>\n<p>Erstelle jetzt eine unvergessliche Geburtstagsgru\u00dfkarte und bringe Kunst und Freude in den besonderen Tag deines geliebten Menschen. Besuche <a href=\"https:\/\/ocardoo.com\/en\/\" target=\"_new\" rel=\"noreferrer noopener\">www.ocardoo.com<\/a> und entdecke weitere einzigartige Gru\u00dfkarten f\u00fcr jeden Anlass.<\/p>","protected":false},"excerpt":{"rendered":"<p>Feiere den Geburtstag eines besonderen Menschen mit unserer einzigartigen digitalen Gruppengru\u00dfkarte, die ein lebendiges und farbenfrohes Portr\u00e4t von Frida Kahlo zeigt. Mit dem herzlichen Gru\u00df &#8222;Happy Birthday from all of [&hellip;]<\/p>","protected":false},"author":20,"featured_media":17717,"comment_status":"open","ping_status":"closed","template":"","meta":{"_acf_changed":false,"inline_featured_image":false,"footnotes":""},"product_cat":[80,79],"product_tag":[292,470,49,230],"class_list":["post-17713","product","type-product","status-publish","has-post-thumbnail","hentry","product_cat-geburtstag","product_cat-gratulation","product_tag-blumen","product_tag-frida-kahlo","product_tag-geburtstag","product_tag-happy-birthday","pa_variante-basic","pa_variante-premium"],"acf":[],"_links":{"self":[{"href":"https:\/\/ocardoo.com\/en\/wp-json\/wp\/v2\/product\/17713","targetHints":{"allow":["GET"]}}],"collection":[{"href":"https:\/\/ocardoo.com\/en\/wp-json\/wp\/v2\/product"}],"about":[{"href":"https:\/\/ocardoo.com\/en\/wp-json\/wp\/v2\/types\/product"}],"author":[{"embeddable":true,"href":"https:\/\/ocardoo.com\/en\/wp-json\/wp\/v2\/users\/20"}],"replies":[{"embeddable":true,"href":"https:\/\/ocardoo.com\/en\/wp-json\/wp\/v2\/comments?post=17713"}],"version-history":[{"count":2,"href":"https:\/\/ocardoo.com\/en\/wp-json\/wp\/v2\/product\/17713\/revisions"}],"predecessor-version":[{"id":17718,"href":"https:\/\/ocardoo.com\/en\/wp-json\/wp\/v2\/product\/17713\/revisions\/17718"}],"wp:featuredmedia":[{"embeddable":true,"href":"https:\/\/ocardoo.com\/en\/wp-json\/wp\/v2\/media\/17717"}],"wp:attachment":[{"href":"https:\/\/ocardoo.com\/en\/wp-json\/wp\/v2\/media?parent=17713"}],"wp:term":[{"taxonomy":"product_cat","embeddable":true,"href":"https:\/\/ocardoo.com\/en\/wp-json\/wp\/v2\/product_cat?post=17713"},{"taxonomy":"product_tag","embeddable":true,"href":"https:\/\/ocardoo.com\/en\/wp-json\/wp\/v2\/product_tag?post=17713"}],"curies":[{"name":"wp","href":"https:\/\/api.w.org\/{rel}","templated":true}]}}