{"id":18300,"date":"2024-11-20T18:38:26","date_gmt":"2024-11-20T17:38:26","guid":{"rendered":"https:\/\/ocardoo.com\/?post_type=product&#038;p=18300"},"modified":"2024-11-20T18:52:42","modified_gmt":"2024-11-20T17:52:42","slug":"61039","status":"publish","type":"product","link":"https:\/\/ocardoo.com\/en\/product\/61039\/","title":{"rendered":"Digitale Gruppengru\u00dfkarten f\u00fcr Weihnachten \u2013 Gemeinsam Freude schenken &#8211; Weihnachtsbaum"},"content":{"rendered":"<h3><strong>Deine digitale Weihnachts-Gruppengru\u00dfkarte \u2013 Einfach gemeinsam gestalten<\/strong><\/h3>\n<p>Mach dieses Weihnachten besonders! Mit Ocardoo kannst du zusammen mit Freunden, Familie oder Kollegen eine digitale Gru\u00dfkarte erstellen. Jeder tr\u00e4gt seine Botschaft bei, und am Ende teilst du eine Karte voller pers\u00f6nlicher Gr\u00fc\u00dfe.<\/p>","protected":false},"excerpt":{"rendered":"<p>Deine digitale Weihnachts-Gruppengru\u00dfkarte \u2013 Einfach gemeinsam gestalten Mach dieses Weihnachten besonders! Mit Ocardoo kannst du zusammen mit Freunden, Familie oder Kollegen eine digitale Gru\u00dfkarte erstellen. Jeder tr\u00e4gt seine Botschaft bei, [&hellip;]<\/p>","protected":false},"author":20,"featured_media":18257,"comment_status":"open","ping_status":"closed","template":"","meta":{"_acf_changed":false,"inline_featured_image":false,"footnotes":""},"product_cat":[106,107],"product_tag":[249,173,170,196],"class_list":["post-18300","product","type-product","status-publish","has-post-thumbnail","hentry","product_cat-religioese-anlaesse","product_cat-weihnachten","product_tag-christmas","product_tag-merry-christmas","product_tag-weihnachten","product_tag-weihnachtsbaum","pa_variante-basic","pa_variante-premium"],"acf":[],"_links":{"self":[{"href":"https:\/\/ocardoo.com\/en\/wp-json\/wp\/v2\/product\/18300","targetHints":{"allow":["GET"]}}],"collection":[{"href":"https:\/\/ocardoo.com\/en\/wp-json\/wp\/v2\/product"}],"about":[{"href":"https:\/\/ocardoo.com\/en\/wp-json\/wp\/v2\/types\/product"}],"author":[{"embeddable":true,"href":"https:\/\/ocardoo.com\/en\/wp-json\/wp\/v2\/users\/20"}],"replies":[{"embeddable":true,"href":"https:\/\/ocardoo.com\/en\/wp-json\/wp\/v2\/comments?post=18300"}],"version-history":[{"count":2,"href":"https:\/\/ocardoo.com\/en\/wp-json\/wp\/v2\/product\/18300\/revisions"}],"predecessor-version":[{"id":18304,"href":"https:\/\/ocardoo.com\/en\/wp-json\/wp\/v2\/product\/18300\/revisions\/18304"}],"wp:featuredmedia":[{"embeddable":true,"href":"https:\/\/ocardoo.com\/en\/wp-json\/wp\/v2\/media\/18257"}],"wp:attachment":[{"href":"https:\/\/ocardoo.com\/en\/wp-json\/wp\/v2\/media?parent=18300"}],"wp:term":[{"taxonomy":"product_cat","embeddable":true,"href":"https:\/\/ocardoo.com\/en\/wp-json\/wp\/v2\/product_cat?post=18300"},{"taxonomy":"product_tag","embeddable":true,"href":"https:\/\/ocardoo.com\/en\/wp-json\/wp\/v2\/product_tag?post=18300"}],"curies":[{"name":"wp","href":"https:\/\/api.w.org\/{rel}","templated":true}]}}