{"id":18305,"date":"2024-11-20T18:53:10","date_gmt":"2024-11-20T17:53:10","guid":{"rendered":"https:\/\/ocardoo.com\/?post_type=product&#038;p=18305"},"modified":"2024-11-20T18:55:16","modified_gmt":"2024-11-20T17:55:16","slug":"61040","status":"publish","type":"product","link":"https:\/\/ocardoo.com\/en\/product\/61040\/","title":{"rendered":"Weihnachtliche E-Gru\u00dfkarten f\u00fcr Teams und Freunde"},"content":{"rendered":"<h3><strong>Nachhaltige Weihnachtskarten f\u00fcr deine Gruppe \u2013 Ocardoo macht\u2019s m\u00f6glich<\/strong><\/h3>\n<p>Vergiss Papierkarten! Mit Ocardoo gestaltest du digitale Weihnachtskarten, bei denen jeder aus der Gruppe seine Gr\u00fc\u00dfe und Bilder hinzuf\u00fcgen kann. Einfach, nachhaltig und 100 % pers\u00f6nlich.<\/p>","protected":false},"excerpt":{"rendered":"<p>Nachhaltige Weihnachtskarten f\u00fcr deine Gruppe \u2013 Ocardoo macht\u2019s m\u00f6glich Vergiss Papierkarten! Mit Ocardoo gestaltest du digitale Weihnachtskarten, bei denen jeder aus der Gruppe seine Gr\u00fc\u00dfe und Bilder hinzuf\u00fcgen kann. Einfach, [&hellip;]<\/p>","protected":false},"author":20,"featured_media":18258,"comment_status":"open","ping_status":"closed","template":"","meta":{"_acf_changed":false,"inline_featured_image":false,"footnotes":""},"product_cat":[106,107],"product_tag":[249,173,170,196],"class_list":["post-18305","product","type-product","status-publish","has-post-thumbnail","hentry","product_cat-religioese-anlaesse","product_cat-weihnachten","product_tag-christmas","product_tag-merry-christmas","product_tag-weihnachten","product_tag-weihnachtsbaum","pa_variante-basic","pa_variante-premium"],"acf":[],"_links":{"self":[{"href":"https:\/\/ocardoo.com\/en\/wp-json\/wp\/v2\/product\/18305","targetHints":{"allow":["GET"]}}],"collection":[{"href":"https:\/\/ocardoo.com\/en\/wp-json\/wp\/v2\/product"}],"about":[{"href":"https:\/\/ocardoo.com\/en\/wp-json\/wp\/v2\/types\/product"}],"author":[{"embeddable":true,"href":"https:\/\/ocardoo.com\/en\/wp-json\/wp\/v2\/users\/20"}],"replies":[{"embeddable":true,"href":"https:\/\/ocardoo.com\/en\/wp-json\/wp\/v2\/comments?post=18305"}],"version-history":[{"count":2,"href":"https:\/\/ocardoo.com\/en\/wp-json\/wp\/v2\/product\/18305\/revisions"}],"predecessor-version":[{"id":18309,"href":"https:\/\/ocardoo.com\/en\/wp-json\/wp\/v2\/product\/18305\/revisions\/18309"}],"wp:featuredmedia":[{"embeddable":true,"href":"https:\/\/ocardoo.com\/en\/wp-json\/wp\/v2\/media\/18258"}],"wp:attachment":[{"href":"https:\/\/ocardoo.com\/en\/wp-json\/wp\/v2\/media?parent=18305"}],"wp:term":[{"taxonomy":"product_cat","embeddable":true,"href":"https:\/\/ocardoo.com\/en\/wp-json\/wp\/v2\/product_cat?post=18305"},{"taxonomy":"product_tag","embeddable":true,"href":"https:\/\/ocardoo.com\/en\/wp-json\/wp\/v2\/product_tag?post=18305"}],"curies":[{"name":"wp","href":"https:\/\/api.w.org\/{rel}","templated":true}]}}