{"id":18310,"date":"2024-11-20T18:55:45","date_gmt":"2024-11-20T17:55:45","guid":{"rendered":"https:\/\/ocardoo.com\/?post_type=product&#038;p=18310"},"modified":"2024-12-12T10:58:54","modified_gmt":"2024-12-12T09:58:54","slug":"61041","status":"publish","type":"product","link":"https:\/\/ocardoo.com\/en\/product\/61041\/","title":{"rendered":"Personalisierte Gruppengru\u00dfkarten f\u00fcr Weihnachten &#8222;Happy Holidays&#8220;"},"content":{"rendered":"<h3><strong>Erstelle gemeinsam Weihnachts-Gru\u00dfkarten \u2013 Schnell und kreativ<\/strong><\/h3>\n<p>Mit Ocardoo wird das Erstellen einer Gruppengru\u00dfkarte zum Kinderspiel. Lade deine Freunde ein, ihren Beitrag zu leisten, und zaubere in wenigen Klicks eine wundersch\u00f6ne digitale Weihnachtskarte.<\/p>","protected":false},"excerpt":{"rendered":"<p>Erstelle gemeinsam Weihnachts-Gru\u00dfkarten \u2013 Schnell und kreativ Mit Ocardoo wird das Erstellen einer Gruppengru\u00dfkarte zum Kinderspiel. Lade deine Freunde ein, ihren Beitrag zu leisten, und zaubere in wenigen Klicks eine [&hellip;]<\/p>","protected":false},"author":20,"featured_media":18259,"comment_status":"open","ping_status":"closed","template":"","meta":{"_acf_changed":false,"inline_featured_image":false,"footnotes":""},"product_cat":[106,107],"product_tag":[249,173,170,196],"class_list":["post-18310","product","type-product","status-publish","has-post-thumbnail","hentry","product_cat-religioese-anlaesse","product_cat-weihnachten","product_tag-christmas","product_tag-merry-christmas","product_tag-weihnachten","product_tag-weihnachtsbaum","pa_variante-basic","pa_variante-premium"],"acf":[],"_links":{"self":[{"href":"https:\/\/ocardoo.com\/en\/wp-json\/wp\/v2\/product\/18310","targetHints":{"allow":["GET"]}}],"collection":[{"href":"https:\/\/ocardoo.com\/en\/wp-json\/wp\/v2\/product"}],"about":[{"href":"https:\/\/ocardoo.com\/en\/wp-json\/wp\/v2\/types\/product"}],"author":[{"embeddable":true,"href":"https:\/\/ocardoo.com\/en\/wp-json\/wp\/v2\/users\/20"}],"replies":[{"embeddable":true,"href":"https:\/\/ocardoo.com\/en\/wp-json\/wp\/v2\/comments?post=18310"}],"version-history":[{"count":3,"href":"https:\/\/ocardoo.com\/en\/wp-json\/wp\/v2\/product\/18310\/revisions"}],"predecessor-version":[{"id":18315,"href":"https:\/\/ocardoo.com\/en\/wp-json\/wp\/v2\/product\/18310\/revisions\/18315"}],"wp:featuredmedia":[{"embeddable":true,"href":"https:\/\/ocardoo.com\/en\/wp-json\/wp\/v2\/media\/18259"}],"wp:attachment":[{"href":"https:\/\/ocardoo.com\/en\/wp-json\/wp\/v2\/media?parent=18310"}],"wp:term":[{"taxonomy":"product_cat","embeddable":true,"href":"https:\/\/ocardoo.com\/en\/wp-json\/wp\/v2\/product_cat?post=18310"},{"taxonomy":"product_tag","embeddable":true,"href":"https:\/\/ocardoo.com\/en\/wp-json\/wp\/v2\/product_tag?post=18310"}],"curies":[{"name":"wp","href":"https:\/\/api.w.org\/{rel}","templated":true}]}}