{"id":18316,"date":"2024-11-20T19:00:26","date_gmt":"2024-11-20T18:00:26","guid":{"rendered":"https:\/\/ocardoo.com\/?post_type=product&#038;p=18316"},"modified":"2024-12-12T10:50:23","modified_gmt":"2024-12-12T09:50:23","slug":"61042","status":"publish","type":"product","link":"https:\/\/ocardoo.com\/en\/product\/61042\/","title":{"rendered":"Weihnachts-Gru\u00dfkarten online gestalten \u2013 Perfekt f\u00fcr Gruppen &#8222;Happy Holiday&#8220;"},"content":{"rendered":"<h3><strong>Teile Weihnachtsfreude \u2013 Digital und mit pers\u00f6nlicher Note<\/strong><\/h3>\n<p>Ocardoo bietet dir die M\u00f6glichkeit, digitale Weihnachtskarten zu erstellen, bei denen jeder aus der Gruppe mitmachen kann. Perfekt f\u00fcr Familien, Freunde oder Kollegen, die zusammen ein Zeichen setzen wollen.<\/p>","protected":false},"excerpt":{"rendered":"<p>Teile Weihnachtsfreude \u2013 Digital und mit pers\u00f6nlicher Note Ocardoo bietet dir die M\u00f6glichkeit, digitale Weihnachtskarten zu erstellen, bei denen jeder aus der Gruppe mitmachen kann. Perfekt f\u00fcr Familien, Freunde oder [&hellip;]<\/p>","protected":false},"author":20,"featured_media":18260,"comment_status":"open","ping_status":"closed","template":"","meta":{"_acf_changed":false,"inline_featured_image":false,"footnotes":""},"product_cat":[106,107],"product_tag":[249,474,173,170,196],"class_list":["post-18316","product","type-product","status-publish","has-post-thumbnail","hentry","product_cat-religioese-anlaesse","product_cat-weihnachten","product_tag-christmas","product_tag-lebkuchenhaus","product_tag-merry-christmas","product_tag-weihnachten","product_tag-weihnachtsbaum","pa_variante-basic","pa_variante-premium"],"acf":[],"_links":{"self":[{"href":"https:\/\/ocardoo.com\/en\/wp-json\/wp\/v2\/product\/18316","targetHints":{"allow":["GET"]}}],"collection":[{"href":"https:\/\/ocardoo.com\/en\/wp-json\/wp\/v2\/product"}],"about":[{"href":"https:\/\/ocardoo.com\/en\/wp-json\/wp\/v2\/types\/product"}],"author":[{"embeddable":true,"href":"https:\/\/ocardoo.com\/en\/wp-json\/wp\/v2\/users\/20"}],"replies":[{"embeddable":true,"href":"https:\/\/ocardoo.com\/en\/wp-json\/wp\/v2\/comments?post=18316"}],"version-history":[{"count":3,"href":"https:\/\/ocardoo.com\/en\/wp-json\/wp\/v2\/product\/18316\/revisions"}],"predecessor-version":[{"id":18696,"href":"https:\/\/ocardoo.com\/en\/wp-json\/wp\/v2\/product\/18316\/revisions\/18696"}],"wp:featuredmedia":[{"embeddable":true,"href":"https:\/\/ocardoo.com\/en\/wp-json\/wp\/v2\/media\/18260"}],"wp:attachment":[{"href":"https:\/\/ocardoo.com\/en\/wp-json\/wp\/v2\/media?parent=18316"}],"wp:term":[{"taxonomy":"product_cat","embeddable":true,"href":"https:\/\/ocardoo.com\/en\/wp-json\/wp\/v2\/product_cat?post=18316"},{"taxonomy":"product_tag","embeddable":true,"href":"https:\/\/ocardoo.com\/en\/wp-json\/wp\/v2\/product_tag?post=18316"}],"curies":[{"name":"wp","href":"https:\/\/api.w.org\/{rel}","templated":true}]}}