{"id":18321,"date":"2024-11-20T19:02:39","date_gmt":"2024-11-20T18:02:39","guid":{"rendered":"https:\/\/ocardoo.com\/?post_type=product&#038;p=18321"},"modified":"2024-12-12T10:50:27","modified_gmt":"2024-12-12T09:50:27","slug":"61043","status":"publish","type":"product","link":"https:\/\/ocardoo.com\/en\/product\/61043\/","title":{"rendered":"Festliche Gruppenkarten f\u00fcr Weihnachten \u2013 Digital und nachhaltig &#8222;Merry Christmas&#8220;"},"content":{"rendered":"<h3><strong>Weihnachtsgr\u00fc\u00dfe von der ganzen Gruppe \u2013 Einfach digital gestalten<\/strong><\/h3>\n<p>Mit Ocardoo wird jede Weihnachtskarte einzigartig. Lade deine Gruppe ein, ihre Gr\u00fc\u00dfe hochzuladen, und erhalte eine Karte, die alle Beitr\u00e4ge vereint \u2013 perfekt, um Freude zu teilen.<\/p>","protected":false},"excerpt":{"rendered":"<p>Weihnachtsgr\u00fc\u00dfe von der ganzen Gruppe \u2013 Einfach digital gestalten Mit Ocardoo wird jede Weihnachtskarte einzigartig. Lade deine Gruppe ein, ihre Gr\u00fc\u00dfe hochzuladen, und erhalte eine Karte, die alle Beitr\u00e4ge vereint [&hellip;]<\/p>","protected":false},"author":20,"featured_media":18261,"comment_status":"open","ping_status":"closed","template":"","meta":{"_acf_changed":false,"inline_featured_image":false,"footnotes":""},"product_cat":[106,107],"product_tag":[249,173,174,170,196],"class_list":["post-18321","product","type-product","status-publish","has-post-thumbnail","hentry","product_cat-religioese-anlaesse","product_cat-weihnachten","product_tag-christmas","product_tag-merry-christmas","product_tag-rentier","product_tag-weihnachten","product_tag-weihnachtsbaum","pa_variante-basic","pa_variante-premium"],"acf":[],"_links":{"self":[{"href":"https:\/\/ocardoo.com\/en\/wp-json\/wp\/v2\/product\/18321","targetHints":{"allow":["GET"]}}],"collection":[{"href":"https:\/\/ocardoo.com\/en\/wp-json\/wp\/v2\/product"}],"about":[{"href":"https:\/\/ocardoo.com\/en\/wp-json\/wp\/v2\/types\/product"}],"author":[{"embeddable":true,"href":"https:\/\/ocardoo.com\/en\/wp-json\/wp\/v2\/users\/20"}],"replies":[{"embeddable":true,"href":"https:\/\/ocardoo.com\/en\/wp-json\/wp\/v2\/comments?post=18321"}],"version-history":[{"count":3,"href":"https:\/\/ocardoo.com\/en\/wp-json\/wp\/v2\/product\/18321\/revisions"}],"predecessor-version":[{"id":18700,"href":"https:\/\/ocardoo.com\/en\/wp-json\/wp\/v2\/product\/18321\/revisions\/18700"}],"wp:featuredmedia":[{"embeddable":true,"href":"https:\/\/ocardoo.com\/en\/wp-json\/wp\/v2\/media\/18261"}],"wp:attachment":[{"href":"https:\/\/ocardoo.com\/en\/wp-json\/wp\/v2\/media?parent=18321"}],"wp:term":[{"taxonomy":"product_cat","embeddable":true,"href":"https:\/\/ocardoo.com\/en\/wp-json\/wp\/v2\/product_cat?post=18321"},{"taxonomy":"product_tag","embeddable":true,"href":"https:\/\/ocardoo.com\/en\/wp-json\/wp\/v2\/product_tag?post=18321"}],"curies":[{"name":"wp","href":"https:\/\/api.w.org\/{rel}","templated":true}]}}