{"id":18331,"date":"2024-11-20T19:08:50","date_gmt":"2024-11-20T18:08:50","guid":{"rendered":"https:\/\/ocardoo.com\/?post_type=product&#038;p=18331"},"modified":"2024-12-12T10:50:56","modified_gmt":"2024-12-12T09:50:56","slug":"61045","status":"publish","type":"product","link":"https:\/\/ocardoo.com\/en\/product\/61045\/","title":{"rendered":"Weihnachts-E-Cards f\u00fcr Teams, Vereine und Freunde &#8222;Merry Christmas&#8220;"},"content":{"rendered":"<h3><strong>Deine digitale Weihnachtskarte \u2013 Einfach und einzigartig<\/strong><\/h3>\n<p>Gestalte mit Ocardoo eine digitale Weihnachts-Gru\u00dfkarte, die alle lieben werden. Jeder f\u00fcgt pers\u00f6nliche Gr\u00fc\u00dfe oder Bilder hinzu, und du teilst das fertige Meisterwerk.<\/p>","protected":false},"excerpt":{"rendered":"<p>Deine digitale Weihnachtskarte \u2013 Einfach und einzigartig Gestalte mit Ocardoo eine digitale Weihnachts-Gru\u00dfkarte, die alle lieben werden. Jeder f\u00fcgt pers\u00f6nliche Gr\u00fc\u00dfe oder Bilder hinzu, und du teilst das fertige Meisterwerk.<\/p>","protected":false},"author":20,"featured_media":18263,"comment_status":"open","ping_status":"closed","template":"","meta":{"_acf_changed":false,"inline_featured_image":false,"footnotes":""},"product_cat":[106,107],"product_tag":[249,173,174,170,196],"class_list":["post-18331","product","type-product","status-publish","has-post-thumbnail","hentry","product_cat-religioese-anlaesse","product_cat-weihnachten","product_tag-christmas","product_tag-merry-christmas","product_tag-rentier","product_tag-weihnachten","product_tag-weihnachtsbaum","pa_variante-basic","pa_variante-premium"],"acf":[],"_links":{"self":[{"href":"https:\/\/ocardoo.com\/en\/wp-json\/wp\/v2\/product\/18331","targetHints":{"allow":["GET"]}}],"collection":[{"href":"https:\/\/ocardoo.com\/en\/wp-json\/wp\/v2\/product"}],"about":[{"href":"https:\/\/ocardoo.com\/en\/wp-json\/wp\/v2\/types\/product"}],"author":[{"embeddable":true,"href":"https:\/\/ocardoo.com\/en\/wp-json\/wp\/v2\/users\/20"}],"replies":[{"embeddable":true,"href":"https:\/\/ocardoo.com\/en\/wp-json\/wp\/v2\/comments?post=18331"}],"version-history":[{"count":3,"href":"https:\/\/ocardoo.com\/en\/wp-json\/wp\/v2\/product\/18331\/revisions"}],"predecessor-version":[{"id":18336,"href":"https:\/\/ocardoo.com\/en\/wp-json\/wp\/v2\/product\/18331\/revisions\/18336"}],"wp:featuredmedia":[{"embeddable":true,"href":"https:\/\/ocardoo.com\/en\/wp-json\/wp\/v2\/media\/18263"}],"wp:attachment":[{"href":"https:\/\/ocardoo.com\/en\/wp-json\/wp\/v2\/media?parent=18331"}],"wp:term":[{"taxonomy":"product_cat","embeddable":true,"href":"https:\/\/ocardoo.com\/en\/wp-json\/wp\/v2\/product_cat?post=18331"},{"taxonomy":"product_tag","embeddable":true,"href":"https:\/\/ocardoo.com\/en\/wp-json\/wp\/v2\/product_tag?post=18331"}],"curies":[{"name":"wp","href":"https:\/\/api.w.org\/{rel}","templated":true}]}}