{"id":18342,"date":"2024-11-20T19:57:45","date_gmt":"2024-11-20T18:57:45","guid":{"rendered":"https:\/\/ocardoo.com\/?post_type=product&#038;p=18342"},"modified":"2024-12-12T10:57:50","modified_gmt":"2024-12-12T09:57:50","slug":"61047","status":"publish","type":"product","link":"https:\/\/ocardoo.com\/en\/product\/61047\/","title":{"rendered":"Virtuelle Gruppengru\u00dfkarten f\u00fcr Weihnachten \u2013 Einfach teilen &#8222;Merry Christmas&#8220;"},"content":{"rendered":"<h3><strong>Digitale Gruppenkarten zu Weihnachten \u2013 Freude teilen leicht gemacht<\/strong><\/h3>\n<p>Sammle mit Ocardoo Gr\u00fc\u00dfe und W\u00fcnsche von deiner Gruppe und kreiere eine digitale Weihnachtskarte, die pers\u00f6nlich, modern und nachhaltig ist.<\/p>","protected":false},"excerpt":{"rendered":"<p>Digitale Gruppenkarten zu Weihnachten \u2013 Freude teilen leicht gemacht Sammle mit Ocardoo Gr\u00fc\u00dfe und W\u00fcnsche von deiner Gruppe und kreiere eine digitale Weihnachtskarte, die pers\u00f6nlich, modern und nachhaltig ist.<\/p>","protected":false},"author":20,"featured_media":18265,"comment_status":"open","ping_status":"closed","template":"","meta":{"_acf_changed":false,"inline_featured_image":false,"footnotes":""},"product_cat":[106,107],"product_tag":[249,173,174,170,196],"class_list":["post-18342","product","type-product","status-publish","has-post-thumbnail","hentry","product_cat-religioese-anlaesse","product_cat-weihnachten","product_tag-christmas","product_tag-merry-christmas","product_tag-rentier","product_tag-weihnachten","product_tag-weihnachtsbaum","pa_variante-basic","pa_variante-premium"],"acf":[],"_links":{"self":[{"href":"https:\/\/ocardoo.com\/en\/wp-json\/wp\/v2\/product\/18342","targetHints":{"allow":["GET"]}}],"collection":[{"href":"https:\/\/ocardoo.com\/en\/wp-json\/wp\/v2\/product"}],"about":[{"href":"https:\/\/ocardoo.com\/en\/wp-json\/wp\/v2\/types\/product"}],"author":[{"embeddable":true,"href":"https:\/\/ocardoo.com\/en\/wp-json\/wp\/v2\/users\/20"}],"replies":[{"embeddable":true,"href":"https:\/\/ocardoo.com\/en\/wp-json\/wp\/v2\/comments?post=18342"}],"version-history":[{"count":3,"href":"https:\/\/ocardoo.com\/en\/wp-json\/wp\/v2\/product\/18342\/revisions"}],"predecessor-version":[{"id":18698,"href":"https:\/\/ocardoo.com\/en\/wp-json\/wp\/v2\/product\/18342\/revisions\/18698"}],"wp:featuredmedia":[{"embeddable":true,"href":"https:\/\/ocardoo.com\/en\/wp-json\/wp\/v2\/media\/18265"}],"wp:attachment":[{"href":"https:\/\/ocardoo.com\/en\/wp-json\/wp\/v2\/media?parent=18342"}],"wp:term":[{"taxonomy":"product_cat","embeddable":true,"href":"https:\/\/ocardoo.com\/en\/wp-json\/wp\/v2\/product_cat?post=18342"},{"taxonomy":"product_tag","embeddable":true,"href":"https:\/\/ocardoo.com\/en\/wp-json\/wp\/v2\/product_tag?post=18342"}],"curies":[{"name":"wp","href":"https:\/\/api.w.org\/{rel}","templated":true}]}}