{"id":18364,"date":"2024-11-20T20:14:57","date_gmt":"2024-11-20T19:14:57","guid":{"rendered":"https:\/\/ocardoo.com\/?post_type=product&#038;p=18364"},"modified":"2024-12-12T10:54:09","modified_gmt":"2024-12-12T09:54:09","slug":"61051","status":"publish","type":"product","link":"https:\/\/ocardoo.com\/en\/product\/61051\/","title":{"rendered":"Nachhaltige Weihnachtskarten f\u00fcr Gruppen \u2013 Online gestalten &#8222;Merry Christmas&#8220;"},"content":{"rendered":"<h3><strong>Deine Weihnachts-Gruppengru\u00dfkarte \u2013 Mit Liebe digital gestaltet<\/strong><\/h3>\n<p>Ocardoo macht\u2019s m\u00f6glich: Du kannst pers\u00f6nliche Gr\u00fc\u00dfe von allen in deiner Gruppe sammeln und sie in einer digitalen Weihnachtskarte zusammenfassen.<\/p>","protected":false},"excerpt":{"rendered":"<p>Deine Weihnachts-Gruppengru\u00dfkarte \u2013 Mit Liebe digital gestaltet Ocardoo macht\u2019s m\u00f6glich: Du kannst pers\u00f6nliche Gr\u00fc\u00dfe von allen in deiner Gruppe sammeln und sie in einer digitalen Weihnachtskarte zusammenfassen.<\/p>","protected":false},"author":20,"featured_media":18269,"comment_status":"open","ping_status":"closed","template":"","meta":{"_acf_changed":false,"inline_featured_image":false,"footnotes":""},"product_cat":[106,107],"product_tag":[249,173,174,170,196],"class_list":["post-18364","product","type-product","status-publish","has-post-thumbnail","hentry","product_cat-religioese-anlaesse","product_cat-weihnachten","product_tag-christmas","product_tag-merry-christmas","product_tag-rentier","product_tag-weihnachten","product_tag-weihnachtsbaum","pa_variante-basic","pa_variante-premium"],"acf":[],"_links":{"self":[{"href":"https:\/\/ocardoo.com\/en\/wp-json\/wp\/v2\/product\/18364","targetHints":{"allow":["GET"]}}],"collection":[{"href":"https:\/\/ocardoo.com\/en\/wp-json\/wp\/v2\/product"}],"about":[{"href":"https:\/\/ocardoo.com\/en\/wp-json\/wp\/v2\/types\/product"}],"author":[{"embeddable":true,"href":"https:\/\/ocardoo.com\/en\/wp-json\/wp\/v2\/users\/20"}],"replies":[{"embeddable":true,"href":"https:\/\/ocardoo.com\/en\/wp-json\/wp\/v2\/comments?post=18364"}],"version-history":[{"count":3,"href":"https:\/\/ocardoo.com\/en\/wp-json\/wp\/v2\/product\/18364\/revisions"}],"predecessor-version":[{"id":18369,"href":"https:\/\/ocardoo.com\/en\/wp-json\/wp\/v2\/product\/18364\/revisions\/18369"}],"wp:featuredmedia":[{"embeddable":true,"href":"https:\/\/ocardoo.com\/en\/wp-json\/wp\/v2\/media\/18269"}],"wp:attachment":[{"href":"https:\/\/ocardoo.com\/en\/wp-json\/wp\/v2\/media?parent=18364"}],"wp:term":[{"taxonomy":"product_cat","embeddable":true,"href":"https:\/\/ocardoo.com\/en\/wp-json\/wp\/v2\/product_cat?post=18364"},{"taxonomy":"product_tag","embeddable":true,"href":"https:\/\/ocardoo.com\/en\/wp-json\/wp\/v2\/product_tag?post=18364"}],"curies":[{"name":"wp","href":"https:\/\/api.w.org\/{rel}","templated":true}]}}