{"id":18373,"date":"2024-11-20T20:18:46","date_gmt":"2024-11-20T19:18:46","guid":{"rendered":"https:\/\/ocardoo.com\/?post_type=product&#038;p=18373"},"modified":"2024-12-12T10:53:04","modified_gmt":"2024-12-12T09:53:04","slug":"61052","status":"publish","type":"product","link":"https:\/\/ocardoo.com\/en\/product\/61052\/","title":{"rendered":"Weihnachtliche Gr\u00fc\u00dfe digital teilen \u2013 Perfekt f\u00fcr Gruppen &#8222;Merry Christmas&#8220;"},"content":{"rendered":"<h3><strong>Digitales Weihnachtswunder \u2013 Erstelle deine Gruppengru\u00dfkarte<\/strong><\/h3>\n<p>Mit Ocardoo gestaltest du eine digitale Weihnachtskarte, bei der alle mitmachen k\u00f6nnen. Pers\u00f6nlicher kann es nicht werden!<\/p>","protected":false},"excerpt":{"rendered":"<p>Digitales Weihnachtswunder \u2013 Erstelle deine Gruppengru\u00dfkarte Mit Ocardoo gestaltest du eine digitale Weihnachtskarte, bei der alle mitmachen k\u00f6nnen. Pers\u00f6nlicher kann es nicht werden!<\/p>","protected":false},"author":20,"featured_media":18270,"comment_status":"open","ping_status":"closed","template":"","meta":{"_acf_changed":false,"inline_featured_image":false,"footnotes":""},"product_cat":[106,107],"product_tag":[249,173,174,170,196],"class_list":["post-18373","product","type-product","status-publish","has-post-thumbnail","hentry","product_cat-religioese-anlaesse","product_cat-weihnachten","product_tag-christmas","product_tag-merry-christmas","product_tag-rentier","product_tag-weihnachten","product_tag-weihnachtsbaum","pa_variante-basic","pa_variante-premium"],"acf":[],"_links":{"self":[{"href":"https:\/\/ocardoo.com\/en\/wp-json\/wp\/v2\/product\/18373","targetHints":{"allow":["GET"]}}],"collection":[{"href":"https:\/\/ocardoo.com\/en\/wp-json\/wp\/v2\/product"}],"about":[{"href":"https:\/\/ocardoo.com\/en\/wp-json\/wp\/v2\/types\/product"}],"author":[{"embeddable":true,"href":"https:\/\/ocardoo.com\/en\/wp-json\/wp\/v2\/users\/20"}],"replies":[{"embeddable":true,"href":"https:\/\/ocardoo.com\/en\/wp-json\/wp\/v2\/comments?post=18373"}],"version-history":[{"count":3,"href":"https:\/\/ocardoo.com\/en\/wp-json\/wp\/v2\/product\/18373\/revisions"}],"predecessor-version":[{"id":18378,"href":"https:\/\/ocardoo.com\/en\/wp-json\/wp\/v2\/product\/18373\/revisions\/18378"}],"wp:featuredmedia":[{"embeddable":true,"href":"https:\/\/ocardoo.com\/en\/wp-json\/wp\/v2\/media\/18270"}],"wp:attachment":[{"href":"https:\/\/ocardoo.com\/en\/wp-json\/wp\/v2\/media?parent=18373"}],"wp:term":[{"taxonomy":"product_cat","embeddable":true,"href":"https:\/\/ocardoo.com\/en\/wp-json\/wp\/v2\/product_cat?post=18373"},{"taxonomy":"product_tag","embeddable":true,"href":"https:\/\/ocardoo.com\/en\/wp-json\/wp\/v2\/product_tag?post=18373"}],"curies":[{"name":"wp","href":"https:\/\/api.w.org\/{rel}","templated":true}]}}