{"id":18379,"date":"2024-11-20T20:22:50","date_gmt":"2024-11-20T19:22:50","guid":{"rendered":"https:\/\/ocardoo.com\/?post_type=product&#038;p=18379"},"modified":"2024-12-12T10:52:29","modified_gmt":"2024-12-12T09:52:29","slug":"virtuelle-weihnachtskarten-fuer-gemeinschaften-und-teams-ho-ho-ho","status":"publish","type":"product","link":"https:\/\/ocardoo.com\/en\/product\/virtuelle-weihnachtskarten-fuer-gemeinschaften-und-teams-ho-ho-ho\/","title":{"rendered":"Virtuelle Weihnachtskarten f\u00fcr Gemeinschaften und Teams &#8222;Ho Ho Ho&#8220;"},"content":{"rendered":"<h3><strong>Weihnachtskarten digital gestalten \u2013 Perfekt f\u00fcr Gruppen<\/strong><\/h3>\n<p>Ocardoo hilft dir, eine Karte voller pers\u00f6nlicher Weihnachtsgr\u00fc\u00dfe zu erstellen \u2013 ideal f\u00fcr Freunde, Familie oder dein Team.<\/p>","protected":false},"excerpt":{"rendered":"<p>Weihnachtskarten digital gestalten \u2013 Perfekt f\u00fcr Gruppen Ocardoo hilft dir, eine Karte voller pers\u00f6nlicher Weihnachtsgr\u00fc\u00dfe zu erstellen \u2013 ideal f\u00fcr Freunde, Familie oder dein Team.<\/p>","protected":false},"author":20,"featured_media":18271,"comment_status":"open","ping_status":"closed","template":"","meta":{"_acf_changed":false,"inline_featured_image":false,"footnotes":""},"product_cat":[106,107],"product_tag":[249,475,173,170,196],"class_list":["post-18379","product","type-product","status-publish","has-post-thumbnail","hentry","product_cat-religioese-anlaesse","product_cat-weihnachten","product_tag-christmas","product_tag-ho-ho-ho","product_tag-merry-christmas","product_tag-weihnachten","product_tag-weihnachtsbaum","pa_variante-basic","pa_variante-premium"],"acf":[],"_links":{"self":[{"href":"https:\/\/ocardoo.com\/en\/wp-json\/wp\/v2\/product\/18379","targetHints":{"allow":["GET"]}}],"collection":[{"href":"https:\/\/ocardoo.com\/en\/wp-json\/wp\/v2\/product"}],"about":[{"href":"https:\/\/ocardoo.com\/en\/wp-json\/wp\/v2\/types\/product"}],"author":[{"embeddable":true,"href":"https:\/\/ocardoo.com\/en\/wp-json\/wp\/v2\/users\/20"}],"replies":[{"embeddable":true,"href":"https:\/\/ocardoo.com\/en\/wp-json\/wp\/v2\/comments?post=18379"}],"version-history":[{"count":2,"href":"https:\/\/ocardoo.com\/en\/wp-json\/wp\/v2\/product\/18379\/revisions"}],"predecessor-version":[{"id":18383,"href":"https:\/\/ocardoo.com\/en\/wp-json\/wp\/v2\/product\/18379\/revisions\/18383"}],"wp:featuredmedia":[{"embeddable":true,"href":"https:\/\/ocardoo.com\/en\/wp-json\/wp\/v2\/media\/18271"}],"wp:attachment":[{"href":"https:\/\/ocardoo.com\/en\/wp-json\/wp\/v2\/media?parent=18379"}],"wp:term":[{"taxonomy":"product_cat","embeddable":true,"href":"https:\/\/ocardoo.com\/en\/wp-json\/wp\/v2\/product_cat?post=18379"},{"taxonomy":"product_tag","embeddable":true,"href":"https:\/\/ocardoo.com\/en\/wp-json\/wp\/v2\/product_tag?post=18379"}],"curies":[{"name":"wp","href":"https:\/\/api.w.org\/{rel}","templated":true}]}}