{"id":18384,"date":"2024-11-20T20:28:03","date_gmt":"2024-11-20T19:28:03","guid":{"rendered":"https:\/\/ocardoo.com\/?post_type=product&#038;p=18384"},"modified":"2024-12-12T10:51:49","modified_gmt":"2024-12-12T09:51:49","slug":"61059","status":"publish","type":"product","link":"https:\/\/ocardoo.com\/en\/product\/61059\/","title":{"rendered":"Digitale Weihnachts-Gru\u00dfkarten f\u00fcr Kollegen und Freunde &#8222;Ho Ho Ho&#8220;"},"content":{"rendered":"<h3><strong>Deine digitale Weihnachtskarte f\u00fcr Gruppen \u2013 Schnell und sch\u00f6n<\/strong><\/h3>\n<p>Sammle mit Ocardoo die Botschaften deiner Gruppe und erstelle in wenigen Klicks eine digitale Weihnachtskarte voller Liebe.<\/p>","protected":false},"excerpt":{"rendered":"<p>Deine digitale Weihnachtskarte f\u00fcr Gruppen \u2013 Schnell und sch\u00f6n Sammle mit Ocardoo die Botschaften deiner Gruppe und erstelle in wenigen Klicks eine digitale Weihnachtskarte voller Liebe.<\/p>","protected":false},"author":20,"featured_media":18277,"comment_status":"open","ping_status":"closed","template":"","meta":{"_acf_changed":false,"inline_featured_image":false,"footnotes":""},"product_cat":[106,107],"product_tag":[249,475,173,170,196],"class_list":["post-18384","product","type-product","status-publish","has-post-thumbnail","hentry","product_cat-religioese-anlaesse","product_cat-weihnachten","product_tag-christmas","product_tag-ho-ho-ho","product_tag-merry-christmas","product_tag-weihnachten","product_tag-weihnachtsbaum","pa_variante-basic","pa_variante-premium"],"acf":[],"_links":{"self":[{"href":"https:\/\/ocardoo.com\/en\/wp-json\/wp\/v2\/product\/18384","targetHints":{"allow":["GET"]}}],"collection":[{"href":"https:\/\/ocardoo.com\/en\/wp-json\/wp\/v2\/product"}],"about":[{"href":"https:\/\/ocardoo.com\/en\/wp-json\/wp\/v2\/types\/product"}],"author":[{"embeddable":true,"href":"https:\/\/ocardoo.com\/en\/wp-json\/wp\/v2\/users\/20"}],"replies":[{"embeddable":true,"href":"https:\/\/ocardoo.com\/en\/wp-json\/wp\/v2\/comments?post=18384"}],"version-history":[{"count":3,"href":"https:\/\/ocardoo.com\/en\/wp-json\/wp\/v2\/product\/18384\/revisions"}],"predecessor-version":[{"id":18701,"href":"https:\/\/ocardoo.com\/en\/wp-json\/wp\/v2\/product\/18384\/revisions\/18701"}],"wp:featuredmedia":[{"embeddable":true,"href":"https:\/\/ocardoo.com\/en\/wp-json\/wp\/v2\/media\/18277"}],"wp:attachment":[{"href":"https:\/\/ocardoo.com\/en\/wp-json\/wp\/v2\/media?parent=18384"}],"wp:term":[{"taxonomy":"product_cat","embeddable":true,"href":"https:\/\/ocardoo.com\/en\/wp-json\/wp\/v2\/product_cat?post=18384"},{"taxonomy":"product_tag","embeddable":true,"href":"https:\/\/ocardoo.com\/en\/wp-json\/wp\/v2\/product_tag?post=18384"}],"curies":[{"name":"wp","href":"https:\/\/api.w.org\/{rel}","templated":true}]}}